{"id":93,"date":"2009-03-17T10:06:58","date_gmt":"2009-03-17T08:06:58","guid":{"rendered":"http:\/\/www.eklg.hu\/wp\/?page_id=93"},"modified":"2025-08-31T08:42:04","modified_gmt":"2025-08-31T06:42:04","slug":"kapcsolat","status":"publish","type":"page","link":"http:\/\/www.eklg.hu\/index.php\/kapcsolat\/","title":{"rendered":"Kapcsolat"},"content":{"rendered":"\n<figure class=\"wp-block-table is-style-stripes\"><table class=\"has-fixed-layout\"><tbody><tr><td><strong>Levelez\u00e9si c\u00edm:<\/strong><\/td><td>\n<div style=\"text-align: left;\"><b>Ny\u00edregyh\u00e1zi Evang\u00e9likus Kossuth Lajos Gimn\u00e1zium<\/b><\/div>\n<div style=\"text-align: left;\"><b>4400 Ny\u00edregyh\u00e1za, Szent Istv\u00e1n utca 17-19.<\/b><\/div>\n<\/td><\/tr><tr><td><strong>OM azonos\u00edt\u00f3:<\/strong><\/td><td>033650<\/td><\/tr><tr><td><strong>Ad\u00f3sz\u00e1ma:<\/strong><\/td><td>19209953-1-15<\/td><\/tr><tr><td><strong>E-mail:<\/strong><\/td><td><div>igazgat\u00f3 e-mail-c\u00edme:&nbsp;<b><a href=\"mailto:tamasmorauszky@eklg.hu\" target=\"_blank\" rel=\"noopener\">ruboczb@eklg.hu<\/a><\/b><\/div> <div>titk\u00e1rs\u00e1g e-mail-c\u00edme:&nbsp;<b><a href=\"mailto:eklgtitkarsag@netra.hu\" target=\"_blank\" rel=\"noopener\"><\/a><a href=\"mailto:titkarsag@eklg.hu\" target=\"_blank\" rel=\"noreferrer noopener\">titkarsag@eklg.hu<\/a><\/b><\/div> <div>gazdas\u00e1gi iroda e-mail-c\u00edme:&nbsp;<b><a href=\"mailto:eklggazdasag@netra.hu\" target=\"_blank\" rel=\"noopener\"><\/a><a href=\"mailto:gazdasag@eklg.hu\" target=\"_blank\" rel=\"noreferrer noopener\">gazdasag@eklg.hu<\/a><\/b><\/div><\/td><\/tr><tr><td><strong>Tel.:<\/strong><\/td><td>42\/410-031<\/td><\/tr><tr><td><strong>Fax:<\/strong><\/td><td>42\/500-690<\/td><\/tr><tr><td><strong>Mobil:<\/strong><\/td><td>20\/824-61-79<\/td><\/tr><\/tbody><\/table><\/figure>\n\n\n\n<h3 class=\"wp-block-heading\">A Gimn\u00e1zium Alap\u00edtv\u00e1nya:<\/h3>\n\n\n\n<p><strong>Ny\u00edregyh\u00e1zi Evang\u00e9likus Kossuth Lajos Gimn\u00e1zium\u00e9rt Alap\u00edtv\u00e1ny<\/strong><br>4400 Ny\u00edregyh\u00e1za, Szent Istv\u00e1n utca 17-19.<br><strong>Ad\u00f3sz\u00e1ma:<\/strong> 18796104-1-15<br><strong>Banksz\u00e1mlasz\u00e1ma: <\/strong>11744003-20355797<\/p>\n","protected":false},"excerpt":{"rendered":"<p>Levelez\u00e9si c\u00edm: Ny\u00edregyh\u00e1zi Evang\u00e9likus Kossuth Lajos Gimn\u00e1zium 4400 Ny\u00edregyh\u00e1za, Szent Istv\u00e1n utca 17-19. OM azonos\u00edt\u00f3: 033650 Ad\u00f3sz\u00e1ma: 19209953-1-15 E-mail: igazgat\u00f3 &hellip; <\/p>\n","protected":false},"author":41,"featured_media":0,"parent":0,"menu_order":4,"comment_status":"closed","ping_status":"closed","template":"","meta":{"ngg_post_thumbnail":0,"footnotes":""},"class_list":["post-93","page","type-page","status-publish","hentry"],"_links":{"self":[{"href":"http:\/\/www.eklg.hu\/index.php\/wp-json\/wp\/v2\/pages\/93","targetHints":{"allow":["GET"]}}],"collection":[{"href":"http:\/\/www.eklg.hu\/index.php\/wp-json\/wp\/v2\/pages"}],"about":[{"href":"http:\/\/www.eklg.hu\/index.php\/wp-json\/wp\/v2\/types\/page"}],"author":[{"embeddable":true,"href":"http:\/\/www.eklg.hu\/index.php\/wp-json\/wp\/v2\/users\/41"}],"replies":[{"embeddable":true,"href":"http:\/\/www.eklg.hu\/index.php\/wp-json\/wp\/v2\/comments?post=93"}],"version-history":[{"count":25,"href":"http:\/\/www.eklg.hu\/index.php\/wp-json\/wp\/v2\/pages\/93\/revisions"}],"predecessor-version":[{"id":11519,"href":"http:\/\/www.eklg.hu\/index.php\/wp-json\/wp\/v2\/pages\/93\/revisions\/11519"}],"wp:attachment":[{"href":"http:\/\/www.eklg.hu\/index.php\/wp-json\/wp\/v2\/media?parent=93"}],"curies":[{"name":"wp","href":"https:\/\/api.w.org\/{rel}","templated":true}]}}