{"id":7021,"date":"2023-06-15T09:47:00","date_gmt":"2023-06-15T07:47:00","guid":{"rendered":"http:\/\/www.eklg.hu\/?page_id=7021"},"modified":"2023-11-09T10:00:42","modified_gmt":"2023-11-09T09:00:42","slug":"erasmus-2021-2027","status":"publish","type":"page","link":"http:\/\/www.eklg.hu\/index.php\/erasmus-2021-2027\/","title":{"rendered":"<strong>Erasmus+ 2021-2027<\/strong>"},"content":{"rendered":"\n<p>A Ny\u00edregyh\u00e1zi Evang\u00e9likus Kossuth Lajos Gimn\u00e1zium sikeres p\u00e1ly\u00e1zat \u00fatj\u00e1n akkredit\u00e1lt iskola a k\u00f6znevel\u00e9s szektorban 2021-2027 k\u00f6z\u00f6tt!<\/p>\n\n\n\n<p>Erasmus+ fokozza a t\u00f6bb r\u00e9sztvev\u0151 \u00e9s a szervezetek\/int\u00e9zm\u00e9nyek sz\u00e9lesebb k\u00f6re sz\u00e1m\u00e1ra k\u00edn\u00e1lt lehet\u0151s\u00e9gek b\u0151v\u00edt\u00e9s\u00e9re ir\u00e1nyul\u00f3 er\u0151fesz\u00edt\u00e9seit, k\u00fcl\u00f6n\u00f6s tekintettel a program min\u0151s\u00e9gi hat\u00e1s\u00e1ra, \u00e9s hozz\u00e1j\u00e1rul a befogad\u00f3bb, \u00f6sszetart\u00f3bb, k\u00f6rnyezetbar\u00e1tabb \u00e9s digit\u00e1lisan felk\u00e9sz\u00fclt t\u00e1rsadalmakhoz.<\/p>\n\n\n\n<p>Az Erasmus az Eur\u00f3pai Uni\u00f3 egyik legsikeresebb programjak\u00e9nt tartj\u00e1k sz\u00e1mon: a r\u00e9sztvev\u0151ket \u00e9letre sz\u00f3l\u00f3 mobilit\u00e1si tapasztalatokkal gazdag\u00edtja \u00e9s el\u0151mozd\u00edtja az eur\u00f3paiak k\u00f6z\u00f6tti egyet\u00e9rt\u00e9st.<\/p>\n\n\n\n<p>\u00a0EKLG \u00a0OID:\u00a0\u00a0E10151021<\/p>\n\n\n\n<figure class=\"wp-block-image size-full\"><img loading=\"lazy\" decoding=\"async\" width=\"1024\" height=\"747\" src=\"http:\/\/www.eklg.hu\/wp-content\/uploads\/2023\/11\/akkreditacios-oklevel.jpg\" alt=\"\" class=\"wp-image-7032\" srcset=\"http:\/\/www.eklg.hu\/wp-content\/uploads\/2023\/11\/akkreditacios-oklevel.jpg 1024w, http:\/\/www.eklg.hu\/wp-content\/uploads\/2023\/11\/akkreditacios-oklevel-300x219.jpg 300w, http:\/\/www.eklg.hu\/wp-content\/uploads\/2023\/11\/akkreditacios-oklevel-768x560.jpg 768w\" sizes=\"auto, (max-width: 1024px) 100vw, 1024px\" \/><\/figure>\n\n\n\n<h2 class=\"wp-block-heading\"><a href=\"http:\/\/www.eklg.hu\/index.php\/category\/erasmus-ka121-sch-2023-2024-koznevelesi-mobilitasi-projektek\/\">Erasmus KA121-SCH 2023-2024 k\u00f6znevel\u00e9si mobilit\u00e1si projektek<\/a><\/h2>\n\n\n\n<ul class=\"wp-block-list\">\n<li><a href=\"http:\/\/www.eklg.hu\/wp-admin\/term.php?taxonomy=category&amp;tag_ID=285&amp;post_type=post&amp;wp_http_referer=%2Fwp-admin%2Fedit-tags.php%3Ftaxonomy%3Dcategory\">Kurzusok (tan\u00e1ri)<\/a><\/li>\n\n\n\n<li><a href=\"http:\/\/www.eklg.hu\/index.php\/category\/erasmus-ka121-sch-2023-2024-koznevelesi-mobilitasi-projektek\/diakmobilitasok\/\">Di\u00e1kmobilit\u00e1sok<\/a><\/li>\n\n\n\n<li><a href=\"http:\/\/www.eklg.hu\/index.php\/category\/erasmus-ka121-sch-2023-2024-koznevelesi-mobilitasi-projektek\/job-shadowing\/\">Job shadowing<\/a><\/li>\n<\/ul>\n","protected":false},"excerpt":{"rendered":"<p>A Ny\u00edregyh\u00e1zi Evang\u00e9likus Kossuth Lajos Gimn\u00e1zium sikeres p\u00e1ly\u00e1zat \u00fatj\u00e1n akkredit\u00e1lt iskola a k\u00f6znevel\u00e9s szektorban 2021-2027 k\u00f6z\u00f6tt! Erasmus+ fokozza a t\u00f6bb &hellip; <\/p>\n","protected":false},"author":1,"featured_media":0,"parent":0,"menu_order":0,"comment_status":"closed","ping_status":"closed","template":"","meta":{"ngg_post_thumbnail":0,"footnotes":""},"class_list":["post-7021","page","type-page","status-publish","hentry"],"_links":{"self":[{"href":"http:\/\/www.eklg.hu\/index.php\/wp-json\/wp\/v2\/pages\/7021","targetHints":{"allow":["GET"]}}],"collection":[{"href":"http:\/\/www.eklg.hu\/index.php\/wp-json\/wp\/v2\/pages"}],"about":[{"href":"http:\/\/www.eklg.hu\/index.php\/wp-json\/wp\/v2\/types\/page"}],"author":[{"embeddable":true,"href":"http:\/\/www.eklg.hu\/index.php\/wp-json\/wp\/v2\/users\/1"}],"replies":[{"embeddable":true,"href":"http:\/\/www.eklg.hu\/index.php\/wp-json\/wp\/v2\/comments?post=7021"}],"version-history":[{"count":5,"href":"http:\/\/www.eklg.hu\/index.php\/wp-json\/wp\/v2\/pages\/7021\/revisions"}],"predecessor-version":[{"id":7033,"href":"http:\/\/www.eklg.hu\/index.php\/wp-json\/wp\/v2\/pages\/7021\/revisions\/7033"}],"wp:attachment":[{"href":"http:\/\/www.eklg.hu\/index.php\/wp-json\/wp\/v2\/media?parent=7021"}],"curies":[{"name":"wp","href":"https:\/\/api.w.org\/{rel}","templated":true}]}}