{"id":6877,"date":"2023-10-11T14:41:01","date_gmt":"2023-10-11T12:41:01","guid":{"rendered":"http:\/\/www.eklg.hu\/?page_id=6877"},"modified":"2025-09-15T09:16:45","modified_gmt":"2025-09-15T07:16:45","slug":"fontosabb-datumok","status":"publish","type":"page","link":"http:\/\/www.eklg.hu\/index.php\/tartozz-kozenk-legyel-te-is-kossuthos\/fontosabb-datumok\/","title":{"rendered":"Fontosabb d\u00e1tumok"},"content":{"rendered":"\n<ul class=\"wp-block-list\">\n<li><strong>Jelentkez\u00e9s k\u00f6zponti felv\u00e9teli vizsg\u00e1ra:<br><\/strong>2025. december 01.<\/li>\n\n\n\n<li><strong>\u00cdr\u00e1sbeli vizsga id\u0151pontja:<br><\/strong>2026. janu\u00e1r 24. 10:00<\/li>\n\n\n\n<li><strong>Megtekint\u00e9s:<br><\/strong>2026. janu\u00e1r 30. 8.00 \u2013 16.00<\/li>\n\n\n\n<li><strong>Jelentkez\u00e9si lap bead\u00e1si hat\u00e1rideje:<br><\/strong>2026. febru\u00e1r 19. (Lelk\u00e9szi aj\u00e1nl\u00e1ssal \u2013 honlapunkr\u00f3l let\u00f6lthet\u0151)<\/li>\n\n\n\n<li><strong>Sz\u00f3beli felv\u00e9teli:<br><\/strong>2026. m\u00e1rcius 02 \u2013 m\u00e1rcius 19.\u00a0 (T\u00e1j\u00e9koz\u00f3d\u00e1s az iskola honlapj\u00e1n)<\/li>\n\n\n\n<li><strong>Rangsor m\u00f3dos\u00edt\u00e1sa:<br><\/strong>2026. m\u00e1rcius 25-27.<\/li>\n<\/ul>\n","protected":false},"excerpt":{"rendered":"","protected":false},"author":1,"featured_media":0,"parent":6242,"menu_order":0,"comment_status":"closed","ping_status":"closed","template":"","meta":{"ngg_post_thumbnail":0,"footnotes":""},"class_list":["post-6877","page","type-page","status-publish","hentry"],"_links":{"self":[{"href":"http:\/\/www.eklg.hu\/index.php\/wp-json\/wp\/v2\/pages\/6877","targetHints":{"allow":["GET"]}}],"collection":[{"href":"http:\/\/www.eklg.hu\/index.php\/wp-json\/wp\/v2\/pages"}],"about":[{"href":"http:\/\/www.eklg.hu\/index.php\/wp-json\/wp\/v2\/types\/page"}],"author":[{"embeddable":true,"href":"http:\/\/www.eklg.hu\/index.php\/wp-json\/wp\/v2\/users\/1"}],"replies":[{"embeddable":true,"href":"http:\/\/www.eklg.hu\/index.php\/wp-json\/wp\/v2\/comments?post=6877"}],"version-history":[{"count":3,"href":"http:\/\/www.eklg.hu\/index.php\/wp-json\/wp\/v2\/pages\/6877\/revisions"}],"predecessor-version":[{"id":11650,"href":"http:\/\/www.eklg.hu\/index.php\/wp-json\/wp\/v2\/pages\/6877\/revisions\/11650"}],"up":[{"embeddable":true,"href":"http:\/\/www.eklg.hu\/index.php\/wp-json\/wp\/v2\/pages\/6242"}],"wp:attachment":[{"href":"http:\/\/www.eklg.hu\/index.php\/wp-json\/wp\/v2\/media?parent=6877"}],"curies":[{"name":"wp","href":"https:\/\/api.w.org\/{rel}","templated":true}]}}