{"id":6855,"date":"2023-10-11T14:21:55","date_gmt":"2023-10-11T12:21:55","guid":{"rendered":"http:\/\/www.eklg.hu\/?page_id=6855"},"modified":"2023-10-11T14:36:50","modified_gmt":"2023-10-11T12:36:50","slug":"altalanos-gimnaziumi-osztaly-0010","status":"publish","type":"page","link":"http:\/\/www.eklg.hu\/index.php\/tartozz-kozenk-legyel-te-is-kossuthos\/tagozataink\/altalanos-gimnaziumi-osztaly-0010\/","title":{"rendered":"<strong>\u00c1ltal\u00e1nos gimn\u00e1ziumi oszt\u00e1ly (0010)<\/strong>"},"content":{"rendered":"<div class=\"wp-block-image\">\n<figure class=\"alignright size-large is-resized\"><img loading=\"lazy\" decoding=\"async\" src=\"http:\/\/www.eklg.hu\/wp-content\/uploads\/2023\/10\/Tanar-diak-korus-1024x576.jpg\" alt=\"\" class=\"wp-image-6859\" width=\"256\" height=\"144\" srcset=\"http:\/\/www.eklg.hu\/wp-content\/uploads\/2023\/10\/Tanar-diak-korus-1024x576.jpg 1024w, http:\/\/www.eklg.hu\/wp-content\/uploads\/2023\/10\/Tanar-diak-korus-300x169.jpg 300w, http:\/\/www.eklg.hu\/wp-content\/uploads\/2023\/10\/Tanar-diak-korus-768x432.jpg 768w, http:\/\/www.eklg.hu\/wp-content\/uploads\/2023\/10\/Tanar-diak-korus-1536x864.jpg 1536w, http:\/\/www.eklg.hu\/wp-content\/uploads\/2023\/10\/Tanar-diak-korus-848x480.jpg 848w, http:\/\/www.eklg.hu\/wp-content\/uploads\/2023\/10\/Tanar-diak-korus.jpg 1920w\" sizes=\"auto, (max-width: 256px) 100vw, 256px\" \/><\/figure>\n<\/div>\n\n\n<p>Az \u00e1ltal\u00e1nos tagozatot azoknak a di\u00e1koknak javasoljuk, akik m\u00e9g nem tudj\u00e1k eld\u00f6nteni, milyen ir\u00e1nyban szeretn\u00e9nek tov\u00e1bbtanulni. Az alacsonyabb \u00f3rasz\u00e1m lehet\u0151v\u00e9 teszi, hogy a tanul\u00f3 az \u00e9rdekl\u0151d\u00e9s\u00e9nek megfelel\u0151 szabadid\u0151s tev\u00e9kenys\u00e9get v\u00e1lassza: sport, sz\u00ednj\u00e1tsz\u00e1s, k\u00f3rus\u00e9nekl\u00e9s. 11-12. \u00e9vfolyamban csatlakozni lehet az emelt \u00f3rasz\u00e1m\u00fa fakult\u00e1ci\u00f3s k\u00e9pz\u00e9shez.<\/p>\n\n\n\n<p>FELV\u00c9TELI K\u00d6VETELM\u00c9NY:<\/p>\n\n\n<div class=\"wp-block-image\">\n<figure class=\"alignright size-large is-resized\"><img loading=\"lazy\" decoding=\"async\" src=\"http:\/\/www.eklg.hu\/wp-content\/uploads\/2023\/10\/1.-Szurkolas-kozben-1024x576.jpg\" alt=\"\" class=\"wp-image-6860\" width=\"256\" height=\"144\" srcset=\"http:\/\/www.eklg.hu\/wp-content\/uploads\/2023\/10\/1.-Szurkolas-kozben-1024x576.jpg 1024w, http:\/\/www.eklg.hu\/wp-content\/uploads\/2023\/10\/1.-Szurkolas-kozben-300x169.jpg 300w, http:\/\/www.eklg.hu\/wp-content\/uploads\/2023\/10\/1.-Szurkolas-kozben-768x432.jpg 768w, http:\/\/www.eklg.hu\/wp-content\/uploads\/2023\/10\/1.-Szurkolas-kozben-1536x864.jpg 1536w, http:\/\/www.eklg.hu\/wp-content\/uploads\/2023\/10\/1.-Szurkolas-kozben-848x480.jpg 848w, http:\/\/www.eklg.hu\/wp-content\/uploads\/2023\/10\/1.-Szurkolas-kozben.jpg 1920w\" sizes=\"auto, (max-width: 256px) 100vw, 256px\" \/><\/figure>\n<\/div>\n\n\n<ul class=\"wp-block-list\">\n<li>7. oszt\u00e1ly \u00e9v v\u00e9gi, 8. oszt\u00e1ly f\u00e9l\u00e9vi eredm\u00e9nyek a k\u00e9szs\u00e9gt\u00e1rgyak kiv\u00e9tel\u00e9vel.<\/li>\n\n\n\n<li>K\u00f6zponti \u00edr\u00e1sbeli felv\u00e9teli magyar nyelv \u00e9s irodalomb\u00f3l, illetve matematik\u00e1b\u00f3l.<\/li>\n\n\n\n<li>\u00c1ltal\u00e1nos elbesz\u00e9lget\u00e9s<\/li>\n<\/ul>\n\n\n\n<p>PONTOK SZ\u00c1M\u00cdT\u00c1SA<\/p>\n\n\n\n<figure class=\"wp-block-table is-style-stripes\"><table><tbody><tr><td class=\"has-text-align-center\" data-align=\"center\">Szerzett pontok:<\/td><td class=\"has-text-align-center\" data-align=\"center\">50 pont<\/td><td><\/td><\/tr><tr><td class=\"has-text-align-center\" data-align=\"center\">Hozott pontok:<\/td><td class=\"has-text-align-center\" data-align=\"center\">30 pont<\/td><td><\/td><\/tr><tr><td class=\"has-text-align-center\" data-align=\"center\">Sz\u00f3beli elbesz\u00e9lget\u00e9s:<\/td><td class=\"has-text-align-center\" data-align=\"center\">20 pont<\/td><td><\/td><\/tr><tr><td class=\"has-text-align-center\" data-align=\"center\">\u00d6sszesen:<\/td><td class=\"has-text-align-center\" data-align=\"center\">100 pont<\/td><td><\/td><\/tr><\/tbody><\/table><\/figure>\n","protected":false},"excerpt":{"rendered":"<p>Az \u00e1ltal\u00e1nos tagozatot azoknak a di\u00e1koknak javasoljuk, akik m\u00e9g nem tudj\u00e1k eld\u00f6nteni, milyen ir\u00e1nyban szeretn\u00e9nek tov\u00e1bbtanulni. Az alacsonyabb \u00f3rasz\u00e1m lehet\u0151v\u00e9 &hellip; <\/p>\n","protected":false},"author":1,"featured_media":6857,"parent":6824,"menu_order":0,"comment_status":"closed","ping_status":"closed","template":"","meta":{"ngg_post_thumbnail":0,"footnotes":""},"class_list":["post-6855","page","type-page","status-publish","has-post-thumbnail","hentry"],"_links":{"self":[{"href":"http:\/\/www.eklg.hu\/index.php\/wp-json\/wp\/v2\/pages\/6855","targetHints":{"allow":["GET"]}}],"collection":[{"href":"http:\/\/www.eklg.hu\/index.php\/wp-json\/wp\/v2\/pages"}],"about":[{"href":"http:\/\/www.eklg.hu\/index.php\/wp-json\/wp\/v2\/types\/page"}],"author":[{"embeddable":true,"href":"http:\/\/www.eklg.hu\/index.php\/wp-json\/wp\/v2\/users\/1"}],"replies":[{"embeddable":true,"href":"http:\/\/www.eklg.hu\/index.php\/wp-json\/wp\/v2\/comments?post=6855"}],"version-history":[{"count":3,"href":"http:\/\/www.eklg.hu\/index.php\/wp-json\/wp\/v2\/pages\/6855\/revisions"}],"predecessor-version":[{"id":6874,"href":"http:\/\/www.eklg.hu\/index.php\/wp-json\/wp\/v2\/pages\/6855\/revisions\/6874"}],"up":[{"embeddable":true,"href":"http:\/\/www.eklg.hu\/index.php\/wp-json\/wp\/v2\/pages\/6824"}],"wp:featuredmedia":[{"embeddable":true,"href":"http:\/\/www.eklg.hu\/index.php\/wp-json\/wp\/v2\/media\/6857"}],"wp:attachment":[{"href":"http:\/\/www.eklg.hu\/index.php\/wp-json\/wp\/v2\/media?parent=6855"}],"curies":[{"name":"wp","href":"https:\/\/api.w.org\/{rel}","templated":true}]}}