{"id":6839,"date":"2023-10-11T14:16:43","date_gmt":"2023-10-11T12:16:43","guid":{"rendered":"http:\/\/www.eklg.hu\/?page_id=6839"},"modified":"2023-10-11T14:36:17","modified_gmt":"2023-10-11T12:36:17","slug":"emelt-szintu-termeszettudomanyos-tagozat","status":"publish","type":"page","link":"http:\/\/www.eklg.hu\/index.php\/tartozz-kozenk-legyel-te-is-kossuthos\/tagozataink\/emelt-szintu-termeszettudomanyos-tagozat\/","title":{"rendered":"<strong>Emelt szint\u0171 term\u00e9szettudom\u00e1nyos tagozat<\/strong>"},"content":{"rendered":"\n<ul class=\"wp-block-list\">\n<li>0070 Fizika-matematika<\/li>\n\n\n\n<li>0080 Biol\u00f3gia-k\u00e9mia<\/li>\n<\/ul>\n\n\n<div class=\"wp-block-image\">\n<figure class=\"alignright size-large is-resized\"><img loading=\"lazy\" decoding=\"async\" src=\"http:\/\/www.eklg.hu\/wp-content\/uploads\/2023\/10\/Fizikai-kiserlet-1024x576.jpg\" alt=\"\" class=\"wp-image-6841\" width=\"256\" height=\"144\" srcset=\"http:\/\/www.eklg.hu\/wp-content\/uploads\/2023\/10\/Fizikai-kiserlet-1024x576.jpg 1024w, http:\/\/www.eklg.hu\/wp-content\/uploads\/2023\/10\/Fizikai-kiserlet-300x169.jpg 300w, http:\/\/www.eklg.hu\/wp-content\/uploads\/2023\/10\/Fizikai-kiserlet-768x432.jpg 768w, http:\/\/www.eklg.hu\/wp-content\/uploads\/2023\/10\/Fizikai-kiserlet-1536x864.jpg 1536w, http:\/\/www.eklg.hu\/wp-content\/uploads\/2023\/10\/Fizikai-kiserlet-848x480.jpg 848w, http:\/\/www.eklg.hu\/wp-content\/uploads\/2023\/10\/Fizikai-kiserlet.jpg 1920w\" sizes=\"auto, (max-width: 256px) 100vw, 256px\" \/><\/figure>\n<\/div>\n\n\n<p><strong>Term\u00e9szettudom\u00e1nyos tagozataink<\/strong>on a szak\u00f3r\u00e1k modern k\u00f6r\u00fclm\u00e9nyek k\u00f6z\u00f6tt, az \u00fagynevezett digit\u00e1lis \u00f6ko-laborokban folynak, amelyekben a k\u00eds\u00e9rletek, gyakorlati foglalkoz\u00e1sok lehet\u0151s\u00e9get ny\u00fajtanak a di\u00e1kok sz\u00e1m\u00e1ra az ismeretek m\u00e9g eredm\u00e9nyesebb elsaj\u00e1t\u00edt\u00e1s\u00e1ra. Az emelt \u00f3rasz\u00e1m lehet\u0151v\u00e9 teszi a c\u00e9lir\u00e1nyos felk\u00e9sz\u00fcl\u00e9st a k\u00f6z\u00e9piskol\u00e1t k\u00f6vet\u0151 \u00e9vekre.&nbsp;<\/p>\n\n\n\n<p>FELV\u00c9TELI K\u00d6VETELM\u00c9NY:<\/p>\n\n\n<div class=\"wp-block-image\">\n<figure class=\"alignright size-large is-resized\"><img loading=\"lazy\" decoding=\"async\" src=\"http:\/\/www.eklg.hu\/wp-content\/uploads\/2023\/10\/Langolo-kez-1024x576.jpg\" alt=\"\" class=\"wp-image-6842\" width=\"256\" height=\"144\" srcset=\"http:\/\/www.eklg.hu\/wp-content\/uploads\/2023\/10\/Langolo-kez-1024x576.jpg 1024w, http:\/\/www.eklg.hu\/wp-content\/uploads\/2023\/10\/Langolo-kez-300x169.jpg 300w, http:\/\/www.eklg.hu\/wp-content\/uploads\/2023\/10\/Langolo-kez-768x432.jpg 768w, http:\/\/www.eklg.hu\/wp-content\/uploads\/2023\/10\/Langolo-kez-1536x864.jpg 1536w, http:\/\/www.eklg.hu\/wp-content\/uploads\/2023\/10\/Langolo-kez-848x480.jpg 848w, http:\/\/www.eklg.hu\/wp-content\/uploads\/2023\/10\/Langolo-kez.jpg 1920w\" sizes=\"auto, (max-width: 256px) 100vw, 256px\" \/><\/figure>\n<\/div>\n\n\n<ul class=\"wp-block-list\">\n<li>7. oszt\u00e1ly \u00e9v v\u00e9gi, 8. oszt\u00e1ly f\u00e9l\u00e9vi eredm\u00e9nyek a k\u00e9szs\u00e9gt\u00e1rgyak kiv\u00e9tel\u00e9vel. A matematika, fizika \/ biol\u00f3gia, k\u00e9mia tant\u00e1rgy \u00e9v v\u00e9gi eredm\u00e9nyeit k\u00e9tszeres szorz\u00f3val sz\u00e1m\u00edtjuk.<\/li>\n\n\n\n<li>K\u00f6zponti \u00edr\u00e1sbeli felv\u00e9teli magyar nyelv \u00e9s irodalomb\u00f3l, illetve matematik\u00e1b\u00f3l.<\/li>\n\n\n\n<li>\u00c1ltal\u00e1nos elbesz\u00e9lget\u00e9s<\/li>\n<\/ul>\n\n\n\n<p>PONTOK SZ\u00c1M\u00cdT\u00c1SA<\/p>\n\n\n\n<figure class=\"wp-block-table is-style-stripes\"><table><tbody><tr><td class=\"has-text-align-center\" data-align=\"center\">Szerzett pontok:<\/td><td class=\"has-text-align-center\" data-align=\"center\">50 pont<\/td><td><\/td><\/tr><tr><td class=\"has-text-align-center\" data-align=\"center\">Hozott pontok:<\/td><td class=\"has-text-align-center\" data-align=\"center\">30 pont<\/td><td><\/td><\/tr><tr><td class=\"has-text-align-center\" data-align=\"center\">Sz\u00f3beli elbesz\u00e9lget\u00e9s:<\/td><td class=\"has-text-align-center\" data-align=\"center\">20 pont<\/td><td><\/td><\/tr><tr><td class=\"has-text-align-center\" data-align=\"center\">\u00d6sszesen:<\/td><td class=\"has-text-align-center\" data-align=\"center\">100 pont<\/td><td><\/td><\/tr><\/tbody><\/table><\/figure>\n","protected":false},"excerpt":{"rendered":"<p>Term\u00e9szettudom\u00e1nyos tagozatainkon a szak\u00f3r\u00e1k modern k\u00f6r\u00fclm\u00e9nyek k\u00f6z\u00f6tt, az \u00fagynevezett digit\u00e1lis \u00f6ko-laborokban folynak, amelyekben a k\u00eds\u00e9rletek, gyakorlati foglalkoz\u00e1sok lehet\u0151s\u00e9get ny\u00fajtanak a &hellip; <\/p>\n","protected":false},"author":1,"featured_media":6840,"parent":6824,"menu_order":0,"comment_status":"closed","ping_status":"closed","template":"","meta":{"ngg_post_thumbnail":0,"footnotes":""},"class_list":["post-6839","page","type-page","status-publish","has-post-thumbnail","hentry"],"_links":{"self":[{"href":"http:\/\/www.eklg.hu\/index.php\/wp-json\/wp\/v2\/pages\/6839","targetHints":{"allow":["GET"]}}],"collection":[{"href":"http:\/\/www.eklg.hu\/index.php\/wp-json\/wp\/v2\/pages"}],"about":[{"href":"http:\/\/www.eklg.hu\/index.php\/wp-json\/wp\/v2\/types\/page"}],"author":[{"embeddable":true,"href":"http:\/\/www.eklg.hu\/index.php\/wp-json\/wp\/v2\/users\/1"}],"replies":[{"embeddable":true,"href":"http:\/\/www.eklg.hu\/index.php\/wp-json\/wp\/v2\/comments?post=6839"}],"version-history":[{"count":3,"href":"http:\/\/www.eklg.hu\/index.php\/wp-json\/wp\/v2\/pages\/6839\/revisions"}],"predecessor-version":[{"id":6873,"href":"http:\/\/www.eklg.hu\/index.php\/wp-json\/wp\/v2\/pages\/6839\/revisions\/6873"}],"up":[{"embeddable":true,"href":"http:\/\/www.eklg.hu\/index.php\/wp-json\/wp\/v2\/pages\/6824"}],"wp:featuredmedia":[{"embeddable":true,"href":"http:\/\/www.eklg.hu\/index.php\/wp-json\/wp\/v2\/media\/6840"}],"wp:attachment":[{"href":"http:\/\/www.eklg.hu\/index.php\/wp-json\/wp\/v2\/media?parent=6839"}],"curies":[{"name":"wp","href":"https:\/\/api.w.org\/{rel}","templated":true}]}}