{"id":6828,"date":"2023-10-11T14:08:25","date_gmt":"2023-10-11T12:08:25","guid":{"rendered":"http:\/\/www.eklg.hu\/?page_id=6828"},"modified":"2026-01-15T09:24:49","modified_gmt":"2026-01-15T08:24:49","slug":"emelt-szintu-idegen-nyelvi-tagozat","status":"publish","type":"page","link":"http:\/\/www.eklg.hu\/index.php\/tartozz-kozenk-legyel-te-is-kossuthos\/tagozataink\/emelt-szintu-idegen-nyelvi-tagozat\/","title":{"rendered":"<strong>Emelt szint\u0171 idegen nyelvi tagozat<\/strong>"},"content":{"rendered":"<div class=\"wp-block-image\">\n<figure class=\"alignright size-full is-resized\"><img loading=\"lazy\" decoding=\"async\" src=\"http:\/\/www.eklg.hu\/wp-content\/uploads\/2023\/10\/Olasz-31..jpg\" alt=\"\" class=\"wp-image-6831\" width=\"192\" height=\"192\" srcset=\"http:\/\/www.eklg.hu\/wp-content\/uploads\/2023\/10\/Olasz-31..jpg 768w, http:\/\/www.eklg.hu\/wp-content\/uploads\/2023\/10\/Olasz-31.-300x300.jpg 300w, http:\/\/www.eklg.hu\/wp-content\/uploads\/2023\/10\/Olasz-31.-150x150.jpg 150w, http:\/\/www.eklg.hu\/wp-content\/uploads\/2023\/10\/Olasz-31.-70x70.jpg 70w, http:\/\/www.eklg.hu\/wp-content\/uploads\/2023\/10\/Olasz-31.-246x246.jpg 246w, http:\/\/www.eklg.hu\/wp-content\/uploads\/2023\/10\/Olasz-31.-276x276.jpg 276w, http:\/\/www.eklg.hu\/wp-content\/uploads\/2023\/10\/Olasz-31.-125x125.jpg 125w\" sizes=\"auto, (max-width: 192px) 100vw, 192px\" \/><figcaption class=\"wp-element-caption\">Olaszorsz\u00e1g<\/figcaption><\/figure>\n<\/div>\n\n\n<ul class=\"wp-block-list\">\n<li>0020 emelt szint\u0171 angol nyelvi oszt\u00e1ly&nbsp; (halad\u00f3)<\/li>\n\n\n\n<li>0030 emelt szint\u0171 n\u00e9met nyelvi oszt\u00e1ly (kezd\u0151)<\/li>\n\n\n\n<li>0050 emelt szint\u0171 olasz nyelvi oszt\u00e1ly (kezd\u0151)<\/li>\n<\/ul>\n\n\n\n<p>Az <strong>emelt szint\u0171 nyelvi k\u00e9pz\u00e9s<\/strong>en heti 5 \u00f3r\u00e1ban tanulj\u00e1k a di\u00e1kok a f\u0151 nyelvet. Tagozatos tanul\u00f3ink k\u00f6z\u00fcl sokan tesznek el\u0151rehozott \u00e9retts\u00e9git, \u00edgy lehet\u0151s\u00e9g\u00fck ny\u00edlik arra, hogy a m\u00e1sodikk\u00e9nt v\u00e1lasztott idegen nyelvre koncentr\u00e1ljanak az utols\u00f3 gimn\u00e1ziumi \u00e9vekben.<\/p>\n\n\n<div class=\"wp-block-image\">\n<figure class=\"alignright size-large is-resized\"><img loading=\"lazy\" decoding=\"async\" src=\"http:\/\/www.eklg.hu\/wp-content\/uploads\/2023\/10\/Holland19.-1024x576.jpg\" alt=\"\" class=\"wp-image-6833\" width=\"256\" height=\"144\" srcset=\"http:\/\/www.eklg.hu\/wp-content\/uploads\/2023\/10\/Holland19.-1024x576.jpg 1024w, http:\/\/www.eklg.hu\/wp-content\/uploads\/2023\/10\/Holland19.-300x169.jpg 300w, http:\/\/www.eklg.hu\/wp-content\/uploads\/2023\/10\/Holland19.-768x432.jpg 768w, http:\/\/www.eklg.hu\/wp-content\/uploads\/2023\/10\/Holland19.-1536x864.jpg 1536w, http:\/\/www.eklg.hu\/wp-content\/uploads\/2023\/10\/Holland19.-848x480.jpg 848w, http:\/\/www.eklg.hu\/wp-content\/uploads\/2023\/10\/Holland19..jpg 1920w\" sizes=\"auto, (max-width: 256px) 100vw, 256px\" \/><figcaption class=\"wp-element-caption\">Hollandia<\/figcaption><\/figure>\n<\/div>\n\n\n<p>A tanul\u00f3k nyelvtud\u00e1sukat k\u00fclf\u00f6ldi utaz\u00e1si lehet\u0151s\u00e9gek sor\u00e1n tudj\u00e1k hasznos\u00edtani. Az Erasmus+ program keret\u00e9ben t\u00f6bbek k\u00f6z\u00f6tt Spanyolorsz\u00e1gba, N\u00e9metorsz\u00e1gba, Litv\u00e1ni\u00e1ba juthatnak el.<\/p>\n\n\n\n<p>FELV\u00c9TELI K\u00d6VETELM\u00c9NY:<\/p>\n\n\n\n<ul class=\"wp-block-list\">\n<li>7. oszt\u00e1ly \u00e9v v\u00e9gi, 8. oszt\u00e1ly f\u00e9l\u00e9vi eredm\u00e9nyek a k\u00e9szs\u00e9gt\u00e1rgyak kiv\u00e9tel\u00e9vel.<\/li>\n\n\n\n<li>K\u00f6zponti \u00edr\u00e1sbeli felv\u00e9teli magyar nyelv \u00e9s irodalomb\u00f3l, illetve matematik\u00e1b\u00f3l.<\/li>\n\n\n\n<li>Elbesz\u00e9lget\u00e9s angol tagozaton angol nyelven, n\u00e9met \u00e9s olasz tagozaton magyar nyelven. (Az angol sz\u00f3beli felv\u00e9teli t\u00e9mak\u00f6rei honlapunkon megtal\u00e1lhat\u00f3ak.)<\/li>\n<\/ul>\n\n\n\n<p>PONTOK SZ\u00c1M\u00cdT\u00c1SA<\/p>\n\n\n\n<figure class=\"wp-block-table is-style-stripes\"><table><tbody><tr><td class=\"has-text-align-center\" data-align=\"center\">Szerzett pontok:<\/td><td class=\"has-text-align-center\" data-align=\"center\">50 pont<\/td><td><\/td><\/tr><tr><td class=\"has-text-align-center\" data-align=\"center\">Hozott pontok:<\/td><td class=\"has-text-align-center\" data-align=\"center\">30 pont<\/td><td><\/td><\/tr><tr><td class=\"has-text-align-center\" data-align=\"center\">Sz\u00f3beli elbesz\u00e9lget\u00e9s:<\/td><td class=\"has-text-align-center\" data-align=\"center\">20 pont<\/td><td><\/td><\/tr><tr><td class=\"has-text-align-center\" data-align=\"center\">\u00d6sszesen:<\/td><td class=\"has-text-align-center\" data-align=\"center\">100 pont<\/td><td><\/td><\/tr><\/tbody><\/table><\/figure>\n","protected":false},"excerpt":{"rendered":"<p>Az emelt szint\u0171 nyelvi k\u00e9pz\u00e9sen heti 5 \u00f3r\u00e1ban tanulj\u00e1k a di\u00e1kok a f\u0151 nyelvet. Tagozatos tanul\u00f3ink k\u00f6z\u00fcl sokan tesznek el\u0151rehozott &hellip; <\/p>\n","protected":false},"author":1,"featured_media":12265,"parent":6824,"menu_order":0,"comment_status":"closed","ping_status":"closed","template":"","meta":{"ngg_post_thumbnail":0,"footnotes":""},"class_list":["post-6828","page","type-page","status-publish","has-post-thumbnail","hentry"],"_links":{"self":[{"href":"http:\/\/www.eklg.hu\/index.php\/wp-json\/wp\/v2\/pages\/6828","targetHints":{"allow":["GET"]}}],"collection":[{"href":"http:\/\/www.eklg.hu\/index.php\/wp-json\/wp\/v2\/pages"}],"about":[{"href":"http:\/\/www.eklg.hu\/index.php\/wp-json\/wp\/v2\/types\/page"}],"author":[{"embeddable":true,"href":"http:\/\/www.eklg.hu\/index.php\/wp-json\/wp\/v2\/users\/1"}],"replies":[{"embeddable":true,"href":"http:\/\/www.eklg.hu\/index.php\/wp-json\/wp\/v2\/comments?post=6828"}],"version-history":[{"count":7,"href":"http:\/\/www.eklg.hu\/index.php\/wp-json\/wp\/v2\/pages\/6828\/revisions"}],"predecessor-version":[{"id":7774,"href":"http:\/\/www.eklg.hu\/index.php\/wp-json\/wp\/v2\/pages\/6828\/revisions\/7774"}],"up":[{"embeddable":true,"href":"http:\/\/www.eklg.hu\/index.php\/wp-json\/wp\/v2\/pages\/6824"}],"wp:featuredmedia":[{"embeddable":true,"href":"http:\/\/www.eklg.hu\/index.php\/wp-json\/wp\/v2\/media\/12265"}],"wp:attachment":[{"href":"http:\/\/www.eklg.hu\/index.php\/wp-json\/wp\/v2\/media?parent=6828"}],"curies":[{"name":"wp","href":"https:\/\/api.w.org\/{rel}","templated":true}]}}