{"id":6274,"date":"2022-10-20T09:17:39","date_gmt":"2022-10-20T07:17:39","guid":{"rendered":"http:\/\/www.eklg.hu\/?page_id=6274"},"modified":"2025-11-06T17:07:27","modified_gmt":"2025-11-06T16:07:27","slug":"tanarok-fogadoorai","status":"publish","type":"page","link":"http:\/\/www.eklg.hu\/index.php\/magunkrol\/tanarok-fogadoorai\/","title":{"rendered":"Tan\u00e1rok fogad\u00f3\u00f3r\u00e1i"},"content":{"rendered":"\n<figure class=\"wp-block-table\"><table class=\"has-fixed-layout\"><tbody><tr><td>&nbsp;<\/td><td><em>Teljes munkaid\u0151ben foglalkoztatott:<\/em><em><\/em><\/td><td><strong>nap<\/strong><strong><\/strong><\/td><td><strong>\u00f3ra<\/strong><strong><\/strong><\/td><\/tr><tr><td>1.<\/td><td>Ballyn\u00e9 Fazekas Judit<\/td><td><strong>cs\u00fct\u00f6rt\u00f6k<\/strong><strong><\/strong><\/td><td><strong>2.<\/strong><strong><\/strong><\/td><\/tr><tr><td>2.<\/td><td>Bark\u00f3 Lajos L\u00e1szl\u00f3<\/td><td><strong>szerda<\/strong><strong><\/strong><\/td><td><strong>5.<\/strong><strong><\/strong><\/td><\/tr><tr><td>3.<\/td><td>Barta Imre<\/td><td><strong>cs\u00fct\u00f6rt\u00f6k<\/strong><strong><\/strong><\/td><td><strong>4.<\/strong><strong><\/strong><\/td><\/tr><tr><td>4.<\/td><td>Bogd\u00e1n Gabriella<\/td><td><strong>h\u00e9tf\u0151<\/strong><strong><\/strong><\/td><td><strong>9.<\/strong><strong><\/strong><\/td><\/tr><tr><td>5.<\/td><td>Bozor\u00e1dy Zsuzsanna<\/td><td><strong>h\u00e9tf\u0151<\/strong><strong><\/strong><\/td><td><strong>8.<\/strong><strong><\/strong><\/td><\/tr><tr><td>6.<\/td><td>Buss Korn\u00e9lia<\/td><td><strong>h\u00e9tf\u0151<\/strong><strong><\/strong><\/td><td><strong>6.<\/strong><strong><\/strong><\/td><\/tr><tr><td>7.<\/td><td>Dobos Eszter<\/td><td><strong>h\u00e9tf\u0151<\/strong><strong><\/strong><\/td><td><strong>6.<\/strong><strong><\/strong><\/td><\/tr><tr><td>8.<\/td><td>Dobos-Cserfalvi Csilla<\/td><td><strong>kedd<\/strong><strong><\/strong><\/td><td><strong>4.<\/strong><strong><\/strong><\/td><\/tr><tr><td>9.<\/td><td>Dr. Dezs\u0151n\u00e9 Majoros Lilla<\/td><td><strong>cs\u00fct\u00f6rt\u00f6k<\/strong><strong><\/strong><\/td><td><strong>6.<\/strong><strong><\/strong><\/td><\/tr><tr><td>10.<\/td><td>Dr. Oroszn\u00e9 Herczeg Anna<\/td><td><strong>cs\u00fct\u00f6rt\u00f6k<\/strong><strong><\/strong><\/td><td><strong>3.<\/strong><strong><\/strong><\/td><\/tr><tr><td>11.<\/td><td>Dr. Tarn\u00f3czi Rich\u00e1rdn\u00e9 Dank\u00f3 Ildik\u00f3<\/td><td><strong>szerda<\/strong><strong><\/strong><\/td><td><strong>3.<\/strong><strong><\/strong><\/td><\/tr><tr><td>12.<\/td><td>Dr. Vincze Katalin<\/td><td><strong>kedd<\/strong><strong><\/strong><\/td><td><strong>6.<\/strong><strong><\/strong><\/td><\/tr><tr><td>13.<\/td><td>Erdei-S\u00e1ndor T\u00edmea<\/td><td><strong>kedd<\/strong><strong><\/strong><\/td><td><strong>2.<\/strong><strong><\/strong><\/td><\/tr><tr><td>14.<\/td><td>Feh\u00e9rn\u00e9 Moln\u00e1r Marianna<\/td><td><strong>h\u00e9tf\u0151<\/strong><strong><\/strong><\/td><td><strong>2.<\/strong><strong><\/strong><\/td><\/tr><tr><td>15.<\/td><td>Haizer Tiborn\u00e9<\/td><td><strong>szerda<\/strong><strong><\/strong><\/td><td><strong>3.<\/strong><strong><\/strong><\/td><\/tr><tr><td>16.<\/td><td>Harascs\u00e1kn\u00e9 Papp Andrea<\/td><td><strong>h\u00e9tf\u0151<\/strong><strong><\/strong><\/td><td><strong>9.<\/strong><strong><\/strong><\/td><\/tr><tr><td>17.<\/td><td>Haraszti Ad\u00e9l<\/td><td><strong>p\u00e9ntek<\/strong><strong><\/strong><\/td><td>&nbsp;<\/td><\/tr><tr><td>18.<\/td><td>Heiner Ferenc<\/td><td><strong>kedd<\/strong><strong><\/strong><\/td><td><strong>5.<\/strong><strong><\/strong><\/td><\/tr><tr><td>19.<\/td><td>Homor\u00f3di Antaln\u00e9<\/td><td><strong>Bejelentkez\u00e9s<\/strong><strong> <\/strong><strong>alapj\u00e1n<\/strong><strong><\/strong><\/td><td>&nbsp;<\/td><\/tr><tr><td>20.<\/td><td>Juh\u00e1sz Attila<\/td><td><strong>kedd<\/strong><strong><\/strong><\/td><td><strong>3.<\/strong><strong><\/strong><\/td><\/tr><tr><td>21.<\/td><td>Juh\u00e1sz P\u00e9ter<\/td><td><strong>szerda<\/strong><strong><\/strong><\/td><td><strong>5.<\/strong><strong><\/strong><\/td><\/tr><tr><td>22.<\/td><td>Juh\u00e1sz Tam\u00e1s<\/td><td><strong>kedd<\/strong><strong><\/strong><\/td><td><strong>4.<\/strong><strong><\/strong><\/td><\/tr><tr><td>23.<\/td><td>K\u00e9zsm\u00e1rki \u00c1gnes<\/td><td><strong>szerda<\/strong><strong><\/strong><\/td><td><strong>3.<\/strong><strong><\/strong><\/td><\/tr><tr><td>24.<\/td><td>K\u00f6bli Melinda<\/td><td><strong>h\u00e9tf\u0151<\/strong><strong><\/strong><\/td><td><strong>5.<\/strong><strong><\/strong><\/td><\/tr><tr><td>25.<\/td><td>L\u00e1z\u00e1r Katalin<\/td><td><strong>cs\u00fct\u00f6rt\u00f6k<\/strong><strong><\/strong><\/td><td><strong>3.<\/strong><strong><\/strong><\/td><\/tr><tr><td>26.<\/td><td>M\u00e1ty\u00e1s-Erd\u00e9lyi T\u00fcnde<\/td><td><strong>szerda<\/strong><strong><\/strong><\/td><td><strong>3.<\/strong><strong><\/strong><\/td><\/tr><tr><td>27.<\/td><td>M\u00e1ty\u00e1si P\u00e9ter<\/td><td><strong>cs\u00fct\u00f6rt\u00f6k<\/strong><strong><\/strong><\/td><td><strong>2.<\/strong><strong><\/strong><\/td><\/tr><tr><td>28.<\/td><td>Mil\u00e9n\u00e9 Varga Andrea<\/td><td><strong>kedd<\/strong><strong><\/strong><\/td><td><strong>3.<\/strong><strong><\/strong><\/td><\/tr><tr><td>29.<\/td><td>Moln\u00e1r Bettina<\/td><td><strong>h\u00e9tf\u0151<\/strong><strong><\/strong><\/td><td><strong>6.<\/strong><strong><\/strong><\/td><\/tr><tr><td>30.<\/td><td>Nagyh\u00e1zi Zsuzsanna<\/td><td><strong>h\u00e9tf\u0151<\/strong><strong><\/strong><\/td><td><strong>6.<\/strong><strong><\/strong><\/td><\/tr><tr><td>31.<\/td><td>Orb\u00e1n Ir\u00e9n<\/td><td><strong>kedd<\/strong><strong><\/strong><\/td><td><strong>4.<\/strong><strong><\/strong><\/td><\/tr><tr><td>32.<\/td><td>Pazonyi Gy\u00f6rgy Istv\u00e1n<\/td><td><strong>kedd<\/strong><strong><\/strong><\/td><td><strong>5.<\/strong><strong><\/strong><\/td><\/tr><tr><td>33.<\/td><td>Perny\u00e1k Anita<\/td><td><strong>cs\u00fct\u00f6rt\u00f6k<\/strong><strong><\/strong><\/td><td><strong>4.<\/strong><strong><\/strong><\/td><\/tr><tr><td>34.<\/td><td>Peth\u0151 K\u00e1roly<\/td><td><strong>h\u00e9tf\u0151<\/strong><strong><\/strong><\/td><td><strong>5.<\/strong><strong><\/strong><\/td><\/tr><tr><td>35.<\/td><td>Petrusn\u00e9 Kizman \u00c1gnes<\/td><td><strong>kedd<\/strong><strong><\/strong><\/td><td><strong>2.<\/strong><strong><\/strong><\/td><\/tr><tr><td>36.<\/td><td>Pint\u00e9n\u00e9 Kosina Judit<\/td><td><strong>szerda<\/strong><strong><\/strong><\/td><td><strong>5.<\/strong><strong><\/strong><\/td><\/tr><tr><td>37.<\/td><td>Rozsnyai Al\u00edz<\/td><td><strong>kedd<\/strong><strong><\/strong><\/td><td><strong>3.<\/strong><strong><\/strong><\/td><\/tr><tr><td>38.<\/td><td>Rub\u00f3czki B\u00e9la<\/td><td><strong>Bejelentkez\u00e9s<\/strong><strong> <\/strong><strong>alapj\u00e1n<\/strong><strong><\/strong><\/td><td>&nbsp;<\/td><\/tr><tr><td>39.<\/td><td>Siska P\u00e9ter<\/td><td><strong>h\u00e9tf\u0151<\/strong><strong><\/strong><\/td><td><strong>2.<\/strong><strong><\/strong><\/td><\/tr><tr><td>40.<\/td><td>Somosk\u0151i D\u00e9nes<\/td><td><strong>kedd<\/strong><strong><\/strong><\/td><td><strong>3.<\/strong><strong><\/strong><\/td><\/tr><tr><td>41.<\/td><td>Sztankula-Szab\u00f3 \u00c1gnes Erzs\u00e9bet<\/td><td><strong>szerda<\/strong><strong><\/strong><\/td><td><strong>5.<\/strong><strong><\/strong><\/td><\/tr><tr><td>42.<\/td><td>Tam\u00e1s Melinda<\/td><td><strong>h\u00e9tf\u0151<\/strong><strong><\/strong><\/td><td><strong>6.<\/strong><strong><\/strong><\/td><\/tr><tr><td>43.<\/td><td>T\u00f3th Di\u00e1na<\/td><td><strong>h\u00e9tf\u0151<\/strong><strong><\/strong><\/td><td><strong>4.<\/strong><strong><\/strong><\/td><\/tr><tr><td>44.<\/td><td>Varga Erzs\u00e9bet<\/td><td><strong>cs\u00fct\u00f6rt\u00f6k<\/strong><strong><\/strong><\/td><td><strong>2.<\/strong><strong><\/strong><\/td><\/tr><tr><td>45.<\/td><td>Vill\u00e1s N\u00e1ndor<\/td><td><strong>h\u00e9tf\u0151<\/strong><strong><\/strong><\/td><td><strong>4.<\/strong><strong><\/strong><\/td><\/tr><tr><td>&nbsp;<\/td><td><em>R\u00e9szmunkaid\u0151ben<\/em><em> <\/em><em>foglalkoztatott:<\/em><em><\/em><\/td><td>&nbsp;<\/td><td>&nbsp;<\/td><\/tr><tr><td>1.<\/td><td>Dr. Kerekes Rita<\/td><td>&nbsp;<\/td><td><a href=\"mailto:kerekesrita@eklg.hu\">kerekesrita@eklg.hu<\/a><\/td><\/tr><tr><td>2.<\/td><td>Marcsekn\u00e9 Vet\u00e9si J\u00falia<\/td><td>&nbsp;<\/td><td>&nbsp;<\/td><\/tr><tr><td>3.<\/td><td>Szapora-Koll\u00e1t Beatrix Eszter<\/td><td><strong>cs\u00fct\u00f6rt\u00f6k<\/strong><strong><\/strong><\/td><td><strong>4.<\/strong><strong><\/strong><\/td><\/tr><tr><td>&nbsp;<\/td><td><em>\u00d3raad\u00f3<\/em><em><\/em><\/td><td>&nbsp;<\/td><td>&nbsp;<\/td><\/tr><tr><td>1.<\/td><td>Pazonyi Gy\u00f6rgy (testnevel\u00e9s)<\/td><td><strong>cs\u00fct\u00f6rt\u00f6k<\/strong><strong><\/strong><\/td><td><strong>4.<\/strong><strong><\/strong><\/td><\/tr><tr><td>2.<\/td><td>Jeles Em\u0151ke (francia)<\/td><td><strong>kedd 3.<\/strong><\/td><td><a href=\"mailto:jeles@hotmail.com\">jeles@hotmail.com<\/a><\/td><\/tr><tr><td>&nbsp;<\/td><td><em>Iskolalelk\u00e9sz:<\/em><em><\/em><\/td><td>&nbsp;<\/td><td>&nbsp;<\/td><\/tr><tr><td>1.<\/td><td>Bozor\u00e1dy Ildik\u00f3<\/td><td><strong>Bejelentkez\u00e9s<\/strong><strong> <\/strong><strong>alapj\u00e1n<\/strong><strong><\/strong><\/td><td>&nbsp;<\/td><\/tr><tr><td>&nbsp;<\/td><td><em>Vall\u00e1stan\u00e1rok:<\/em><em><\/em><\/td><td>&nbsp;<\/td><td>&nbsp;<\/td><\/tr><tr><td>1.<\/td><td>Dr. Jenei P\u00e9ter (ref)<\/td><td>&nbsp;<\/td><td>&nbsp;<\/td><\/tr><tr><td>2.<\/td><td>P\u00e9tern\u00e9 Vancz\u00e1k Rita (rk)<\/td><td>&nbsp;<\/td><td>&nbsp;<\/td><\/tr><tr><td>3.<\/td><td>Juhos Imre (rk)<\/td><td>&nbsp;<\/td><td>&nbsp;<\/td><\/tr><tr><td>4.<\/td><td>Prekup Erzs\u00e9bet (gk)<\/td><td>&nbsp;<\/td><td>&nbsp;<\/td><\/tr><tr><td>5.<\/td><td>Makay G\u00e1born\u00e9 (ref)<\/td><td>&nbsp;<\/td><td>&nbsp;<\/td><\/tr><\/tbody><\/table><\/figure>\n","protected":false},"excerpt":{"rendered":"<p>&nbsp; Teljes munkaid\u0151ben foglalkoztatott: nap \u00f3ra 1. Ballyn\u00e9 Fazekas Judit cs\u00fct\u00f6rt\u00f6k 2. 2. Bark\u00f3 Lajos L\u00e1szl\u00f3 szerda 5. 3. Barta &hellip; <\/p>\n","protected":false},"author":1,"featured_media":0,"parent":2,"menu_order":0,"comment_status":"closed","ping_status":"closed","template":"","meta":{"ngg_post_thumbnail":0,"footnotes":""},"class_list":["post-6274","page","type-page","status-publish","hentry"],"_links":{"self":[{"href":"http:\/\/www.eklg.hu\/index.php\/wp-json\/wp\/v2\/pages\/6274","targetHints":{"allow":["GET"]}}],"collection":[{"href":"http:\/\/www.eklg.hu\/index.php\/wp-json\/wp\/v2\/pages"}],"about":[{"href":"http:\/\/www.eklg.hu\/index.php\/wp-json\/wp\/v2\/types\/page"}],"author":[{"embeddable":true,"href":"http:\/\/www.eklg.hu\/index.php\/wp-json\/wp\/v2\/users\/1"}],"replies":[{"embeddable":true,"href":"http:\/\/www.eklg.hu\/index.php\/wp-json\/wp\/v2\/comments?post=6274"}],"version-history":[{"count":9,"href":"http:\/\/www.eklg.hu\/index.php\/wp-json\/wp\/v2\/pages\/6274\/revisions"}],"predecessor-version":[{"id":11906,"href":"http:\/\/www.eklg.hu\/index.php\/wp-json\/wp\/v2\/pages\/6274\/revisions\/11906"}],"up":[{"embeddable":true,"href":"http:\/\/www.eklg.hu\/index.php\/wp-json\/wp\/v2\/pages\/2"}],"wp:attachment":[{"href":"http:\/\/www.eklg.hu\/index.php\/wp-json\/wp\/v2\/media?parent=6274"}],"curies":[{"name":"wp","href":"https:\/\/api.w.org\/{rel}","templated":true}]}}