{"id":6242,"date":"2022-10-03T08:31:49","date_gmt":"2022-10-03T06:31:49","guid":{"rendered":"http:\/\/www.eklg.hu\/?page_id=6242"},"modified":"2026-01-09T17:38:16","modified_gmt":"2026-01-09T16:38:16","slug":"tartozz-kozenk-legyel-te-is-kossuthos","status":"publish","type":"page","link":"http:\/\/www.eklg.hu\/index.php\/tartozz-kozenk-legyel-te-is-kossuthos\/","title":{"rendered":"Tartozz k\u00f6z\u00e9nk, Legy\u00e9l te is kossuthos!!!"},"content":{"rendered":"\n<figure class=\"wp-block-image size-large\"><img loading=\"lazy\" decoding=\"async\" width=\"1024\" height=\"576\" src=\"http:\/\/www.eklg.hu\/wp-content\/uploads\/2021\/10\/eklg-hirdetes-2022_24-1024x576.jpg\" alt=\"\" class=\"wp-image-6240\" srcset=\"http:\/\/www.eklg.hu\/wp-content\/uploads\/2021\/10\/eklg-hirdetes-2022_24-1024x576.jpg 1024w, http:\/\/www.eklg.hu\/wp-content\/uploads\/2021\/10\/eklg-hirdetes-2022_24-300x169.jpg 300w, http:\/\/www.eklg.hu\/wp-content\/uploads\/2021\/10\/eklg-hirdetes-2022_24-768x432.jpg 768w, http:\/\/www.eklg.hu\/wp-content\/uploads\/2021\/10\/eklg-hirdetes-2022_24-1536x864.jpg 1536w, http:\/\/www.eklg.hu\/wp-content\/uploads\/2021\/10\/eklg-hirdetes-2022_24.jpg 1920w\" sizes=\"auto, (max-width: 1024px) 100vw, 1024px\" \/><\/figure>\n\n\n\n<!--more-->\n\n\n\n<p>Bemutatkoz\u00f3 kisfilmjeinket itt tal\u00e1lod!<\/p>\n\n\n\n<figure class=\"wp-block-embed is-type-rich is-provider-be-gyaz-s-kezel wp-block-embed-be-gyaz-s-kezel wp-embed-aspect-16-9 wp-has-aspect-ratio\"><div class=\"wp-block-embed__wrapper\">\n<iframe loading=\"lazy\" title=\"Tartozz k\u00f6z\u00e9nk!\" width=\"750\" height=\"422\" src=\"https:\/\/www.youtube.com\/embed\/7Yl3BXRhqME?feature=oembed\" frameborder=\"0\" allow=\"accelerometer; autoplay; clipboard-write; encrypted-media; gyroscope; picture-in-picture; web-share\" referrerpolicy=\"strict-origin-when-cross-origin\" allowfullscreen><\/iframe>\n<\/div><figcaption class=\"wp-element-caption\">R\u00f6vid verzi\u00f3<\/figcaption><\/figure>\n\n\n\n<figure class=\"wp-block-embed is-type-video is-provider-youtube wp-block-embed-youtube wp-embed-aspect-16-9 wp-has-aspect-ratio\"><div class=\"wp-block-embed__wrapper\">\n<iframe loading=\"lazy\" title=\"Kossuth Gimn\u00e1zium bemutatkoz\u00f3 film RB\" width=\"750\" height=\"422\" src=\"https:\/\/www.youtube.com\/embed\/wOaLczI7b8k?feature=oembed\" frameborder=\"0\" allow=\"accelerometer; autoplay; clipboard-write; encrypted-media; gyroscope; picture-in-picture; web-share\" referrerpolicy=\"strict-origin-when-cross-origin\" allowfullscreen><\/iframe>\n<\/div><figcaption class=\"wp-element-caption\">Hosszabb verzi\u00f3<\/figcaption><\/figure>\n","protected":false},"excerpt":{"rendered":"","protected":false},"author":1,"featured_media":6240,"parent":0,"menu_order":0,"comment_status":"closed","ping_status":"closed","template":"","meta":{"ngg_post_thumbnail":0,"footnotes":""},"class_list":["post-6242","page","type-page","status-publish","has-post-thumbnail","hentry"],"_links":{"self":[{"href":"http:\/\/www.eklg.hu\/index.php\/wp-json\/wp\/v2\/pages\/6242","targetHints":{"allow":["GET"]}}],"collection":[{"href":"http:\/\/www.eklg.hu\/index.php\/wp-json\/wp\/v2\/pages"}],"about":[{"href":"http:\/\/www.eklg.hu\/index.php\/wp-json\/wp\/v2\/types\/page"}],"author":[{"embeddable":true,"href":"http:\/\/www.eklg.hu\/index.php\/wp-json\/wp\/v2\/users\/1"}],"replies":[{"embeddable":true,"href":"http:\/\/www.eklg.hu\/index.php\/wp-json\/wp\/v2\/comments?post=6242"}],"version-history":[{"count":4,"href":"http:\/\/www.eklg.hu\/index.php\/wp-json\/wp\/v2\/pages\/6242\/revisions"}],"predecessor-version":[{"id":12242,"href":"http:\/\/www.eklg.hu\/index.php\/wp-json\/wp\/v2\/pages\/6242\/revisions\/12242"}],"wp:featuredmedia":[{"embeddable":true,"href":"http:\/\/www.eklg.hu\/index.php\/wp-json\/wp\/v2\/media\/6240"}],"wp:attachment":[{"href":"http:\/\/www.eklg.hu\/index.php\/wp-json\/wp\/v2\/media?parent=6242"}],"curies":[{"name":"wp","href":"https:\/\/api.w.org\/{rel}","templated":true}]}}