{"id":55,"date":"2009-03-16T11:23:42","date_gmt":"2009-03-16T09:23:42","guid":{"rendered":"http:\/\/www.eklg.hu\/wp\/?page_id=55"},"modified":"2025-10-15T09:06:24","modified_gmt":"2025-10-15T07:06:24","slug":"alapdokumentumok","status":"publish","type":"page","link":"http:\/\/www.eklg.hu\/index.php\/magunkrol\/alapdokumentumok\/","title":{"rendered":"Alapdokumentumok"},"content":{"rendered":"<ul>\n<li><a href=\"http:\/\/www.eklg.hu\/dokumentumok\/kozzeteteli\/utemterv.pdf\">Munkaterv<\/a><\/li>\n<li><a href=\"http:\/\/www.eklg.hu\/dokumentumok\/kozzeteteli\/hazirend.pdf\">H\u00e1zirend<\/a><\/li>\n<li><a href=\"http:\/\/www.eklg.hu\/dokumentumok\/szmsz.pdf\">Szervezeti \u00e9s M\u0171k\u00f6d\u00e9si Szab\u00e1lyzat<\/a><\/li>\n<li><a href=\"http:\/\/www.eklg.hu\/dokumentumok\/pp.pdf\">Pedag\u00f3giai Program<\/a><\/li>\n<li><a href=\"http:\/\/www.eklg.hu\/dokumentumok\/vizsgaszabalyzat.pdf\">Vizsgaszab\u00e1lyzat<\/a><\/li>\n<li><a href=\"http:\/\/www.eklg.hu\/dokumentumok\/tankonyvtari_szabalyzat.pdf\">Tank\u00f6nyvt\u00e1ri szab\u00e1lyzat<\/a><\/li>\n<li><a href=\"http:\/\/www.eklg.hu\/dokumentumok\/visszaeles_bejelentesi_szabalyzat_2024.pdf\">Vissza\u00e9l\u00e9s-bejelent\u00e9si szab\u00e1lyzat<\/a><\/li>\n<\/ul>\n","protected":false},"excerpt":{"rendered":"<p>Munkaterv H\u00e1zirend Szervezeti \u00e9s M\u0171k\u00f6d\u00e9si Szab\u00e1lyzat Pedag\u00f3giai Program Vizsgaszab\u00e1lyzat Tank\u00f6nyvt\u00e1ri szab\u00e1lyzat Vissza\u00e9l\u00e9s-bejelent\u00e9si szab\u00e1lyzat<\/p>\n","protected":false},"author":1,"featured_media":0,"parent":2,"menu_order":0,"comment_status":"closed","ping_status":"closed","template":"","meta":{"ngg_post_thumbnail":0,"footnotes":""},"class_list":["post-55","page","type-page","status-publish","hentry"],"_links":{"self":[{"href":"http:\/\/www.eklg.hu\/index.php\/wp-json\/wp\/v2\/pages\/55","targetHints":{"allow":["GET"]}}],"collection":[{"href":"http:\/\/www.eklg.hu\/index.php\/wp-json\/wp\/v2\/pages"}],"about":[{"href":"http:\/\/www.eklg.hu\/index.php\/wp-json\/wp\/v2\/types\/page"}],"author":[{"embeddable":true,"href":"http:\/\/www.eklg.hu\/index.php\/wp-json\/wp\/v2\/users\/1"}],"replies":[{"embeddable":true,"href":"http:\/\/www.eklg.hu\/index.php\/wp-json\/wp\/v2\/comments?post=55"}],"version-history":[{"count":56,"href":"http:\/\/www.eklg.hu\/index.php\/wp-json\/wp\/v2\/pages\/55\/revisions"}],"predecessor-version":[{"id":11841,"href":"http:\/\/www.eklg.hu\/index.php\/wp-json\/wp\/v2\/pages\/55\/revisions\/11841"}],"up":[{"embeddable":true,"href":"http:\/\/www.eklg.hu\/index.php\/wp-json\/wp\/v2\/pages\/2"}],"wp:attachment":[{"href":"http:\/\/www.eklg.hu\/index.php\/wp-json\/wp\/v2\/media?parent=55"}],"curies":[{"name":"wp","href":"https:\/\/api.w.org\/{rel}","templated":true}]}}