{"id":5267,"date":"2020-10-16T12:03:16","date_gmt":"2020-10-16T10:03:16","guid":{"rendered":"http:\/\/www.eklg.hu\/?page_id=5267"},"modified":"2020-11-29T09:47:35","modified_gmt":"2020-11-29T08:47:35","slug":"emelt-szintu-informatika-tagozat-media-szakirannyal","status":"publish","type":"page","link":"http:\/\/www.eklg.hu\/index.php\/felvetelizoknek\/emelt-szintu-informatika-tagozat-media-szakirannyal\/","title":{"rendered":"Emelt szint\u0171 informatika tagozat m\u00e9dia szakir\u00e1nnyal"},"content":{"rendered":"<p><em><img loading=\"lazy\" decoding=\"async\" class=\"alignright size-medium wp-image-5268\" src=\"http:\/\/www.eklg.hu\/wp-content\/uploads\/2020\/10\/media_informatika-300x200.jpg\" alt=\"\" width=\"300\" height=\"200\" srcset=\"http:\/\/www.eklg.hu\/wp-content\/uploads\/2020\/10\/media_informatika.jpg 300w, http:\/\/www.eklg.hu\/wp-content\/uploads\/2020\/10\/media_informatika-150x100.jpg 150w\" sizes=\"auto, (max-width: 300px) 100vw, 300px\" \/>Informatikai ismeretek a m\u00e9dia szolg\u00e1lat\u00e1ban<\/em><\/p>\n<p style=\"text-align: left;\">A tagozat tanul\u00f3i a n\u00e9gy \u00e9v sor\u00e1n megtanulj\u00e1k a nyomtatott \u00e9s az elektronikus sajt\u00f3term\u00e9kek k\u00e9sz\u00edt\u00e9s\u00e9nek m\u00f3dj\u00e1t, elsaj\u00e1t\u00edtj\u00e1k a fot\u00f3z\u00e1s, a filmk\u00e9sz\u00edt\u00e9s \u00e9s a komplex m\u00e9diaterm\u00e9kek el\u0151\u00e1ll\u00edt\u00e1s\u00e1nak folyamat\u00e1t. Az oktat\u00e1s sor\u00e1n nagy hangs\u00falyt fektet\u00fcnk az informatikai h\u00e1tt\u00e9rre mind harveres, mind szoftveres ter\u00fcleten. Korszer\u0171 infokommunik\u00e1ci\u00f3s eszk\u00f6z\u00f6kkel, fot\u00f3 \u00e9s vide\u00f3technikai h\u00e1tt\u00e9rrel, oktat\u00f3 telev\u00edzi\u00f3 st\u00fadi\u00f3val \u00e9s j\u00f3l k\u00e9pzett pedag\u00f3gusokkal v\u00e1rjuk leend\u0151 tanul\u00f3inkat.&nbsp;<\/p>\n\n\n<center><figure class=\"wp-block-video\"><iframe loading=\"lazy\" width=\"560\" height=\"315\" src=\"https:\/\/www.youtube.com\/embed\/5qHaxxlRoaM\" frameborder=\"0\" allow=\"accelerometer; autoplay; clipboard-write; encrypted-media; gyroscope; picture-in-picture\" allowfullscreen=\"\"><\/iframe><\/figure><\/center>\n\n\n\n<center><iframe loading=\"lazy\" width=\"560\" height=\"315\" src=\"https:\/\/www.youtube.com\/embed\/C94A_33TpdI\" frameborder=\"0\" allow=\"accelerometer; autoplay; clipboard-write; encrypted-media; gyroscope; picture-in-picture\" allowfullscreen><\/iframe><\/center>\n","protected":false},"excerpt":{"rendered":"<p>Informatikai ismeretek a m\u00e9dia szolg\u00e1lat\u00e1ban A tagozat tanul\u00f3i a n\u00e9gy \u00e9v sor\u00e1n megtanulj\u00e1k a nyomtatott \u00e9s az elektronikus sajt\u00f3term\u00e9kek k\u00e9sz\u00edt\u00e9s\u00e9nek &hellip; <\/p>\n","protected":false},"author":1,"featured_media":0,"parent":5175,"menu_order":0,"comment_status":"closed","ping_status":"closed","template":"","meta":{"ngg_post_thumbnail":0,"footnotes":""},"class_list":["post-5267","page","type-page","status-publish","hentry"],"_links":{"self":[{"href":"http:\/\/www.eklg.hu\/index.php\/wp-json\/wp\/v2\/pages\/5267","targetHints":{"allow":["GET"]}}],"collection":[{"href":"http:\/\/www.eklg.hu\/index.php\/wp-json\/wp\/v2\/pages"}],"about":[{"href":"http:\/\/www.eklg.hu\/index.php\/wp-json\/wp\/v2\/types\/page"}],"author":[{"embeddable":true,"href":"http:\/\/www.eklg.hu\/index.php\/wp-json\/wp\/v2\/users\/1"}],"replies":[{"embeddable":true,"href":"http:\/\/www.eklg.hu\/index.php\/wp-json\/wp\/v2\/comments?post=5267"}],"version-history":[{"count":5,"href":"http:\/\/www.eklg.hu\/index.php\/wp-json\/wp\/v2\/pages\/5267\/revisions"}],"predecessor-version":[{"id":6085,"href":"http:\/\/www.eklg.hu\/index.php\/wp-json\/wp\/v2\/pages\/5267\/revisions\/6085"}],"up":[{"embeddable":true,"href":"http:\/\/www.eklg.hu\/index.php\/wp-json\/wp\/v2\/pages\/5175"}],"wp:attachment":[{"href":"http:\/\/www.eklg.hu\/index.php\/wp-json\/wp\/v2\/media?parent=5267"}],"curies":[{"name":"wp","href":"https:\/\/api.w.org\/{rel}","templated":true}]}}