{"id":5206,"date":"2020-10-09T12:13:32","date_gmt":"2020-10-09T10:13:32","guid":{"rendered":"http:\/\/www.eklg.hu\/?page_id=5206"},"modified":"2021-09-14T10:17:49","modified_gmt":"2021-09-14T08:17:49","slug":"oregdiakjaink","status":"publish","type":"page","link":"http:\/\/www.eklg.hu\/index.php\/felvetelizoknek\/oregdiakjaink\/","title":{"rendered":"\u00d6regdi\u00e1kjaink"},"content":{"rendered":"\n<div class=\"wp-block-image\"><figure class=\"alignright size-full\"><img loading=\"lazy\" decoding=\"async\" width=\"130\" height=\"177\" src=\"http:\/\/www.eklg.hu\/wp-content\/uploads\/2021\/09\/szm.jpg\" alt=\"\" class=\"wp-image-5578\" srcset=\"http:\/\/www.eklg.hu\/wp-content\/uploads\/2021\/09\/szm.jpg 130w, http:\/\/www.eklg.hu\/wp-content\/uploads\/2021\/09\/szm-110x150.jpg 110w\" sizes=\"auto, (max-width: 130px) 100vw, 130px\" \/><\/figure><\/div>\n\n\n\n<p><strong>Nagyv\u00e1tin\u00e9 Szak\u00e1cs M\u00f3nika<\/strong> vagyok, az els\u0151 v\u00e9gz\u0151s \u00e9vfolyam hallgat\u00f3jak\u00e9nt, 1993-ban \u00e9retts\u00e9giztem a Ny\u00edregyh\u00e1zi Evang\u00e9likus Kossuth Lajos Gimn\u00e1ziumban. A Dr. B\u00e1nszki Istv\u00e1n igazgat\u00f3 \u00fart\u00f3l kapott a \u201eMinden dolgotok szeretetben menjen v\u00e9gbe\u201d ige parancsa \u00e9letre sz\u00f3l\u00f3 ir\u00e1nymutat\u00e1st jelent sz\u00e1momra. K\u00f6z\u00e9piskolai tan\u00e1raim nem csup\u00e1n a tudom\u00e1nyok vil\u00e1g\u00e1ba vezettek be, hanem az \u00e9letre is tan\u00edtottak. K\u00f6sz\u00f6nettel tartozom, hogy hangs\u00falyt fektettek a hagyom\u00e1nyok \u00e1pol\u00e1s\u00e1n, tisztelet\u00e9n t\u00fal a kor kih\u00edv\u00e1saira v\u00e1laszol\u00f3 min\u0151s\u00e9gi oktat\u00e1sra. K\u00f6z\u00e9piskolai \u00e9veim meghat\u00e1roz\u00f3ak voltak a tov\u00e1bbtanul\u00e1sban is. Debrecenben a Kossuth Lajos Tudom\u00e1nyegyetem t\u00f6rt\u00e9nelem-tan\u00e1r szak\u00e1n v\u00e9geztem, szakdolgozatomat a gimn\u00e1zium t\u00f6rt\u00e9net\u00e9b\u0151l \u00edrtam. A gyermekv\u00e9delemben elt\u00f6lt\u00f6tt \u00e9vek ut\u00e1n a rehabilit\u00e1ci\u00f3 ter\u00fclet\u00e9n szereztem diplom\u00e1t, majd 2006-ban a helyi r\u00e1di\u00f3k vil\u00e1g\u00e1ba cs\u00f6ppentem, ahol jelenleg is szerkeszt\u0151-m\u0171sorvezet\u0151k\u00e9nt dolgozom. A sz\u00fcl\u0151 a gyermek\u00e9nek a legjobbat akarja, \u00edgy nagyon nagy \u00f6r\u00f6mmel t\u00f6lt el, hogy a fiam is a Ny\u00edregyh\u00e1zi Evang\u00e9likus Kossuth Lajos Gimn\u00e1zium tanul\u00f3ja.<\/p>\n\n\n\n<div class=\"wp-block-image\"><figure class=\"alignright size-full\"><img loading=\"lazy\" decoding=\"async\" width=\"130\" height=\"177\" src=\"http:\/\/www.eklg.hu\/wp-content\/uploads\/2021\/09\/ks.jpg\" alt=\"\" class=\"wp-image-5579\" srcset=\"http:\/\/www.eklg.hu\/wp-content\/uploads\/2021\/09\/ks.jpg 130w, http:\/\/www.eklg.hu\/wp-content\/uploads\/2021\/09\/ks-110x150.jpg 110w\" sizes=\"auto, (max-width: 130px) 100vw, 130px\" \/><\/figure><\/div>\n\n\n\n<p><strong>Kov\u00e1cs S\u00e1ndor<\/strong>: Erd\u00e9lyi sz\u00fclet\u00e9s\u0171 l\u00e9v\u00e9n k\u00f6z\u00e9piskolai tanulm\u00e1nyaimat a Szatm\u00e1rn\u00e9meti K\u00f6lcsey Ferenc F\u0151gimn\u00e1ziumban kezdtem meg, majd a Ny\u00edregyh\u00e1zi Evang\u00e9likus Kossuth Lajos Gimn\u00e1zium padjaiban folytattam. Kossuthos \u00e9veimre ma is tiszt\u00e1n eml\u00e9kszem: haverok, buli \u00e9s persze tanul\u00e1s.<br>\u00c9retts\u00e9gi ut\u00e1n a Budapesti M\u0171szaki \u00e9s Gazdas\u00e1gtudom\u00e1nyi Egyetemen tanultam tov\u00e1bb, ahol rep\u00fcl\u0151g\u00e9p\u00e9sz diplom\u00e1t szereztem. Az unalmas \u00e9s monoton munka soha nem volt a kenyerem, az alkot\u00e1st \u00e9s kih\u00edv\u00e1st viszont ann\u00e1l ink\u00e1bb tartom izgalmasnak. Imm\u00e1r 10 \u00e9ve dolgozom a j\u00e1rm\u0171ipar kutat\u00e1s-fejleszt\u00e9si ter\u00fclet\u00e9n. J\u00f3 \u00e9rz\u00e9ssel t\u00f6lt el az a gondolat, hogy az elk\u00f6vetkez\u0151 \u00e9vekben olyan j\u00e1rm\u0171vek fognak k\u00f6zlekedni, amelyeket az itthoni \u00e9s a vil\u00e1g sz\u00e1mos orsz\u00e1g\u00e1ban \u00e9l\u0151 koll\u00e9g\u00e1mmal egy\u00fctt fej\u00adlesztett\u00fcnk ki.<br>A kih\u00edv\u00e1s a mag\u00e1n\u00e9letemb\u0151l sem hi\u00e1nyzik. Feles\u00e9gemmel \u00fajb\u00f3l di\u00e1koknak \u00e9rezz\u00fck magunkat mik\u00f6zben 3 kisgyermek\u00fcnk minden k\u00e9rd\u00e9s\u00e9re pr\u00f3b\u00e1lunk v\u00e1laszt adni. Ha nek\u00fcnk, feln\u0151tteknek gyermekeink minden \u201eMi\u00e9rt k\u00e9k az \u00e9g?\u201e- t\u00edpus\u00fa k\u00e9rd\u00e9s\u00e9re lesz m\u00e1r v\u00e1laszunk, akkor fogjuk tudni, hogy az emberis\u00e9g m\u00e1r mindent feltal\u00e1lt.<\/p>\n\n\n\n<div class=\"wp-block-image\"><figure class=\"alignright size-full\"><img loading=\"lazy\" decoding=\"async\" width=\"130\" height=\"177\" src=\"http:\/\/www.eklg.hu\/wp-content\/uploads\/2021\/09\/bd.jpg\" alt=\"\" class=\"wp-image-5580\" srcset=\"http:\/\/www.eklg.hu\/wp-content\/uploads\/2021\/09\/bd.jpg 130w, http:\/\/www.eklg.hu\/wp-content\/uploads\/2021\/09\/bd-110x150.jpg 110w\" sizes=\"auto, (max-width: 130px) 100vw, 130px\" \/><\/figure><\/div>\n\n\n\n<p><strong>B\u00edr\u00f3 D\u00f3ra<\/strong> vagyok. \u00c9letem legnagyobb \u00e9lm\u00e9nye volt az, hogy kossuthos di\u00e1k lehettem: \u00f6r\u00f6k bar\u00e1ts\u00e1gokat, sz\u00e1mtalan lehet\u0151s\u00e9get \u00e9s verseny\u00adk\u00e9pes tud\u00e1st szereztem, m\u00e1sodik otthon\u00adt kaptam. Kedves eml\u00e9kek f\u0171znek Tan\u00e1raimhoz, akik motiv\u00e1ltak \u00e9s seg\u00edtettek, meghat\u00e1roz\u00f3 r\u00e9szeiv\u00e9 v\u00e1ltak az \u00e9letemnek. Jelenleg v\u00e9gz\u0151s villamos\u00adm\u00e9rn\u00f6k hallgat\u00f3 \u00e9s tan\u00e1rseg\u00e9d vagyok a Debreceni Egyetemen. Ebben az \u00e9vben, \u00e1lmomat megval\u00f3s\u00edtva, fotogr\u00e1fus szakmai k\u00e9pz\u00e9st kezd\u00adtem el Budapesten. Szabadid\u0151mben pedig zen\u00e9lek, az \u0150r\u00e1ll\u00f3 dics\u0151\u00edt\u0151 zenekar \u00e9nekesek\u00e9nt tev\u00e9kenykedem. Ha v\u00e1lasztanom kellene, \u00fajra kossuthos lenn\u00e9k, mert a hitnek k\u00f6z\u00f6ss\u00e9g\u00e9p\u00edt\u0151 ereje van, \u00e9s nem lehetn\u00e9k ott, ahol most vagyok!<\/p>\n\n\n\n<div class=\"wp-block-image\"><figure class=\"alignright\"><img loading=\"lazy\" decoding=\"async\" width=\"130\" height=\"177\" src=\"http:\/\/www.eklg.hu\/wp-content\/uploads\/2020\/10\/bugarin_horvath_andras.jpg\" alt=\"\" class=\"wp-image-5284\" srcset=\"http:\/\/www.eklg.hu\/wp-content\/uploads\/2020\/10\/bugarin_horvath_andras.jpg 130w, http:\/\/www.eklg.hu\/wp-content\/uploads\/2020\/10\/bugarin_horvath_andras-110x150.jpg 110w\" sizes=\"auto, (max-width: 130px) 100vw, 130px\" \/><\/figure><\/div>\n\n\n\n<p><strong>Dr. Bugarin-Horv\u00e1th Andr\u00e1s<\/strong> vagyok, \u00e9letp\u00e1ly\u00e1mnak az orvosi hivat\u00e1st v\u00e1lasztottam, Ibr\u00e1nyban dolgozom h\u00e1ziorvosk\u00e9nt.&nbsp; Kor\u00e1n alap\u00edtottam csal\u00e1dot, azzal a l\u00e1nnyal, akinek m\u00e1r gimnazistak\u00e9nt is udvaroltam. Csal\u00e1dommal egy vadreg\u00e9nyes Tisza-parti birtokon \u00e9lek, h\u00e1rom gy\u00f6ny\u00f6r\u0171 gyermek \u00e9desapja vagyok. Elmondhatom, hogy azt az \u00e9letet \u00e9lem, amire mindig is v\u00e1gytam. Az id\u00e1ig vezet\u0151 \u00fat els\u0151 l\u00e9p\u00e9seit a Kossuth gimn\u00e1ziumban tettem meg, \u00e9s az\u00f3ta is h\u00e1l\u00e1s vagyok \u00e9rte, hogy Kossuth-di\u00e1k lehettem. Iskolai \u00e9veimb\u0151l k\u00e9t fontos dolgot emeln\u00e9k ki, ami meghat\u00e1roz\u00f3 volt sz\u00e1momra. Az egyik az, hogy t\u00f6bb olyan tan\u00e1rom is volt, akik szem\u00e9lyis\u00e9g\u00fckkel, kisug\u00e1rz\u00e1sukkal p\u00e9ldak\u00e9p\u00fcl szolg\u00e1ltak annak a kamasz fi\u00fanak, aki akkor voltam. Az iskolai k\u00f6z\u00f6ss\u00e9g a m\u00e1sik fontos dolog, amit kiemeln\u00e9k, hiszen ebben a j\u00f3 szellemis\u00e9g\u0171 iskol\u00e1ban nem volt neh\u00e9z \u00e9letre sz\u00f3l\u00f3 bar\u00e1ts\u00e1goknak kov\u00e1csol\u00f3dniuk. \u00dagy \u00e9rzem, sok bar\u00e1tja lehet az embernek, de a gyermekkorban sz\u00f6v\u0151d\u0151ek m\u00e9lyebbek, igazabbak. Sz\u00e1momra ez az iskola az\u00e9rt jelent annyira sokat, mivel olyan er\u0151s alapok fel\u00e9p\u00edt\u00e9s\u00e9hez seg\u00edtett hozz\u00e1, melyekre fel tudtam \u00e9p\u00edteni a k\u00e9s\u0151bbi \u00e9letemet, \u00fagy, hogy a viharok, melyek \u00fajra \u00e9s \u00fajra pr\u00f3b\u00e1ra tesznek benn\u00fcnket, nem tudtak soha megt\u00f6rni, ink\u00e1bb er\u0151sebb\u00e9 tettek!<\/p>\n\n\n\n<div class=\"wp-block-image\"><figure class=\"alignright\"><img loading=\"lazy\" decoding=\"async\" width=\"130\" height=\"177\" src=\"http:\/\/www.eklg.hu\/wp-content\/uploads\/2020\/10\/kapitany_rebeka.jpg\" alt=\"\" class=\"wp-image-5285\" srcset=\"http:\/\/www.eklg.hu\/wp-content\/uploads\/2020\/10\/kapitany_rebeka.jpg 130w, http:\/\/www.eklg.hu\/wp-content\/uploads\/2020\/10\/kapitany_rebeka-110x150.jpg 110w\" sizes=\"auto, (max-width: 130px) 100vw, 130px\" \/><\/figure><\/div>\n\n\n\n<p><strong>Kapit\u00e1ny Rebeka<\/strong> vagyok, id\u00e9n \u0151sszel kezdtem a harmadik f\u00e9l\u00e9vemet a Budapesti M\u0171szaki \u00e9s Gazd\u00e1lkod\u00e1studom\u00e1nyi Egyetem gazd\u00e1lkod\u00e1si \u00e9s menedzsment alapszak\u00e1n, ami a kar egyik legnagyobb alapszakja \u00e9s az \u00fczleti ir\u00e1nyults\u00e1g\u00fa k\u00f6zgazd\u00e1szk\u00e9pz\u00e9sek k\u00f6z\u00fcl a leg\u00e1tfog\u00f3bb. A Ny\u00edregyh\u00e1zi Evang\u00e9likus Kossuth Lajos Gimn\u00e1zium lehet\u0151s\u00e9get adott arra, hogy t\u00f6bb nyelvet is megkedveljek \u00e9s kiemelked\u0151 szinten elsaj\u00e1t\u00edtsak, ez\u00e1ltal k\u00f6nnyed\u00e9n szereztem plusz pontokat a felv\u00e9telimhez. A matek fakult\u00e1ci\u00f3nak k\u00f6sz\u00f6nhet\u0151en pedig er\u0151s alapokat kaptam, \u00edgy az egyetemi szint\u0171 matematika nem okozott probl\u00e9m\u00e1t. Nagyon sokat k\u00f6sz\u00f6nhetek a tan\u00e1raim \u00e9s osztalyf\u0151n\u00f6k\u00f6m hozz\u00e1\u00e1ll\u00e1s\u00e1nak, hogy mindig buzd\u00edtottak a tanul\u00e1sra, aminek eredm\u00e9ny\u00e9t folyamatosan hasznos\u00edtani tudom.<\/p>\n\n\n\n<div class=\"wp-block-image\"><figure class=\"alignright\"><img loading=\"lazy\" decoding=\"async\" width=\"130\" height=\"177\" src=\"http:\/\/www.eklg.hu\/wp-content\/uploads\/2020\/10\/kovacs_petra.jpg\" alt=\"\" class=\"wp-image-5286\" srcset=\"http:\/\/www.eklg.hu\/wp-content\/uploads\/2020\/10\/kovacs_petra.jpg 130w, http:\/\/www.eklg.hu\/wp-content\/uploads\/2020\/10\/kovacs_petra-110x150.jpg 110w\" sizes=\"auto, (max-width: 130px) 100vw, 130px\" \/><\/figure><\/div>\n\n\n\n<p><strong>Kov\u00e1cs Petra<\/strong> vagyok, 2002-2010 k\u00f6z\u00f6tt voltam a Ny\u00edregyh\u00e1zi Evang\u00e9likus Kossuth Lajos Gimn\u00e1zium tanul\u00f3ja. Az itt t\u00f6lt\u00f6tt \u00e9veim sor\u00e1n rengeteget kaptam az oktat\u00f3imt\u00f3l mind emberileg, mind tud\u00e1s szempontj\u00e1b\u00f3l. A tan\u00f3r\u00e1kon k\u00edv\u00fcl sz\u00e1mos szakk\u00f6rre j\u00e1rtam, p\u00e9ld\u00e1ul rajz szakk\u00f6rre, valamint sz\u00ednj\u00e1tsz\u00f3 k\u00f6rre. A nyelvtanul\u00e1sra kiv\u00e1l\u00f3 gyakorl\u00e1si lehet\u0151s\u00e9get ny\u00fajtottak a csereprogramok, seg\u00edts\u00e9g\u00fckkel Hollandi\u00e1ba \u00e9s N\u00e9metorsz\u00e1gba is eljutottam.<\/p>\n\n\n\n<p>\u00c9retts\u00e9gi ut\u00e1n elv\u00e9geztem a Debreceni Egyetem illetve az ELTE lengyel alap- \u00e9s mesterk\u00e9pz\u00e9s\u00e9t majd a Honv\u00e9delmi Miniszt\u00e9riumban helyezkedtem el, ahol a lengyelorsz\u00e1gi \u00e9s felvid\u00e9ki magyar hadis\u00edrok\u00e9rt feleltem. 2018-ban kezdtem meg tanulm\u00e1nyaimat a Nemzeti K\u00f6zszolg\u00e1lati Egyetem Hadtudom\u00e1nyi Doktori Iskol\u00e1j\u00e1ban nappali tagozaton, melynek jelenleg harmad\u00e9ves hallgat\u00f3ja vagyok.&nbsp; R\u00f6videsen pedig megkezdem a munk\u00e1mat a K\u00fclgazdas\u00e1gi \u00e9s K\u00fcl\u00fcgyminiszt\u00e9riumban.<\/p>\n\n\n\n<div class=\"wp-block-image\"><figure class=\"alignright\"><img loading=\"lazy\" decoding=\"async\" width=\"130\" height=\"177\" src=\"http:\/\/www.eklg.hu\/wp-content\/uploads\/2020\/10\/skrabak_zoltan.jpg\" alt=\"\" class=\"wp-image-5287\" srcset=\"http:\/\/www.eklg.hu\/wp-content\/uploads\/2020\/10\/skrabak_zoltan.jpg 130w, http:\/\/www.eklg.hu\/wp-content\/uploads\/2020\/10\/skrabak_zoltan-110x150.jpg 110w\" sizes=\"auto, (max-width: 130px) 100vw, 130px\" \/><\/figure><\/div>\n\n\n\n<p><strong>Skrab\u00e1k Zolt\u00e1n<\/strong> vagyok, \u00f6t \u00e9ve dolgozom tervez\u0151 \u00e9p\u00edt\u00e9szk\u00e9nt Budapesten, ahol ez id\u0151 alatt jelent\u0151s szakmai sikereket \u00e9rtem el. T\u00f6bbek k\u00f6z\u00f6tt az MTA Agr\u00e1rtudom\u00e1nyi Kutat\u00f3 K\u00f6zpontj\u00e1nak tervez\u00e9s\u00e9ben vettem r\u00e9szt, mely p\u00e1lyakezd\u0151k\u00e9nt jelent\u0151s szakmai fordul\u00f3pont volt az \u00e9letemben. 2019 \u00f3ta a Debreceni Egyetem megh\u00edvott \u00f3raad\u00f3jak\u00e9nt adhatok vissza az \u00e9p\u00edt\u00e9sz hallgat\u00f3knak abb\u00f3l a tud\u00e1sb\u00f3l, melyet megszereztem.&nbsp;<\/p>\n\n\n\n<p>Mindezek el\u00e9r\u00e9s\u00e9ben fontos \u00e1llom\u00e1sa volt az \u00e9letemnek a Ny\u00edregyh\u00e1zi Evang\u00e9likus Kossuth Lajos Gimn\u00e1zium, ahol a t\u00e1rgyi tud\u00e1s megszerz\u00e9s\u00e9n k\u00edv\u00fcl olyan szellemi t\u00f6bbletre tettem szert, mely a mai napig seg\u00edt a megfelel\u0151 k\u00e9rd\u00e9sek felvet\u00e9s\u00e9ben, valamint a priv\u00e1t \u00e9s szakmai d\u00f6nt\u00e9si helyzetekben t\u00f6rt\u00e9n\u0151 eligazod\u00e1sban is. &nbsp;<\/p>\n\n\n\n<p>Az \u00e9p\u00fcletek tervez\u00e9se sor\u00e1n a helysz\u00edn \u00e9s a felhaszn\u00e1l\u00f3 ig\u00e9nyeinek kiel\u00e9g\u00edt\u00e9s\u00e9n t\u00fal a korra \u00e9s a t\u00e1rsadalomra is reflekt\u00e1lni kell. \u00cdgy sz\u00fclethet olyan \u00e9p\u00fclet, mely ki\u00e1llja az id\u0151 pr\u00f3b\u00e1j\u00e1t eszt\u00e9tikai \u00e9s etikai \u00e9rtelemben is. Ehhez tervez\u0151i oldalon nyitotts\u00e1gra \u00e9s kritikai gondolkod\u00e1sra van sz\u00fcks\u00e9g, egyfajta elm\u00e9ly\u00fclts\u00e9gre, melyet \u00e9n a gimn\u00e1ziumi \u00e9vek alatt saj\u00e1t\u00edtottam el.<\/p>\n\n\n\n<div class=\"wp-block-image\"><figure class=\"alignright\"><img loading=\"lazy\" decoding=\"async\" width=\"130\" height=\"177\" src=\"http:\/\/www.eklg.hu\/wp-content\/uploads\/2020\/10\/urrl.jpg\" alt=\"\" class=\"wp-image-5208\" srcset=\"http:\/\/www.eklg.hu\/wp-content\/uploads\/2020\/10\/urrl.jpg 130w, http:\/\/www.eklg.hu\/wp-content\/uploads\/2020\/10\/urrl-110x150.jpg 110w\" sizes=\"auto, (max-width: 130px) 100vw, 130px\" \/><\/figure><\/div>\n\n\n\n<p><strong>Urr Laura <\/strong>vagyok, a Debreceni Egyetem Fizi\u00adoter\u00e1pi\u00e1s Tansz\u00e9k\u00e9nek gy\u00f3gytorn\u00e1sz hallgat\u00f3ja. Felejthetetlen nyolc \u00e9vet t\u00f6lthettem el a Kossuth Gimi falai k\u00f6z\u00f6tt. Olyan kiv\u00e9teles embereket, iga\u00adzi egy\u00e9nis\u00e9geket ismerhettem meg, akik nagyban hozz\u00e1j\u00e1rultak szem\u00e9lyis\u00e9gem fejl\u0151d\u00e9s\u00e9hez \u00e9s ahhoz, hogy magabiztos, c\u00e9ltudatos ember legyek. \u00c9letre sz\u00f3l\u00f3 bar\u00e1ts\u00e1gok sz\u00fclettek, amelyek\u00e9rt a mai napig h\u00e1l\u00e1s lehetek. Lelkiismeretes tan\u00e1rok sz\u00e1rnyai alatt tanulhattam, akik mindamellett, hogy tan\u00edtottak, neveltek is minket.<\/p>\n\n\n\n<div class=\"wp-block-image\"><figure class=\"alignright\"><img loading=\"lazy\" decoding=\"async\" width=\"130\" height=\"177\" src=\"http:\/\/www.eklg.hu\/wp-content\/uploads\/2020\/10\/bertold2.jpg\" alt=\"\" class=\"wp-image-5211\" srcset=\"http:\/\/www.eklg.hu\/wp-content\/uploads\/2020\/10\/bertold2.jpg 130w, http:\/\/www.eklg.hu\/wp-content\/uploads\/2020\/10\/bertold2-110x150.jpg 110w\" sizes=\"auto, (max-width: 130px) 100vw, 130px\" \/><\/figure><\/div>\n\n\n\n<p><strong>Ill\u00e9s Bertold <\/strong>vagyok. A gimn\u00e1zium a tanulm\u00e1nyok mellett nagy hangs\u00falyt fektetett a hit\u00adoktat\u00e1sra is. Ez\u00e1ltal gazdagodott a vil\u00e1gn\u00e9zetem \u00e9s form\u00e1l\u00f3dott a gondolkod\u00e1sm\u00f3dom. Diplom\u00e1t szereztem a P\u00e1zm\u00e1ny P\u00e9ter Katolikus Egyetem Jog \u00e9s \u00c1llamtudom\u00e1nyi Kar\u00e1nak nemzetk\u00f6zi igazgat\u00e1s szak\u00e1n, majd elv\u00e9geztem a K\u00e1roli G\u00e1sp\u00e1r Reform\u00e1tus Egye\u00adtem Jogi Kar\u00e1n a k\u00fclgazdas\u00e1gi szakdiplom\u00e1cia k\u00e9pz\u00e9st. \u00c9letem f\u0151 mozgat\u00f3rug\u00f3ja embert\u00e1rsaink megseg\u00edt\u00e9se \u00e9s a magyars\u00e1g\u00e9rt folytatott munka lett. Dolgoztam a Vid\u00e9kfejleszt\u00e9si Miniszt\u00e9riumban, majd a Minisztereln\u00f6ks\u00e9gen, szakter\u00fcletem a fejleszt\u00e9spolitika.&nbsp;<\/p>\n\n\n\n<p>Az elm\u00falt k\u00e9t \u00e9vben voltam korm\u00e1nyzati kik\u00fcld\u00f6tt Clevelandban, majd Toront\u00f3ban. Eg\u00e9sz \u00e9letemben azt tartottam els\u0151dlegesnek, hogy a vil\u00e1g soksz\u00edn\u0171s\u00e9g\u00e9nek megismer\u00e9s\u00e9vel \u00e9s befogad\u00e1s\u00e1val sz\u00e9les\u00edthessem a vil\u00e1gn\u00e9zetem.<\/p>\n\n\n\n<div class=\"wp-block-image\"><figure class=\"alignright\"><img loading=\"lazy\" decoding=\"async\" width=\"130\" height=\"177\" src=\"http:\/\/www.eklg.hu\/wp-content\/uploads\/2020\/10\/berki.jpg\" alt=\"\" class=\"wp-image-5210\" srcset=\"http:\/\/www.eklg.hu\/wp-content\/uploads\/2020\/10\/berki.jpg 130w, http:\/\/www.eklg.hu\/wp-content\/uploads\/2020\/10\/berki-110x150.jpg 110w\" sizes=\"auto, (max-width: 130px) 100vw, 130px\" \/><\/figure><\/div>\n\n\n\n<p><strong>Berki Tam\u00e1s <\/strong>vagyok, Ny\u00edregyh\u00e1z\u00e1n majd a Testnevel\u00e9si Egyetemen szereztem diplom\u00e1t. Az egye\u00adtem \u00e9vei alatt f\u00e9l \u00e9vet Finnorsz\u00e1gban t\u00f6lt\u00f6ttem, nyarank\u00e9nt pedig az USA-ban teniszt \u00e9s v\u00edv\u00e1st oktattam. Jelenleg a Szegedi Tudom\u00e1nyegyetem B\u00f6lcs\u00e9sztudom\u00e1nyi Kar\u00e1nak Nevel\u00e9studom\u00e1nyi Doktori Iskol\u00e1j\u00e1ban v\u00e9gzem doktori tanulm\u00e1nyai\u00admat, ahol a sportmotiv\u00e1ci\u00f3 \u00e9s a ment\u00e1lis eg\u00e9szs\u00e9g kapcsolat\u00e1t kutatom. A gimn\u00e1ziumban elt\u00f6lt\u00f6tt<br>nyolc \u00e9v alatt \u00e9letre sz\u00f3l\u00f3 bar\u00e1ts\u00e1gokat k\u00f6t\u00f6ttem. Az\u00f3ta is rendszeresen tal\u00e1lkozunk \u00e9s mindenben sz\u00e1m\u00edthatunk egym\u00e1sra.<\/p>\n\n\n\n<div class=\"wp-block-image\"><figure class=\"alignright\"><img loading=\"lazy\" decoding=\"async\" width=\"130\" height=\"177\" src=\"http:\/\/www.eklg.hu\/wp-content\/uploads\/2020\/10\/bereczi.jpg\" alt=\"\" class=\"wp-image-5209\" srcset=\"http:\/\/www.eklg.hu\/wp-content\/uploads\/2020\/10\/bereczi.jpg 130w, http:\/\/www.eklg.hu\/wp-content\/uploads\/2020\/10\/bereczi-110x150.jpg 110w\" sizes=\"auto, (max-width: 130px) 100vw, 130px\" \/><\/figure><\/div>\n\n\n\n<p><strong>Sz\u0151k\u00e9n\u00e9 Berecz Ilona<\/strong> vagyok. 2000-ben \u00e9retts\u00e9giztem a Ny\u00edregyh\u00e1zi Evang\u00e9likus Kossuth Lajos Gimn\u00e1ziumban. 2007-t\u0151l szolg\u00e1lok Ny\u00edregyh\u00e1z\u00e1n mint reform\u00e1tus lelkip\u00e1sztor.&nbsp;<\/p>\n\n\n\n<p>A gimn\u00e1ziumi \u00e9vek alatt az \u00daristen csod\u00e1latos aj\u00e1nd\u00e9kokkal t\u00f6lt\u00f6tte be az \u00e9letemet. Isten az \u0150 gondvisel\u0151 szeretet\u00e9b\u0151l ebbe az iskol\u00e1ba vezetett, ahol a sz\u00ednvonalas oktat\u00e1s \u00e9s a kereszty\u00e9n lelkis\u00e9g \u00e1ld\u00e1sait megtapasztalhattam napr\u00f3l napra. A gimn\u00e1ziumi els\u0151 tan\u00e9v v\u00e9g\u00e9n h\u00edvott el Isten, hogy szolg\u00e1ljam \u0150t egy \u00e9leten \u00e1t. S itt kaptam Istent\u0151l aj\u00e1nd\u00e9kba a f\u00e9rjemet is, itt ismertem meg, hiszen \u00e9vfolyamt\u00e1rsak voltunk.<\/p>\n\n\n\n<p>K\u00edv\u00e1nom, hogy az \u00dar \u00e1ldja meg gazdagon az iskol\u00e1t, annak minden pedag\u00f3gus\u00e1t, dolgoz\u00f3j\u00e1t, \u00e9s minden jelenlegi \u00e9s j\u00f6v\u0151beni di\u00e1kj\u00e1t!<\/p>\n","protected":false},"excerpt":{"rendered":"<p>Nagyv\u00e1tin\u00e9 Szak\u00e1cs M\u00f3nika vagyok, az els\u0151 v\u00e9gz\u0151s \u00e9vfolyam hallgat\u00f3jak\u00e9nt, 1993-ban \u00e9retts\u00e9giztem a Ny\u00edregyh\u00e1zi Evang\u00e9likus Kossuth Lajos Gimn\u00e1ziumban. A Dr. B\u00e1nszki &hellip; <\/p>\n","protected":false},"author":1,"featured_media":0,"parent":5175,"menu_order":0,"comment_status":"closed","ping_status":"closed","template":"","meta":{"ngg_post_thumbnail":0,"footnotes":""},"class_list":["post-5206","page","type-page","status-publish","hentry"],"_links":{"self":[{"href":"http:\/\/www.eklg.hu\/index.php\/wp-json\/wp\/v2\/pages\/5206","targetHints":{"allow":["GET"]}}],"collection":[{"href":"http:\/\/www.eklg.hu\/index.php\/wp-json\/wp\/v2\/pages"}],"about":[{"href":"http:\/\/www.eklg.hu\/index.php\/wp-json\/wp\/v2\/types\/page"}],"author":[{"embeddable":true,"href":"http:\/\/www.eklg.hu\/index.php\/wp-json\/wp\/v2\/users\/1"}],"replies":[{"embeddable":true,"href":"http:\/\/www.eklg.hu\/index.php\/wp-json\/wp\/v2\/comments?post=5206"}],"version-history":[{"count":7,"href":"http:\/\/www.eklg.hu\/index.php\/wp-json\/wp\/v2\/pages\/5206\/revisions"}],"predecessor-version":[{"id":5581,"href":"http:\/\/www.eklg.hu\/index.php\/wp-json\/wp\/v2\/pages\/5206\/revisions\/5581"}],"up":[{"embeddable":true,"href":"http:\/\/www.eklg.hu\/index.php\/wp-json\/wp\/v2\/pages\/5175"}],"wp:attachment":[{"href":"http:\/\/www.eklg.hu\/index.php\/wp-json\/wp\/v2\/media?parent=5206"}],"curies":[{"name":"wp","href":"https:\/\/api.w.org\/{rel}","templated":true}]}}