{"id":5204,"date":"2020-10-09T12:11:50","date_gmt":"2020-10-09T10:11:50","guid":{"rendered":"http:\/\/www.eklg.hu\/?page_id=5204"},"modified":"2024-10-14T11:34:48","modified_gmt":"2024-10-14T09:34:48","slug":"felveteli-kovetelmenyek","status":"publish","type":"page","link":"http:\/\/www.eklg.hu\/index.php\/tartozz-kozenk-legyel-te-is-kossuthos\/felveteli-kovetelmenyek\/","title":{"rendered":"Felv\u00e9teli k\u00f6vetelm\u00e9nyek"},"content":{"rendered":"\n<h2 class=\"wp-block-heading\"><strong>Emelt nyelvi oszt\u00e1lyok (0020, 0030, 0050)<\/strong><\/h2>\n\n\n\n<p>Felv\u00e9teli k\u00f6vetelm\u00e9ny:<\/p>\n\n\n\n<ul class=\"wp-block-list\">\n<li>7. oszt\u00e1ly \u00e9v v\u00e9gi, 8. oszt\u00e1ly f\u00e9l\u00e9vi eredm\u00e9nyek a k\u00e9szs\u00e9gt\u00e1rgyak kiv\u00e9tel\u00e9vel.<\/li>\n\n\n\n<li>K\u00f6zponti \u00edr\u00e1sbeli felv\u00e9teli magyar nyelv \u00e9s irodalomb\u00f3l, illetve matematik\u00e1b\u00f3l.<\/li>\n\n\n\n<li>Elbesz\u00e9lget\u00e9s angol tagozaton angol nyelven, n\u00e9met \u00e9s olasz tagozaton magyar nyelven. (Az angol sz\u00f3beli felv\u00e9teli t\u00e9mak\u00f6rei honlapunkon megtal\u00e1lhat\u00f3ak.)<\/li>\n<\/ul>\n\n\n\n<h3 class=\"wp-block-heading\"><strong>Pontok sz\u00e1m\u00edt\u00e1sa<\/strong><\/h3>\n\n\n\n<figure class=\"wp-block-table is-style-stripes\"><table><tbody><tr><td class=\"has-text-align-center\" data-align=\"center\">Szerzett pontok:<\/td><td class=\"has-text-align-center\" data-align=\"center\">50 pont<\/td><td><\/td><\/tr><tr><td class=\"has-text-align-center\" data-align=\"center\">Hozott pontok:<\/td><td class=\"has-text-align-center\" data-align=\"center\">30 pont<\/td><td><\/td><\/tr><tr><td class=\"has-text-align-center\" data-align=\"center\">Sz\u00f3beli elbesz\u00e9lget\u00e9s:<\/td><td class=\"has-text-align-center\" data-align=\"center\">20 pont<\/td><td><\/td><\/tr><tr><td class=\"has-text-align-center\" data-align=\"center\">\u00d6sszesen:<\/td><td class=\"has-text-align-center\" data-align=\"center\">100 pont<\/td><td><\/td><\/tr><\/tbody><\/table><\/figure>\n\n\n\n<h2 class=\"wp-block-heading\"><strong>Emelt szint\u0171 term\u00e9szettudom\u00e1nyos tagozat (0070, 0080)<\/strong><\/h2>\n\n\n\n<p>Felv\u00e9teli k\u00f6vetelm\u00e9ny:<\/p>\n\n\n\n<ul class=\"wp-block-list\">\n<li>7. oszt\u00e1ly \u00e9v v\u00e9gi, 8. oszt\u00e1ly f\u00e9l\u00e9vi eredm\u00e9nyek a k\u00e9szs\u00e9gt\u00e1rgyak kiv\u00e9tel\u00e9vel. A matematika, fizika \/ biol\u00f3gia, k\u00e9mia tant\u00e1rgy \u00e9v v\u00e9gi eredm\u00e9nyeit k\u00e9tszeres szorz\u00f3val sz\u00e1m\u00edtjuk.<\/li>\n\n\n\n<li>K\u00f6zponti \u00edr\u00e1sbeli felv\u00e9teli magyar nyelv \u00e9s irodalomb\u00f3l, illetve matematik\u00e1b\u00f3l.<\/li>\n\n\n\n<li>\u00c1ltal\u00e1nos elbesz\u00e9lget\u00e9s<\/li>\n<\/ul>\n\n\n\n<h3 class=\"wp-block-heading\"><strong><strong>Pontok sz\u00e1m\u00edt\u00e1sa<\/strong><\/strong><\/h3>\n\n\n\n<figure class=\"wp-block-table is-style-stripes\"><table><tbody><tr><td class=\"has-text-align-center\" data-align=\"center\">Szerzett pontok:<\/td><td class=\"has-text-align-center\" data-align=\"center\">50 pont<\/td><td><\/td><\/tr><tr><td class=\"has-text-align-center\" data-align=\"center\">Hozott pontok:<\/td><td class=\"has-text-align-center\" data-align=\"center\">30 pont<\/td><td><\/td><\/tr><tr><td class=\"has-text-align-center\" data-align=\"center\">Sz\u00f3beli elbesz\u00e9lget\u00e9s:<\/td><td class=\"has-text-align-center\" data-align=\"center\">20 pont<\/td><td><\/td><\/tr><tr><td class=\"has-text-align-center\" data-align=\"center\">\u00d6sszesen:<\/td><td class=\"has-text-align-center\" data-align=\"center\">100 pont<\/td><td><\/td><\/tr><\/tbody><\/table><\/figure>\n\n\n\n<h2 class=\"wp-block-heading\"><strong>Emelt szint\u0171 digit\u00e1lis kult\u00fara tagozat m\u00e9dia szakir\u00e1nnyal (0060)<\/strong><\/h2>\n\n\n\n<p>Felv\u00e9teli k\u00f6vetelm\u00e9ny:<\/p>\n\n\n\n<ul class=\"wp-block-list\">\n<li>7. oszt\u00e1ly \u00e9v v\u00e9gi, 8. oszt\u00e1ly f\u00e9l\u00e9vi eredm\u00e9nyek a k\u00e9szs\u00e9gt\u00e1rgyak kiv\u00e9tel\u00e9vel. A magyar irodalom \u00e9s az informatika tant\u00e1rgyak \u00e9rdemjegyeit k\u00e9tszeres szorz\u00f3val sz\u00e1m\u00edtjuk.<\/li>\n\n\n\n<li>K\u00f6zponti \u00edr\u00e1sbeli felv\u00e9teli magyar nyelv \u00e9s irodalomb\u00f3l, illetve matematik\u00e1b\u00f3l.<\/li>\n\n\n\n<li>\u00c1ltal\u00e1nos elbesz\u00e9lget\u00e9s<\/li>\n<\/ul>\n\n\n\n<h3 class=\"wp-block-heading\"><strong><strong>Pontok sz\u00e1m\u00edt\u00e1sa<\/strong><\/strong><\/h3>\n\n\n\n<figure class=\"wp-block-table is-style-stripes\"><table><tbody><tr><td class=\"has-text-align-center\" data-align=\"center\">Szerzett pontok:<\/td><td class=\"has-text-align-center\" data-align=\"center\">50 pont<\/td><td><\/td><\/tr><tr><td class=\"has-text-align-center\" data-align=\"center\">Hozott pontok:<\/td><td class=\"has-text-align-center\" data-align=\"center\">30 pont<\/td><td><\/td><\/tr><tr><td class=\"has-text-align-center\" data-align=\"center\">Sz\u00f3beli elbesz\u00e9lget\u00e9s:<\/td><td class=\"has-text-align-center\" data-align=\"center\">20 pont<\/td><td><\/td><\/tr><tr><td class=\"has-text-align-center\" data-align=\"center\">\u00d6sszesen:<\/td><td class=\"has-text-align-center\" data-align=\"center\">100 pont<\/td><td><\/td><\/tr><\/tbody><\/table><\/figure>\n\n\n\n<h2 class=\"wp-block-heading\"><strong>\u00c1ltal\u00e1nos gimn\u00e1ziumi oszt\u00e1ly (0010)<\/strong><\/h2>\n\n\n\n<p>Felv\u00e9teli k\u00f6vetelm\u00e9ny:<\/p>\n\n\n\n<ul class=\"wp-block-list\">\n<li>7. oszt\u00e1ly \u00e9v v\u00e9gi, 8. oszt\u00e1ly f\u00e9l\u00e9vi eredm\u00e9nyek a k\u00e9szs\u00e9gt\u00e1rgyak kiv\u00e9tel\u00e9vel.<\/li>\n\n\n\n<li>K\u00f6zponti \u00edr\u00e1sbeli felv\u00e9teli magyar nyelv \u00e9s irodalomb\u00f3l, illetve matematik\u00e1b\u00f3l.<\/li>\n\n\n\n<li>\u00c1ltal\u00e1nos elbesz\u00e9lget\u00e9s<\/li>\n<\/ul>\n\n\n\n<h3 class=\"wp-block-heading\"><strong><strong>Pontok sz\u00e1m\u00edt\u00e1sa<\/strong><\/strong><\/h3>\n\n\n\n<figure class=\"wp-block-table is-style-stripes\"><table><tbody><tr><td class=\"has-text-align-center\" data-align=\"center\">Szerzett pontok:<\/td><td class=\"has-text-align-center\" data-align=\"center\">50 pont<\/td><td><\/td><\/tr><tr><td class=\"has-text-align-center\" data-align=\"center\">Hozott pontok:<\/td><td class=\"has-text-align-center\" data-align=\"center\">30 pont<\/td><td><\/td><\/tr><tr><td class=\"has-text-align-center\" data-align=\"center\">Sz\u00f3beli elbesz\u00e9lget\u00e9s:<\/td><td class=\"has-text-align-center\" data-align=\"center\">20 pont<\/td><td><\/td><\/tr><tr><td class=\"has-text-align-center\" data-align=\"center\">\u00d6sszesen:<\/td><td class=\"has-text-align-center\" data-align=\"center\">100 pont<\/td><td><\/td><\/tr><\/tbody><\/table><\/figure>\n","protected":false},"excerpt":{"rendered":"<p>Emelt nyelvi oszt\u00e1lyok (0020, 0030, 0050) Felv\u00e9teli k\u00f6vetelm\u00e9ny: Pontok sz\u00e1m\u00edt\u00e1sa Emelt szint\u0171 term\u00e9szettudom\u00e1nyos tagozat (0070, 0080) Felv\u00e9teli k\u00f6vetelm\u00e9ny: Pontok sz\u00e1m\u00edt\u00e1sa &hellip; <\/p>\n","protected":false},"author":1,"featured_media":0,"parent":6242,"menu_order":0,"comment_status":"closed","ping_status":"closed","template":"","meta":{"ngg_post_thumbnail":0,"footnotes":""},"class_list":["post-5204","page","type-page","status-publish","hentry"],"_links":{"self":[{"href":"http:\/\/www.eklg.hu\/index.php\/wp-json\/wp\/v2\/pages\/5204","targetHints":{"allow":["GET"]}}],"collection":[{"href":"http:\/\/www.eklg.hu\/index.php\/wp-json\/wp\/v2\/pages"}],"about":[{"href":"http:\/\/www.eklg.hu\/index.php\/wp-json\/wp\/v2\/types\/page"}],"author":[{"embeddable":true,"href":"http:\/\/www.eklg.hu\/index.php\/wp-json\/wp\/v2\/users\/1"}],"replies":[{"embeddable":true,"href":"http:\/\/www.eklg.hu\/index.php\/wp-json\/wp\/v2\/comments?post=5204"}],"version-history":[{"count":6,"href":"http:\/\/www.eklg.hu\/index.php\/wp-json\/wp\/v2\/pages\/5204\/revisions"}],"predecessor-version":[{"id":9720,"href":"http:\/\/www.eklg.hu\/index.php\/wp-json\/wp\/v2\/pages\/5204\/revisions\/9720"}],"up":[{"embeddable":true,"href":"http:\/\/www.eklg.hu\/index.php\/wp-json\/wp\/v2\/pages\/6242"}],"wp:attachment":[{"href":"http:\/\/www.eklg.hu\/index.php\/wp-json\/wp\/v2\/media?parent=5204"}],"curies":[{"name":"wp","href":"https:\/\/api.w.org\/{rel}","templated":true}]}}