{"id":5202,"date":"2020-10-09T12:09:16","date_gmt":"2020-10-09T10:09:16","guid":{"rendered":"http:\/\/www.eklg.hu\/?page_id=5202"},"modified":"2025-09-15T09:15:24","modified_gmt":"2025-09-15T07:15:24","slug":"oktatasi-kinalatunk","status":"publish","type":"page","link":"http:\/\/www.eklg.hu\/index.php\/tartozz-kozenk-legyel-te-is-kossuthos\/oktatasi-kinalatunk\/","title":{"rendered":"Oktat\u00e1si k\u00edn\u00e1latunk"},"content":{"rendered":"\n<p><strong>A 2026\/2027-os tan\u00e9vre meghirdetett tagozataink<\/strong>:<\/p>\n\n\n\n<figure class=\"wp-block-table is-style-stripes\"><table><tbody><tr><td><strong>&nbsp;<\/strong><\/td><td><strong>Oszt\u00e1ly megnevez\u00e9se<\/strong><\/td><td><strong>V\u00e1laszthat\u00f3 nyelv<\/strong><\/td><td><strong>Felvehet\u0151 l\u00e9tsz\u00e1m<\/strong><\/td><\/tr><tr><td>0020<\/td><td>Emelt szint\u0171 angol nyelvi tagozat (halad\u00f3)<\/td><td>n\u00e9met, francia, olasz, orosz<\/td><td>30 f\u0151<\/td><\/tr><tr><td>0030<\/td><td>Emelt szint\u0171 n\u00e9met nyelvi tagozat (kezd\u0151)<\/td><td>angol, olasz, francia, orosz<\/td><td>10 f\u0151<\/td><\/tr><tr><td>0050<\/td><td>Emelt szint\u0171 olasz nyelvi tagozat (kezd\u0151)<\/td><td>angol, n\u00e9met, francia, orosz<\/td><td>10 f\u0151<\/td><\/tr><tr><td>0060<\/td><td>Emelt szint\u0171 digit\u00e1lis kult\u00fara tagozat m\u00e9dia szakir\u00e1nnyal<\/td><td>angol, n\u00e9met, francia, olasz, orosz<\/td><td>30 f\u0151<\/td><\/tr><tr><td>0070<\/td><td>Emelt szint\u0171 matematika-fizika tagozat<\/td><td>angol, n\u00e9met, francia, olasz, orosz<\/td><td>12 f\u0151<\/td><\/tr><tr><td>0080<\/td><td>Emelt szint\u0171 biol\u00f3gia-k\u00e9mia tagozat<\/td><td>angol, n\u00e9met, francia, olasz, orosz<\/td><td>18 f\u0151<\/td><\/tr><tr><td>0010<\/td><td>\u00c1ltal\u00e1nos tanterv\u0171 oszt\u00e1ly &nbsp;<\/td><td>angol, n\u00e9met, francia, olasz, orosz<\/td><td>30 f\u0151<\/td><\/tr><\/tbody><\/table><\/figure>\n\n\n\n<p>Koll\u00e9giumi elhelyez\u00e9s biztos\u00edtott a Luther M\u00e1rton Koll\u00e9giumban, a v\u00e1ros leg\u00fajabb, legkorszer\u0171bb koll\u00e9gium\u00e1ban.<\/p>\n\n\n\n<p><strong>Jelentkez\u00e9s k\u00f6zponti felv\u00e9teli vizsg\u00e1ra:<\/strong> 2025.12.01.<\/p>\n\n\n\n<p><strong>Jelentkez\u00e9si lap bead\u00e1si hat\u00e1rideje:<\/strong> 2026.02.19.<\/p>\n\n\n\n<p>A lelk\u00e9szi aj\u00e1nl\u00f3 lev\u00e9l k\u00f6telez\u0151en beadand\u00f3.<\/p>\n\n\n\n<p><strong>Felv\u00e9teli vizsg\u00e1k id\u0151pontja:<\/strong><br>\u00cdr\u00e1sbeli: 2026.01.24. 10.00<br>Sz\u00f3beli: 2026.03.02 \u2013 03.19.<\/p>\n\n\n\n<h3 class=\"wp-block-heading\">Tagozatos \u00f3rasz\u00e1mok:<\/h3>\n\n\n\n<figure class=\"wp-block-table is-style-stripes has-small-font-size\"><table class=\"has-fixed-layout\"><tbody><tr><td><strong>K\u00f3<\/strong><strong>d<\/strong><strong><\/strong><\/td><td><strong>Oszt\u00e1<\/strong><strong>ly megnevez\u00e9se<\/strong><\/td><td><strong>Emelt <\/strong><strong>sz<\/strong><strong>in<\/strong><strong>t<\/strong><strong>\u0171 k<\/strong><strong>\u00e9pz\u00e9s<\/strong><strong><\/strong><\/td><td><strong>1. n<\/strong><strong>ye<\/strong><strong>l<\/strong><strong>v<\/strong><strong><\/strong><\/td><td><strong>2. <\/strong><strong>n<\/strong><strong>ye<\/strong><strong>lv<br>(3<\/strong><strong><em> <\/em><\/strong><strong>\u00f3ra\/h\u00e9t)<\/strong><strong><\/strong><\/td><td><strong>Fe<\/strong><strong>l<\/strong><strong>vehet\u0151 <\/strong><strong>l<\/strong><strong>\u00e9tsz\u00e1<\/strong><strong>m<\/strong><strong><\/strong><\/td><td><strong>Fe<\/strong><strong>l<\/strong><strong>v\u00e9te<\/strong><strong>li <\/strong><strong>v<\/strong><strong>i<\/strong><strong>zsga<\/strong><strong><\/strong><\/td><\/tr><tr><td>0020<\/td><td>Emelt szint\u0171 angol nyelvi tagozat, halad\u00f3<\/td><td>angol nyelv<br><em>5+5+5<\/em><em>+<\/em><em>5 <\/em>\u00f3ra\/h\u00e9t<\/td><td>angol<\/td><td>n\u00e9met, francia, olasz, orosz<\/td><td>30 f\u0151<\/td><td>k\u00f6zponti \u00edr\u00e1sbeli \u00e9s angol sz\u00f3beli<\/td><\/tr><tr><td>0030<\/td><td>Emelt szint\u0171 n\u00e9met nyelvi tagozat, kezd\u0151<\/td><td>n\u00e9met nyelv<br><em>5<\/em><em>+5+5+5 <\/em>\u00f3ra\/h\u00e9t<\/td><td>n\u00e9met<\/td><td>angol, olasz, francia, orosz<\/td><td>10 f\u0151<\/td><td>k\u00f6zponti ir\u00e1sbeli \u00e9s &nbsp;sz\u00f3beli elbesz\u00e9lget\u00e9s<\/td><\/tr><tr><td>0050<\/td><td>Emelt szint\u0171 olasz nyelvi tagozat,&nbsp; kezd\u0151<\/td><td>olasz nyelv<br>5+5+5+5 \u00f3ra\/h\u00e9t<\/td><td>olasz<\/td><td>angol, n\u00e9met, francia, orosz<\/td><td>10 f\u0151<\/td><td>k\u00f6zponti \u00edr\u00e1sbeli \u00e9s sz\u00f3beli elbesz\u00e9lget\u00e9s<\/td><\/tr><tr><td>0060<\/td><td>Emelt szint\u0171 digit\u00e1lis kult\u00fara tagozat m\u00e9dia szakir\u00e1nnyal<\/td><td>digit\u00e1lis kult\u00fara<br>2+1+2+0 \u00f3ra\/h\u00e9t<br>m\u00e9dia-informatika 2+2+2+2 \u00f3ra\/h\u00e9t<\/td><td>angol, n\u00e9met<\/td><td>angol, n\u00e9met, francia, olasz, orosz<\/td><td>30 f\u0151<\/td><td>k\u00f6zponti \u00edr\u00e1sbeli \u00e9s sz\u00f3beli elbesz\u00e9lget\u00e9s<\/td><\/tr><tr><td>0070<\/td><td>Emelt szint\u0171 matematika -fizika tagozat<\/td><td>matematika<br>4+4+6+6&nbsp; \u00f3ra\/h\u00e9t<br>fizika<br>3+4+4+4 \u00f3ra\/h\u00e9t<\/td><td>angol, n\u00e9met<\/td><td>angol, n\u00e9met, francia, olasz, orosz<\/td><td>12 f\u0151<\/td><td>k\u00f6zponti \u00edr\u00e1sbeli \u00e9s sz\u00f3beli elbesz\u00e9lget\u00e9s<\/td><\/tr><tr><td>0080<\/td><td>Emelt szint\u0171 biol\u00f3gia-k\u00e9mia tagozat<\/td><td>biol\u00f3gia<br>4+3+3+3 \u00f3ra\/h\u00e9t<br>k\u00e9mia<br>2+3+3+3 \u00f3ra\/h\u00e9t<\/td><td>angol, n\u00e9met<\/td><td>angol, n\u00e9met, francia, olasz, orosz<\/td><td>18 f\u0151<\/td><td>k\u00f6zponti \u00edr\u00e1sbeli \u00e9s sz\u00f3beli elbesz\u00e9lget\u00e9s<\/td><\/tr><tr><td>0010<\/td><td>Altal\u00e1nos tanterv\u0171 oszt\u00e1ly<\/td><td>&nbsp;<\/td><td>angol, n\u00e9met<\/td><td>angol, n\u00e9met, francia, olasz, orosz<\/td><td>30 f\u00f6<\/td><td>k\u00f6zponti \u00edr\u00e1sbeli \u00e9s sz\u00f3beli elbesz\u00e9lget\u00e9s<\/td><\/tr><\/tbody><\/table><\/figure>\n\n\n\n<p><\/p>\n","protected":false},"excerpt":{"rendered":"<p>A 2026\/2027-os tan\u00e9vre meghirdetett tagozataink: &nbsp; Oszt\u00e1ly megnevez\u00e9se V\u00e1laszthat\u00f3 nyelv Felvehet\u0151 l\u00e9tsz\u00e1m 0020 Emelt szint\u0171 angol nyelvi tagozat (halad\u00f3) n\u00e9met, &hellip; <\/p>\n","protected":false},"author":1,"featured_media":0,"parent":6242,"menu_order":0,"comment_status":"closed","ping_status":"closed","template":"","meta":{"ngg_post_thumbnail":0,"footnotes":""},"class_list":["post-5202","page","type-page","status-publish","hentry"],"_links":{"self":[{"href":"http:\/\/www.eklg.hu\/index.php\/wp-json\/wp\/v2\/pages\/5202","targetHints":{"allow":["GET"]}}],"collection":[{"href":"http:\/\/www.eklg.hu\/index.php\/wp-json\/wp\/v2\/pages"}],"about":[{"href":"http:\/\/www.eklg.hu\/index.php\/wp-json\/wp\/v2\/types\/page"}],"author":[{"embeddable":true,"href":"http:\/\/www.eklg.hu\/index.php\/wp-json\/wp\/v2\/users\/1"}],"replies":[{"embeddable":true,"href":"http:\/\/www.eklg.hu\/index.php\/wp-json\/wp\/v2\/comments?post=5202"}],"version-history":[{"count":17,"href":"http:\/\/www.eklg.hu\/index.php\/wp-json\/wp\/v2\/pages\/5202\/revisions"}],"predecessor-version":[{"id":11649,"href":"http:\/\/www.eklg.hu\/index.php\/wp-json\/wp\/v2\/pages\/5202\/revisions\/11649"}],"up":[{"embeddable":true,"href":"http:\/\/www.eklg.hu\/index.php\/wp-json\/wp\/v2\/pages\/6242"}],"wp:attachment":[{"href":"http:\/\/www.eklg.hu\/index.php\/wp-json\/wp\/v2\/media?parent=5202"}],"curies":[{"name":"wp","href":"https:\/\/api.w.org\/{rel}","templated":true}]}}