{"id":5100,"date":"2025-06-11T13:08:13","date_gmt":"2025-06-11T11:08:13","guid":{"rendered":"http:\/\/www.eklg.hu\/?page_id=5100"},"modified":"2025-06-11T13:08:13","modified_gmt":"2025-06-11T11:08:13","slug":"2022-06-23-beiratkozas-idopontfoglalas","status":"publish","type":"page","link":"http:\/\/www.eklg.hu\/index.php\/2022-06-23-beiratkozas-idopontfoglalas\/","title":{"rendered":"2025.06.25. Beiratkoz\u00e1s &#8211; id\u0151pontfoglal\u00e1s"},"content":{"rendered":"<div>\n<p>A Ny\u00edregyh\u00e1zi Evang\u00e9likus Kossuth Lajos Gimn\u00e1ziumban a beiratkoz\u00e1st 2025. j\u00fanius 25-\u00e9n 7.30-13.00 \u00f3ra k\u00f6z\u00f6tt \u2013 a gyorsabb \u00fcgyint\u00e9z\u00e9s \u00e9rdek\u00e9ben&nbsp;<strong>el\u0151zetes id\u0151pontfoglal\u00e1s alapj\u00e1n<\/strong>&nbsp;\u2013 szervezz\u00fck meg&nbsp;<strong>.<\/strong><\/p>\n<p><strong>Id\u0151pontot az al\u00e1bbi linken tudnak foglalni:<\/strong><\/p>\n<\/div>\n<p><a href=\"http:\/\/www.eklg.hu\/index.php\/2022-06-23-beiratkozas-idopontfoglalas\/9a\/\"><strong>9.A<\/strong> <b>(7. terem):<\/b> <em>angol tagozat<\/em><\/a><\/p>\n<p><a href=\"http:\/\/www.eklg.hu\/index.php\/2022-06-23-beiratkozas-idopontfoglalas\/9b\/\"><strong>9.B<\/strong> <b>(8. terem):<\/b> <em>biol\u00f3gia-k\u00e9mia \u00e9s matematika-fizika tagozat<\/em><\/a><\/p>\n<p><a href=\"http:\/\/www.eklg.hu\/index.php\/2022-06-23-beiratkozas-idopontfoglalas\/9c\/\"><strong>9.C<\/strong> <b>(9. terem)<\/b>: <em>digit\u00e1lis kult\u00fara tagozat m\u00e9dia szakir\u00e1nnyal<\/em><\/a><\/p>\n<p><a href=\"http:\/\/www.eklg.hu\/index.php\/2022-06-23-beiratkozas-idopontfoglalas\/9d\/\"><strong>9.D<\/strong> <b>(10. terem)<\/b>: <em>\u00e1ltal\u00e1nos k\u00e9pz\u00e9s<\/em><\/a><\/p>\n<p><a href=\"http:\/\/www.eklg.hu\/index.php\/2022-06-23-beiratkozas-idopontfoglalas\/9e\/\"><strong>9.E<\/strong><b> (11. terem)<\/b>: <em>n\u00e9met \u00e9s olasz tagozat<\/em><\/a><\/p>\n","protected":false},"excerpt":{"rendered":"<p>A Ny\u00edregyh\u00e1zi Evang\u00e9likus Kossuth Lajos Gimn\u00e1ziumban a beiratkoz\u00e1st 2025. j\u00fanius 25-\u00e9n 7.30-13.00 \u00f3ra k\u00f6z\u00f6tt \u2013 a gyorsabb \u00fcgyint\u00e9z\u00e9s \u00e9rdek\u00e9ben&nbsp;el\u0151zetes id\u0151pontfoglal\u00e1s &hellip; <\/p>\n","protected":false},"author":1,"featured_media":0,"parent":0,"menu_order":0,"comment_status":"closed","ping_status":"closed","template":"","meta":{"ngg_post_thumbnail":0,"footnotes":""},"class_list":["post-5100","page","type-page","status-publish","hentry"],"_links":{"self":[{"href":"http:\/\/www.eklg.hu\/index.php\/wp-json\/wp\/v2\/pages\/5100","targetHints":{"allow":["GET"]}}],"collection":[{"href":"http:\/\/www.eklg.hu\/index.php\/wp-json\/wp\/v2\/pages"}],"about":[{"href":"http:\/\/www.eklg.hu\/index.php\/wp-json\/wp\/v2\/types\/page"}],"author":[{"embeddable":true,"href":"http:\/\/www.eklg.hu\/index.php\/wp-json\/wp\/v2\/users\/1"}],"replies":[{"embeddable":true,"href":"http:\/\/www.eklg.hu\/index.php\/wp-json\/wp\/v2\/comments?post=5100"}],"version-history":[{"count":22,"href":"http:\/\/www.eklg.hu\/index.php\/wp-json\/wp\/v2\/pages\/5100\/revisions"}],"predecessor-version":[{"id":11211,"href":"http:\/\/www.eklg.hu\/index.php\/wp-json\/wp\/v2\/pages\/5100\/revisions\/11211"}],"wp:attachment":[{"href":"http:\/\/www.eklg.hu\/index.php\/wp-json\/wp\/v2\/media?parent=5100"}],"curies":[{"name":"wp","href":"https:\/\/api.w.org\/{rel}","templated":true}]}}