{"id":4906,"date":"2020-04-02T22:12:37","date_gmt":"2020-04-02T20:12:37","guid":{"rendered":"http:\/\/www.eklg.hu\/?page_id=4906"},"modified":"2026-03-27T20:45:11","modified_gmt":"2026-03-27T19:45:11","slug":"fogadoora-foglalas-2","status":"publish","type":"page","link":"http:\/\/www.eklg.hu\/index.php\/fogadoora-foglalas-2\/","title":{"rendered":"2026.03.30. H\u00e9tf\u0151 &#8211; fogad\u00f3\u00f3ra id\u0151pontfoglal\u00e1s"},"content":{"rendered":"\n<p><strong>A tan\u00e1r nev\u00e9re kattint\u00e1ssal lehet id\u0151pontot k\u00e9rni.<\/strong><\/p>\n\n\n\n<p><strong>K\u00e9rj\u00fck a v\u00e1lasztott id\u0151pont \u00e9s el\u00e9rhet\u0151s\u00e9g feljegyz\u00e9s\u00e9t!<\/strong><\/p>\n\n\n\n<p><strong>A v\u00e1lasztott id\u0151pontot k\u00e9rj\u00fck pontosan tarts\u00e1k be!<\/strong><\/p>\n\n\n\n<p><strong>A fogad\u00f3\u00f3ra  szem\u00e9lyes jelenl\u00e9ttel t\u00f6rt\u00e9nik:<\/strong><\/p>\n\n\n\n<figure class=\"wp-block-table is-style-stripes\"><table><tbody><tr><td><strong>N\u00e9v<\/strong><\/td><td><\/td><\/tr><tr><td><a href=\"http:\/\/www.eklg.hu\/index.php\/fogadoora-foglalas-2\/ballyne-fazekas-judit\/\">Ballyn\u00e9 Fazekas Judit<\/a><\/td><td><\/td><\/tr><tr><td><a href=\"http:\/\/www.eklg.hu\/index.php\/fogadoora-foglalas-2\/barko-lajos-laszlo\/\">Bark\u00f3 Lajos L\u00e1szl\u00f3<\/a><\/td><td><\/td><\/tr><tr><td><a href=\"http:\/\/www.eklg.hu\/index.php\/barta-imre\/\">Barta Imre<\/a><\/td><td><\/td><\/tr><tr><td><a href=\"http:\/\/www.eklg.hu\/index.php\/fogadoora-foglalas-2\/bogdan-gabriella\/\">Bogd\u00e1n Gabriella<\/a><\/td><td><\/td><\/tr><tr><td><a href=\"http:\/\/www.eklg.hu\/index.php\/fogadoora-foglalas-2\/bozorady-ildiko\/\">Bozor\u00e1dy Ildik\u00f3<\/a><\/td><td><\/td><\/tr><tr><td><a href=\"http:\/\/www.eklg.hu\/index.php\/fogadoora-foglalas-2\/bozorady-zsuzsanna\/\">Bozor\u00e1dy Zsuzsanna<\/a><\/td><td><\/td><\/tr><tr><td><a href=\"http:\/\/www.eklg.hu\/index.php\/fogadoora-foglalas-2\/buss-kornelia\/\">Buss Korn\u00e9lia<\/a><\/td><td><\/td><\/tr><tr><td><a href=\"http:\/\/www.eklg.hu\/index.php\/fogadoora-foglalas-2\/dobos-cserfalvi-csilla\/\">Dobos-Cserfalvi Csilla<\/a><\/td><td><\/td><\/tr><tr><td>Dobos Eszter &#8211; \u00e1prilis 13. 6. \u00f3ra<\/td><td><\/td><\/tr><tr><td><a href=\"http:\/\/www.eklg.hu\/index.php\/fogadoora-foglalas-2\/dr-dezsone-majoros-lilla-klara\/\">Dr. Dezs\u0151n\u00e9 Majoros Lilla Kl\u00e1ra<\/a><\/td><td><\/td><\/tr><tr><td><a href=\"http:\/\/www.eklg.hu\/index.php\/fogadoora-foglalas-2\/dr-oroszne-herczeg-anna\/\">Dr. Oroszn\u00e9 Herczeg Anna<\/a><\/td><td><\/td><\/tr><tr><td><a href=\"http:\/\/www.eklg.hu\/index.php\/fogadoora-foglalas-2\/dr-tarnoczi-richardne-danko-ildiko\/\">Dr. Tarn\u00f3czi Rich\u00e1rdn\u00e9 Dank\u00f3 Ildik\u00f3<\/a><\/td><td><\/td><\/tr><tr><td>Dr. Vincze Katalin &#8211; \u00e1prilis 14. 6. \u00f3ra<\/td><td><\/td><\/tr><tr><td><a href=\"http:\/\/www.eklg.hu\/index.php\/fogadoora-foglalas-2\/erdei-sandor-timea\/\">Erdei-S\u00e1ndor T\u00edmea<\/a><\/td><td><\/td><\/tr><tr><td>Feh\u00e9rn\u00e9 Moln\u00e1r Marianna &#8211; \u00e1prilis 13. 2. \u00f3ra<\/td><td><\/td><\/tr><tr><td><a href=\"http:\/\/www.eklg.hu\/index.php\/fogadoora-foglalas-2\/haizer-tiborne\/\">Haizer Tiborn\u00e9<\/a><\/td><td><\/td><\/tr><tr><td><a href=\"http:\/\/www.eklg.hu\/index.php\/fogadoora-foglalas-2\/harascsakne-papp-andrea\/\">Harascs\u00e1kn\u00e9 Papp Andrea<\/a><\/td><td><\/td><\/tr><tr><td><a href=\"http:\/\/www.eklg.hu\/index.php\/fogadoora-foglalas-2\/barine-haraszti-adel\/\">Haraszti Ad\u00e9l<\/a><\/td><td><\/td><\/tr><tr><td><a href=\"http:\/\/www.eklg.hu\/index.php\/fogadoora-foglalas-2\/harsanyi-ildiko\/\">Hars\u00e1nyi Ildik\u00f3<\/a><\/td><td><\/td><\/tr><tr><td><a href=\"http:\/\/www.eklg.hu\/index.php\/fogadoora-foglalas-2\/heiner-ferenc\/\">Heiner Ferenc<\/a><\/td><td><\/td><\/tr><tr><td><a href=\"http:\/\/www.eklg.hu\/index.php\/fogadoora-foglalas-2\/homorodi-antalne\/\">Homor\u00f3di Antaln\u00e9<\/a><\/td><td><\/td><\/tr><tr><td><a href=\"http:\/\/www.eklg.hu\/?page_id=11948\">Jeles Em\u0151ke<\/a><\/td><td><\/td><\/tr><tr><td><a href=\"http:\/\/www.eklg.hu\/index.php\/fogadoora-foglalas-2\/juhasz-attila\/\">Juh\u00e1sz Attila<\/a><\/td><td><\/td><\/tr><tr><td>Juh\u00e1sz P\u00e9ter &#8211; \u00e1prilis 15. 5. \u00f3ra<\/td><td><\/td><\/tr><tr><td><a href=\"http:\/\/www.eklg.hu\/index.php\/fogadoora-foglalas-2\/juhasz-tamas\/\">Juh\u00e1sz Tam\u00e1s<\/a><\/td><td><\/td><\/tr><tr><td><a href=\"http:\/\/www.eklg.hu\/index.php\/fogadoora-foglalas-2\/kezsmarki-agnes\/\">K\u00e9zsm\u00e1rki \u00c1gnes<\/a><\/td><td><\/td><\/tr><tr><td><a href=\"http:\/\/www.eklg.hu\/index.php\/fogadoora-foglalas-2\/lazar-katalin\/\">L\u00e1z\u00e1r Katalin<\/a><\/td><td><\/td><\/tr><tr><td><a href=\"http:\/\/www.eklg.hu\/index.php\/fogadoora-foglalas-2\/marcsekne-vetesi-julia\/\">Marcsekn\u00e9 Vet\u00e9si J\u00falia<\/a><\/td><td><\/td><\/tr><tr><td><a href=\"http:\/\/www.eklg.hu\/index.php\/fogadoora-foglalas-2\/matyas-erdelyi-tunde\/\">M\u00e1ty\u00e1s-Erd\u00e9lyi T\u00fcnde<\/a><\/td><td><\/td><\/tr><tr><td><a href=\"http:\/\/www.eklg.hu\/index.php\/fogadoora-foglalas-2\/matyasi-peter\/\">M\u00e1ty\u00e1si P\u00e9ter<\/a><\/td><td><\/td><\/tr><tr><td><a href=\"http:\/\/www.eklg.hu\/index.php\/fogadoora-foglalas-2\/milene-varga-andrea-julianna\/\">Mil\u00e9n\u00e9 Varga Andrea Julianna<\/a><\/td><td><\/td><\/tr><tr><td><a href=\"http:\/\/www.eklg.hu\/index.php\/fogadoora-foglalas-2\/molnar-bettina\/\">Moln\u00e1r Bettina<\/a><\/td><td><\/td><\/tr><tr><td><a href=\"http:\/\/www.eklg.hu\/index.php\/fogadoora-foglalas-2\/nagyhazi-zsuzsanna\/\">Nagyh\u00e1zi Zsuzsanna<\/a><\/td><td><\/td><\/tr><tr><td>Orb\u00e1n Ir\u00e9n &#8211; \u00e1prilis 14. 4. \u00f3ra<\/td><td><\/td><\/tr><tr><td><a href=\"http:\/\/www.eklg.hu\/index.php\/fogadoora-foglalas-2\/pazonyi-gyorgy\/\">Pazonyi Gy\u00f6rgy<\/a><\/td><td><\/td><\/tr><tr><td><a href=\"http:\/\/www.eklg.hu\/index.php\/fogadoora-foglalas-2\/pazonyi-gyorgy-istvan\/\">Pazonyi Gy\u00f6rgy Istv\u00e1n<\/a><\/td><td><\/td><\/tr><tr><td><a href=\"http:\/\/www.eklg.hu\/index.php\/fogadoora-foglalas-2\/pernyak-anita\/\">Perny\u00e1k Anita<\/a><\/td><td><\/td><\/tr><tr><td><a href=\"http:\/\/www.eklg.hu\/index.php\/fogadoora-foglalas-2\/petho-karoly\/\">Peth\u0151 K\u00e1roly<\/a><\/td><td><\/td><\/tr><tr><td><a href=\"http:\/\/www.eklg.hu\/index.php\/fogadoora-foglalas-2\/kizman-agnes\/\">Petrusn\u00e9 Kizman \u00c1gnes<\/a><\/td><td><\/td><\/tr><tr><td><a href=\"http:\/\/www.eklg.hu\/index.php\/fogadoora-foglalas-2\/pintene-kosina-judit\/\">Pint\u00e9n\u00e9 Kosina Judit<\/a><\/td><td><\/td><\/tr><tr><td><a href=\"http:\/\/www.eklg.hu\/index.php\/fogadoora-foglalas-2\/pocsik-csabane\/\">P\u00f3csik Csab\u00e1n\u00e9<\/a><\/td><td><\/td><\/tr><tr><td><a href=\"http:\/\/www.eklg.hu\/index.php\/fogadoora-foglalas-2\/rozsnyai-aliz\/\">Rozsnyai Aliz<\/a><\/td><td><\/td><\/tr><tr><td>Rub\u00f3czki B\u00e9la &#8211; telefonos egyeztet\u00e9s alapj\u00e1n: 06 20\/315-10-21<\/td><td><\/td><\/tr><tr><td><a href=\"http:\/\/www.eklg.hu\/index.php\/fogadoora-foglalas-2\/siska-peter\/\">Siska P\u00e9ter<\/a><\/td><td><\/td><\/tr><tr><td><a href=\"http:\/\/www.eklg.hu\/index.php\/fogadoora-foglalas-2\/somoskoi-denes\/\">Somosk\u0151i D\u00e9nes<\/a><\/td><td><\/td><\/tr><tr><td><a href=\"http:\/\/www.eklg.hu\/index.php\/fogadoora-foglalas-2\/sovari-judit\/\">S\u00f3v\u00e1ri Judit<\/a><\/td><td><\/td><\/tr><tr><td><a href=\"http:\/\/www.eklg.hu\/index.php\/fogadoora-foglalas-2\/szabo-agnes-erzsebet\/\">Szab\u00f3 \u00c1gnes Erzs\u00e9bet<\/a><\/td><td><\/td><\/tr><tr><td><a href=\"http:\/\/www.eklg.hu\/index.php\/fogadoora-foglalas-2\/kollat-beatrix-eszter\/\">Szapora-Koll\u00e1t Beatrix Eszter<\/a><\/td><td><\/td><\/tr><tr><td><a href=\"http:\/\/www.eklg.hu\/index.php\/fogadoora-foglalas-2\/tamas-melinda\/\">Tam\u00e1s Melinda<\/a><\/td><td><\/td><\/tr><tr><td><a href=\"http:\/\/www.eklg.hu\/index.php\/fogadoora-foglalas-2\/toth-diana\/\">T\u00f3th Di\u00e1na<\/a><\/td><td><\/td><\/tr><tr><td><a href=\"http:\/\/www.eklg.hu\/index.php\/fogadoora-foglalas-2\/varga-erzsebet\/\">Varga Erzs\u00e9bet<\/a><\/td><td><\/td><\/tr><tr><td><a href=\"http:\/\/www.eklg.hu\/index.php\/fogadoora-foglalas-2\/villas-nandor\/\">Vill\u00e1s N\u00e1ndor<\/a><\/td><td><\/td><\/tr><tr><td><em><strong>R\u00e9szmunkaid\u0151ben foglalkoztatott:<\/strong><\/em><\/td><td><\/td><\/tr><tr><td><a href=\"http:\/\/www.eklg.hu\/index.php\/fogadoora-foglalas-2\/kerekes-rita\/\">Kerekes Rita<\/a><\/td><td><\/td><\/tr><tr><td><a href=\"http:\/\/www.eklg.hu\/index.php\/fogadoora-foglalas-2\/kobli-melinda\/\">K\u00f6bli Melinda<\/a><\/td><td><\/td><\/tr><tr><td><strong><em>Vall\u00e1stan\u00e1rok:<\/em><\/strong><\/td><td><\/td><\/tr><tr><td><a href=\"http:\/\/www.eklg.hu\/index.php\/fogadoora-foglalas-2\/jenei-peter\/\">Dr. Jenei P\u00e9ter (ref)<\/a><\/td><td><\/td><\/tr><tr><td><a href=\"http:\/\/www.eklg.hu\/index.php\/fogadoora-foglalas-2\/makay-gaborne\/\">Makay G\u00e1born\u00e9 (ref)<\/a><\/td><td><\/td><\/tr><tr><td><a href=\"http:\/\/www.eklg.hu\/index.php\/fogadoora-foglalas-2\/peterne-vanczak-rita\/\">P\u00e9tern\u00e9 Vancz\u00e1k Rita (ref)<\/a><\/td><td><\/td><\/tr><tr><td><a href=\"http:\/\/www.eklg.hu\/index.php\/fogadoora-foglalas-2\/prekup-erzsebet\/\">Prekup Erzs\u00e9bet (gk)<\/a><\/td><td><\/td><\/tr><\/tbody><\/table><\/figure>\n\n\n\n<p><\/p>\n","protected":false},"excerpt":{"rendered":"<p>A tan\u00e1r nev\u00e9re kattint\u00e1ssal lehet id\u0151pontot k\u00e9rni. K\u00e9rj\u00fck a v\u00e1lasztott id\u0151pont \u00e9s el\u00e9rhet\u0151s\u00e9g feljegyz\u00e9s\u00e9t! A v\u00e1lasztott id\u0151pontot k\u00e9rj\u00fck pontosan tarts\u00e1k &hellip; <\/p>\n","protected":false},"author":1,"featured_media":0,"parent":0,"menu_order":0,"comment_status":"closed","ping_status":"closed","template":"","meta":{"ngg_post_thumbnail":0,"footnotes":""},"class_list":["post-4906","page","type-page","status-publish","hentry"],"_links":{"self":[{"href":"http:\/\/www.eklg.hu\/index.php\/wp-json\/wp\/v2\/pages\/4906","targetHints":{"allow":["GET"]}}],"collection":[{"href":"http:\/\/www.eklg.hu\/index.php\/wp-json\/wp\/v2\/pages"}],"about":[{"href":"http:\/\/www.eklg.hu\/index.php\/wp-json\/wp\/v2\/types\/page"}],"author":[{"embeddable":true,"href":"http:\/\/www.eklg.hu\/index.php\/wp-json\/wp\/v2\/users\/1"}],"replies":[{"embeddable":true,"href":"http:\/\/www.eklg.hu\/index.php\/wp-json\/wp\/v2\/comments?post=4906"}],"version-history":[{"count":59,"href":"http:\/\/www.eklg.hu\/index.php\/wp-json\/wp\/v2\/pages\/4906\/revisions"}],"predecessor-version":[{"id":12918,"href":"http:\/\/www.eklg.hu\/index.php\/wp-json\/wp\/v2\/pages\/4906\/revisions\/12918"}],"wp:attachment":[{"href":"http:\/\/www.eklg.hu\/index.php\/wp-json\/wp\/v2\/media?parent=4906"}],"curies":[{"name":"wp","href":"https:\/\/api.w.org\/{rel}","templated":true}]}}