{"id":4713,"date":"2020-01-14T13:51:36","date_gmt":"2020-01-14T12:51:36","guid":{"rendered":"http:\/\/www.eklg.hu\/?page_id=4713"},"modified":"2025-09-01T07:28:06","modified_gmt":"2025-09-01T05:28:06","slug":"tanaraink","status":"publish","type":"page","link":"http:\/\/www.eklg.hu\/index.php\/magunkrol\/tanaraink\/","title":{"rendered":"Munkat\u00e1rsaink"},"content":{"rendered":"\n<figure class=\"wp-block-table is-style-stripes\"><table><tbody><tr><td><strong>Vezet\u0151s\u00e9g:<\/strong><\/td><td><\/td><\/tr><tr><td><img decoding=\"async\" src=\"http:\/\/www.eklg.hu\/wp-content\/uploads\/2025\/01\/rb.jpg\" alt=\"\" style=\"width: 200px;\"><\/td><td><strong>Rub\u00f3czki B\u00e9la<\/strong><br>MEGB\u00cdZOTT IGAZGAT\u00d3<br>angol, digit\u00e1lis kult\u00fara, testnevel\u00e9s<\/td><\/tr><tr><td><img decoding=\"async\" src=\"http:\/\/www.eklg.hu\/wp-content\/uploads\/2021\/11\/Homorodi_A.jpg\" alt=\"\"><\/td><td><strong>Homor\u00f3di Antaln\u00e9<\/strong><br>NEVEL\u00c9SI IGAZGAT\u00d3HELYETTES, <br>magyar nyelv \u00e9s irodalom, k\u00f6nyvt\u00e1r<\/td><\/tr><tr><td><img loading=\"lazy\" decoding=\"async\" width=\"200\" height=\"270\" class=\"wp-image-11325\" style=\"width: 200px;\" src=\"http:\/\/www.eklg.hu\/wp-content\/uploads\/2025\/07\/mvaj.jpg\" alt=\"\"><\/td><td><strong>Mil\u00e9n\u00e9 Varga Andrea Julianna<\/strong><br>OKTAT\u00c1SI IGAZGAT\u00d3HELYETTES,<br>francia nyelv, olasz nyelv<\/td><\/tr><tr><td><img decoding=\"async\" src=\"http:\/\/www.eklg.hu\/wp-content\/uploads\/2021\/11\/Bozorady_I.jpg\" alt=\"\"><\/td><td><strong>Bozor\u00e1dy Ildik\u00f3<\/strong><br>ISKOLALELK\u00c9SZ, evang\u00e9likus hittan<\/td><\/tr><tr><td><\/td><td><\/td><\/tr><tr><td><strong>Tan\u00e1raink:<\/strong><\/td><td><\/td><\/tr><tr><td><img loading=\"lazy\" decoding=\"async\" width=\"200\" height=\"300\" class=\"wp-image-10669\" src=\"http:\/\/www.eklg.hu\/wp-content\/uploads\/2025\/03\/HZQL0261.jpg\" alt=\"\"><\/td><td><strong>Ballyn\u00e9 Fazekas Judit<\/strong><br>t\u00f6rt\u00e9nelem, n\u00e9met nyelv<\/td><\/tr><tr><td><img decoding=\"async\" src=\"http:\/\/www.eklg.hu\/wp-content\/uploads\/2025\/03\/HZQL8425.jpg\" alt=\"\"><\/td><td><strong>Bark\u00f3 Lajos L\u00e1szl\u00f3<\/strong><br>biol\u00f3gia, k\u00e9mia<\/td><\/tr><tr><td><img loading=\"lazy\" decoding=\"async\" width=\"200\" height=\"300\" class=\"wp-image-10668\" src=\"http:\/\/www.eklg.hu\/wp-content\/uploads\/2025\/03\/HZQL7892.jpg\" alt=\"\"><\/td><td><strong>Barta Imre<\/strong><br>testnevel\u00e9s<\/td><\/tr><tr><td><img decoding=\"async\" src=\"http:\/\/www.eklg.hu\/wp-content\/uploads\/2022\/09\/Bogdan_G.jpg\" alt=\"\" style=\"width: 200px;\"><\/td><td><strong>Bogd\u00e1n Gabriella<\/strong><br>n\u00e9met<\/td><\/tr><tr><td><img loading=\"lazy\" decoding=\"async\" width=\"200\" height=\"296\" class=\"wp-image-6180\" style=\"width: 200px;\" src=\"http:\/\/www.eklg.hu\/wp-content\/uploads\/2022\/09\/Bozorady_Zs.jpg\" alt=\"\" srcset=\"http:\/\/www.eklg.hu\/wp-content\/uploads\/2022\/09\/Bozorady_Zs.jpg 804w, http:\/\/www.eklg.hu\/wp-content\/uploads\/2022\/09\/Bozorady_Zs-203x300.jpg 203w, http:\/\/www.eklg.hu\/wp-content\/uploads\/2022\/09\/Bozorady_Zs-692x1024.jpg 692w, http:\/\/www.eklg.hu\/wp-content\/uploads\/2022\/09\/Bozorady_Zs-768x1137.jpg 768w\" sizes=\"auto, (max-width: 200px) 100vw, 200px\" \/><\/td><td><strong>Bozor\u00e1dy Zsuzsanna<\/strong><br>evang\u00e9likus hittan<\/td><\/tr><tr><td><img loading=\"lazy\" decoding=\"async\" width=\"200\" height=\"300\" class=\"wp-image-10670\" src=\"http:\/\/www.eklg.hu\/wp-content\/uploads\/2025\/03\/HZQL9842-masolat.jpg\" alt=\"\"><\/td><td><strong>Buss Korn\u00e9lia<\/strong><br>olasz nyelv, logop\u00e9dia<\/td><\/tr><tr><td><img decoding=\"async\" src=\"http:\/\/www.eklg.hu\/wp-content\/uploads\/2021\/11\/Dobos_Cs.jpg\" alt=\"\"><\/td><td><strong>Dobos-Cserfalvi Csilla<\/strong><br>matematika, t\u00f6rt\u00e9nelem<\/td><\/tr><tr><td><img loading=\"lazy\" decoding=\"async\" width=\"200\" height=\"300\" class=\"wp-image-10671\" src=\"http:\/\/www.eklg.hu\/wp-content\/uploads\/2025\/03\/HZQL9742.jpg\" alt=\"\"><\/td><td><strong>Dobos Eszter<\/strong><br>matematika<\/td><\/tr><tr><td><img decoding=\"async\" width=\"200\" src=\"http:\/\/www.eklg.hu\/wp-content\/uploads\/2023\/03\/lilla-683x1024.jpg\" alt=\"\"><\/td><td><strong>Dr. Dezs\u0151n\u00e9 Majoros Lilla Kl\u00e1ra<\/strong><br>angol nyelv, t\u00f6rt\u00e9nelem<\/td><\/tr><tr><td><img decoding=\"async\" src=\"http:\/\/www.eklg.hu\/wp-content\/uploads\/2021\/11\/Ororszne_A.jpg\" alt=\"\"><\/td><td><strong>Dr. Oroszn\u00e9 Herczeg Anna<\/strong><br>olasz nyelv, n\u00e9met nyelv, orosz nyelv<\/td><\/tr><tr><td><img loading=\"lazy\" decoding=\"async\" width=\"200\" height=\"251\" class=\"wp-image-11318\" style=\"\" src=\"http:\/\/www.eklg.hu\/wp-content\/uploads\/2025\/07\/trdi.jpg\" alt=\"\"><\/td><td><strong>Dr. Tarn\u00f3czi Rich\u00e1rdn\u00e9 Dank\u00f3 Ildik\u00f3<\/strong><br>matematika, fizika<\/td><\/tr><tr><td><img loading=\"lazy\" decoding=\"async\" width=\"200\" height=\"300\" class=\"wp-image-6689\" style=\"width: 200px;\" src=\"http:\/\/www.eklg.hu\/wp-content\/uploads\/2023\/04\/Dr.-Vincze-Katalin.jpg\" alt=\"\" srcset=\"http:\/\/www.eklg.hu\/wp-content\/uploads\/2023\/04\/Dr.-Vincze-Katalin.jpg 940w, http:\/\/www.eklg.hu\/wp-content\/uploads\/2023\/04\/Dr.-Vincze-Katalin-200x300.jpg 200w, http:\/\/www.eklg.hu\/wp-content\/uploads\/2023\/04\/Dr.-Vincze-Katalin-683x1024.jpg 683w, http:\/\/www.eklg.hu\/wp-content\/uploads\/2023\/04\/Dr.-Vincze-Katalin-768x1152.jpg 768w\" sizes=\"auto, (max-width: 200px) 100vw, 200px\" \/><\/td><td><strong>Dr. Vincze Katalin<\/strong><br>n\u00e9met nyelv, t\u00f6rt\u00e9nelem<\/td><\/tr><tr><td><img loading=\"lazy\" decoding=\"async\" width=\"200\" height=\"300\" class=\"wp-image-10672\" src=\"http:\/\/www.eklg.hu\/wp-content\/uploads\/2025\/03\/HZQL5410.jpg\" alt=\"\"><\/td><td><strong>Erdei-S\u00e1ndor T\u00edmea<\/strong><br>f\u00f6ldrajz, biol\u00f3gia<\/td><\/tr><tr><td><img loading=\"lazy\" decoding=\"async\" width=\"200\" height=\"300\" class=\"wp-image-10673\" src=\"http:\/\/www.eklg.hu\/wp-content\/uploads\/2025\/03\/HZQL8278.jpg\" alt=\"\"><\/td><td><strong>Feh\u00e9rn\u00e9 Moln\u00e1r Marianna<\/strong><br>k\u00e9mia, biol\u00f3gia<\/td><\/tr><tr><td><img decoding=\"async\" src=\"http:\/\/www.eklg.hu\/wp-content\/uploads\/2021\/11\/Haizer_T.jpg\" alt=\"\"><\/td><td><strong>Haizer Tiborn\u00e9<\/strong><br>magyar nyelv \u00e9s irodalom, n\u00e9met nyelv, orosz nyelv<\/td><\/tr><tr><td><img loading=\"lazy\" decoding=\"async\" width=\"200\" height=\"252\" class=\"wp-image-11319\" style=\"\" src=\"http:\/\/www.eklg.hu\/wp-content\/uploads\/2025\/07\/hpa.jpg\" alt=\"\"><\/td><td><strong>Harascs\u00e1kn\u00e9 Papp Andrea<\/strong><br>magyar nyelv \u00e9s irodalom, olasz nyelv<\/td><\/tr><tr><td><img loading=\"lazy\" decoding=\"async\" width=\"200\" height=\"300\" class=\"wp-image-10688\" src=\"http:\/\/www.eklg.hu\/wp-content\/uploads\/2025\/03\/HZQL5475.jpg\" alt=\"\"><\/td><td><strong>Haraszti Ad\u00e9l<\/strong><br>magyar nyelv \u00e9s irodalom, t\u00e1rsadalomismeret, vizu\u00e1lis kult\u00fara, logop\u00e9dia<\/td><\/tr><tr><td><img loading=\"lazy\" decoding=\"async\" width=\"200\" height=\"300\" class=\"wp-image-10674\" src=\"http:\/\/www.eklg.hu\/wp-content\/uploads\/2025\/03\/HZQL8542.jpg\" alt=\"\"><\/td><td><strong>Heiner Ferenc<\/strong><br>t\u00f6rt\u00e9nelem, k\u00f6zigazgat\u00e1si ismeretek<\/td><\/tr><tr><td><img loading=\"lazy\" decoding=\"async\" width=\"200\" height=\"300\" class=\"wp-image-10675\" src=\"http:\/\/www.eklg.hu\/wp-content\/uploads\/2025\/03\/HZQL8701.jpg\" alt=\"\"><\/td><td><strong>Juh\u00e1sz Attila<\/strong><br>digit\u00e1lis kult\u00fara<\/td><\/tr><tr><td><img loading=\"lazy\" decoding=\"async\" width=\"200\" height=\"269\" class=\"wp-image-11321\" style=\"width: 200px;\" src=\"http:\/\/www.eklg.hu\/wp-content\/uploads\/2025\/07\/jp.jpg\" alt=\"\"><\/td><td><strong>Juh\u00e1sz P\u00e9ter<\/strong><br>digit\u00e1lis kult\u00fara, matematika, testnevel\u00e9s<\/td><\/tr><tr><td><img decoding=\"async\" src=\"http:\/\/www.eklg.hu\/wp-content\/uploads\/2021\/11\/Juhasz_T.jpg\" alt=\"\"><\/td><td><strong>Juh\u00e1sz Tam\u00e1s<\/strong><br>matematika, digit\u00e1lis kult\u00fara<\/td><\/tr><tr><td><img decoding=\"async\" src=\"http:\/\/www.eklg.hu\/wp-content\/uploads\/2021\/11\/Kezsmarki_A.jpg\" alt=\"\"><\/td><td><strong>K\u00e9zsm\u00e1rki \u00c1gnes<\/strong><br>t\u00f6rt\u00e9nelem, vizu\u00e1lis kult\u00fara<\/td><\/tr><tr><td><img loading=\"lazy\" decoding=\"async\" width=\"200\" height=\"261\" class=\"wp-image-11323\" style=\"width: 200px;\" src=\"http:\/\/www.eklg.hu\/wp-content\/uploads\/2025\/07\/lk.jpg\" alt=\"\"><\/td><td><strong>L\u00e1z\u00e1r Katalin<\/strong><br>magyar nyelv \u00e9s irodalom, \u00e9nek-zene, fejleszt\u0151pedag\u00f3gus<\/td><\/tr><tr><td><img loading=\"lazy\" decoding=\"async\" width=\"200\" height=\"300\" class=\"wp-image-10676\" src=\"http:\/\/www.eklg.hu\/wp-content\/uploads\/2025\/03\/HZQL8443.jpg\" alt=\"\"><\/td><td><strong>Marcsekn\u00e9 Vet\u00e9si J\u00falia<\/strong><br>matematika, fizika<\/td><\/tr><tr><td><img decoding=\"async\" src=\"http:\/\/www.eklg.hu\/wp-content\/uploads\/2025\/03\/HZQL9268.jpg\" alt=\"\"><\/td><td><strong>M\u00e1ty\u00e1s-Erd\u00e9lyi T\u00fcnde<\/strong><br>angol nyelv<\/td><\/tr><tr><td><img loading=\"lazy\" decoding=\"async\" width=\"200\" height=\"300\" class=\"wp-image-10678\" src=\"http:\/\/www.eklg.hu\/wp-content\/uploads\/2025\/03\/HZQL9281.jpg\" alt=\"\"><\/td><td><strong>M\u00e1ty\u00e1si P\u00e9ter<\/strong><br>testnevel\u00e9s<\/td><\/tr><tr><td><img loading=\"lazy\" decoding=\"async\" width=\"200\" height=\"300\" class=\"wp-image-10681\" src=\"http:\/\/www.eklg.hu\/wp-content\/uploads\/2025\/03\/HZQL9202.jpg\" alt=\"\"><\/td><td><strong>Moln\u00e1r Bettina<\/strong><br>testnevel\u00e9s<\/td><\/tr><tr><td><img loading=\"lazy\" decoding=\"async\" width=\"200\" height=\"300\" class=\"wp-image-10683\" src=\"http:\/\/www.eklg.hu\/wp-content\/uploads\/2025\/03\/HZQL8660.jpg\" alt=\"\"><\/td><td><strong>Nagyh\u00e1zi Zsuzsanna<\/strong><br>matematika<\/td><\/tr><tr><td><img loading=\"lazy\" decoding=\"async\" width=\"200\" height=\"300\" class=\"wp-image-10684\" src=\"http:\/\/www.eklg.hu\/wp-content\/uploads\/2025\/03\/HZQL8306.jpg\" alt=\"\"><\/td><td><strong>Orb\u00e1n Ir\u00e9n<\/strong><br>angol nyelv<\/td><\/tr><tr><td><img loading=\"lazy\" decoding=\"async\" width=\"200\" height=\"270\" class=\"wp-image-11326\" style=\"width: 200px;\" src=\"http:\/\/www.eklg.hu\/wp-content\/uploads\/2025\/07\/pgyi.jpg\" alt=\"\"><\/td><td><strong>Pazonyi Gy\u00f6rgy Istv\u00e1n<\/strong><br>testnevel\u00e9s<\/td><\/tr><tr><td><\/td><td><strong>Pazonyi Gy\u00f6rgy<\/strong><br>Testnevel\u00e9s<\/td><\/tr><tr><td><img decoding=\"async\" src=\"blob:http:\/\/www.eklg.hu\/2e8565b7-8683-4080-8521-4ca797faa516\" alt=\"\"><img loading=\"lazy\" decoding=\"async\" width=\"200\" height=\"300\" class=\"wp-image-10685\" src=\"http:\/\/www.eklg.hu\/wp-content\/uploads\/2025\/03\/HZQL8299.jpg\" alt=\"\"><\/td><td><strong>Peth\u0151 K\u00e1roly<\/strong><br>testnevel\u00e9s<\/td><\/tr><tr><td><img loading=\"lazy\" decoding=\"async\" width=\"200\" height=\"262\" class=\"wp-image-11327\" style=\"\" src=\"http:\/\/www.eklg.hu\/wp-content\/uploads\/2025\/07\/pka.jpg\" alt=\"\"><\/td><td><strong>Petrusn\u00e9 Kizman \u00c1gnes<\/strong><br>matematika, fizika<\/td><\/tr><tr><td><img loading=\"lazy\" decoding=\"async\" width=\"200\" height=\"300\" class=\"wp-image-10686\" src=\"http:\/\/www.eklg.hu\/wp-content\/uploads\/2025\/03\/HZQL5422.jpg\" alt=\"\"><\/td><td><strong>Perny\u00e1k Anita<\/strong><br>francia, mozg\u00f3k\u00e9pkult\u00fara \u00e9s m\u00e9diaismeret&nbsp;<\/td><\/tr><tr><td><img loading=\"lazy\" decoding=\"async\" width=\"200\" height=\"248\" class=\"wp-image-11328\" style=\"\" src=\"http:\/\/www.eklg.hu\/wp-content\/uploads\/2025\/07\/pkj.jpg\" alt=\"\"><\/td><td><strong>Pint\u00e9n\u00e9 Kosina Judit<\/strong><br>k\u00f6nyvt\u00e1ros, magyar nyelv \u00e9s irodalom<\/td><\/tr><tr><td><img decoding=\"async\" src=\"http:\/\/www.eklg.hu\/wp-content\/uploads\/2021\/11\/Rozsnyai_A.jpg\" alt=\"\"><\/td><td><strong>Rozsnyai Aliz<\/strong><br>angol nyelv<\/td><\/tr><tr><td><img loading=\"lazy\" decoding=\"async\" width=\"200\" height=\"270\" class=\"wp-image-11329\" style=\"\" src=\"http:\/\/www.eklg.hu\/wp-content\/uploads\/2025\/07\/sp.jpg\" alt=\"\"><\/td><td><strong>Siska P\u00e9ter<\/strong><br>magyar nyelv \u00e9s irodalom<\/td><\/tr><tr><td><img loading=\"lazy\" decoding=\"async\" width=\"200\" height=\"261\" class=\"wp-image-11330\" style=\"\" src=\"http:\/\/www.eklg.hu\/wp-content\/uploads\/2025\/07\/sd.jpg\" alt=\"\"><\/td><td><strong>Somosk\u0151i D\u00e9nes<\/strong><br>f\u00f6ldrajz, vizu\u00e1lis kult\u00fara<\/td><\/tr><tr><td><\/td><td><strong>Sztankula-Szab\u00f3 \u00c1gnes Erzs\u00e9bet<\/strong> (t\u00f6rt\u00e9nelem-biol\u00f3gia)<\/td><\/tr><tr><td><img loading=\"lazy\" decoding=\"async\" width=\"200\" height=\"250\" class=\"wp-image-11331\" style=\"\" src=\"http:\/\/www.eklg.hu\/wp-content\/uploads\/2025\/07\/szkb.jpg\" alt=\"\"><\/td><td><strong>Szapora-Koll\u00e1t Beatrix Eszter<\/strong><br>matematika, fizika<\/td><\/tr><tr><td><img decoding=\"async\" src=\"http:\/\/www.eklg.hu\/wp-content\/uploads\/2021\/11\/Tamas_M.jpg\" alt=\"\"><\/td><td><strong>Tam\u00e1s Melinda<\/strong><br>magyar nyelv \u00e9s irodalom, t\u00f6rt\u00e9nelem, k\u00f6zigazgat\u00e1si ismeretek<\/td><\/tr><tr><td><img loading=\"lazy\" decoding=\"async\" width=\"200\" height=\"248\" class=\"wp-image-11332\" style=\"\" src=\"http:\/\/www.eklg.hu\/wp-content\/uploads\/2025\/07\/td.jpg\" alt=\"\"><\/td><td><strong>T\u00f3th Di\u00e1na<\/strong><br>matematika, fizika<\/td><\/tr><tr><td><img loading=\"lazy\" decoding=\"async\" width=\"200\" height=\"274\" class=\"wp-image-11333\" style=\"\" src=\"http:\/\/www.eklg.hu\/wp-content\/uploads\/2025\/07\/ve.jpg\" alt=\"\"><\/td><td><strong>Varga Erzs\u00e9bet<\/strong><br>angol nyelv<\/td><\/tr><tr><td><img loading=\"lazy\" decoding=\"async\" width=\"200\" height=\"263\" class=\"wp-image-11334\" style=\"\" src=\"http:\/\/www.eklg.hu\/wp-content\/uploads\/2025\/07\/vn.jpg\" alt=\"\"><\/td><td><strong>Vill\u00e1s N\u00e1ndor<\/strong><br>k\u00e9mia<\/td><\/tr><tr><td><strong>R\u00e9szmunkaid\u0151ben foglalkoztatottak:<\/strong><\/td><td><\/td><\/tr><tr><td><img loading=\"lazy\" decoding=\"async\" width=\"200\" height=\"257\" class=\"wp-image-11335\" style=\"\" src=\"http:\/\/www.eklg.hu\/wp-content\/uploads\/2025\/07\/kr.jpg\" alt=\"\"><\/td><td><strong>Dr. Kerekes Rita<\/strong><br>\u00e9nek-zene<\/td><\/tr><tr><td><img loading=\"lazy\" decoding=\"async\" width=\"200\" height=\"300\" class=\"wp-image-10689\" src=\"http:\/\/www.eklg.hu\/wp-content\/uploads\/2025\/03\/HZQL5442.jpg\" alt=\"\"><\/td><td><strong>K\u00f6bli Melinda<\/strong><br>angol nyelv<\/td><\/tr><tr><td><strong>\u00d3rad\u00f3k:<\/strong><\/td><td><\/td><\/tr><tr><td><\/td><td><\/td><\/tr><tr><td><strong>Hitoktat\u00f3k:<\/strong><\/td><td><\/td><\/tr><tr><td><img loading=\"lazy\" decoding=\"async\" width=\"200\" height=\"254\" class=\"wp-image-6199\" style=\"width: 200px;\" src=\"http:\/\/www.eklg.hu\/wp-content\/uploads\/2022\/09\/Jenei_P.jpg\" alt=\"\" srcset=\"http:\/\/www.eklg.hu\/wp-content\/uploads\/2022\/09\/Jenei_P.jpg 940w, http:\/\/www.eklg.hu\/wp-content\/uploads\/2022\/09\/Jenei_P-236x300.jpg 236w, http:\/\/www.eklg.hu\/wp-content\/uploads\/2022\/09\/Jenei_P-806x1024.jpg 806w, http:\/\/www.eklg.hu\/wp-content\/uploads\/2022\/09\/Jenei_P-768x976.jpg 768w\" sizes=\"auto, (max-width: 200px) 100vw, 200px\" \/><\/td><td>Dr. <strong>Jenei P\u00e9ter<\/strong><br>reform\u00e1tus hittan<\/td><\/tr><tr><td><img loading=\"lazy\" decoding=\"async\" width=\"200\" height=\"252\" class=\"wp-image-6206\" style=\"width: 200px;\" src=\"http:\/\/www.eklg.hu\/wp-content\/uploads\/2022\/09\/Peterne_R-1.jpg\" alt=\"\" srcset=\"http:\/\/www.eklg.hu\/wp-content\/uploads\/2022\/09\/Peterne_R-1.jpg 940w, http:\/\/www.eklg.hu\/wp-content\/uploads\/2022\/09\/Peterne_R-1-238x300.jpg 238w, http:\/\/www.eklg.hu\/wp-content\/uploads\/2022\/09\/Peterne_R-1-812x1024.jpg 812w, http:\/\/www.eklg.hu\/wp-content\/uploads\/2022\/09\/Peterne_R-1-768x969.jpg 768w\" sizes=\"auto, (max-width: 200px) 100vw, 200px\" \/><\/td><td><strong>P\u00e9tern\u00e9 Vancz\u00e1k Rita<\/strong><br>r\u00f3mai katolikus hittan<\/td><\/tr><tr><td><img decoding=\"async\" src=\"http:\/\/www.eklg.hu\/wp-content\/uploads\/2021\/11\/Prekup_E.jpg\" alt=\"\"><\/td><td><strong>Prekup Erzs\u00e9bet<\/strong><br>g\u00f6r\u00f6gkatolikus hittan<\/td><\/tr><tr><td><\/td><td><strong>Makay G\u00e1born\u00e9<\/strong><\/td><\/tr><tr><td><strong>Oktat\u00f3-nevel\u0151 munk\u00e1t seg\u00edt\u0151k:<\/strong><\/td><td><\/td><\/tr><tr><td><img loading=\"lazy\" decoding=\"async\" width=\"200\" height=\"300\" class=\"wp-image-10690\" src=\"http:\/\/www.eklg.hu\/wp-content\/uploads\/2025\/03\/HZQL9244.jpg\" alt=\"\"><\/td><td><strong>G\u00e1l J\u00e1nosn\u00e9<\/strong><br>iskolatitk\u00e1r<\/td><\/tr><tr><td><img loading=\"lazy\" decoding=\"async\" width=\"200\" height=\"300\" class=\"wp-image-10691\" src=\"http:\/\/www.eklg.hu\/wp-content\/uploads\/2025\/03\/HZQL9262.jpg\" alt=\"\"><\/td><td><strong>Krist\u00f3f Kl\u00e1ra<br><\/strong>iskolatitk\u00e1r<\/td><\/tr><tr><td><img loading=\"lazy\" decoding=\"async\" width=\"200\" height=\"300\" class=\"wp-image-10700\" src=\"http:\/\/www.eklg.hu\/wp-content\/uploads\/2025\/03\/HZQL8492.jpg\" alt=\"\"><\/td><td><strong>Fodor M\u00f3nika<\/strong><br>iskolatitk\u00e1r<\/td><\/tr><tr><td><\/td><td><strong>Orb\u00e1n Bal\u00e1zs<\/strong><br>iskolapszichol\u00f3gus<\/td><\/tr><tr><td><\/td><td><strong>Er\u0151ss T\u00edmea<br><\/strong>iskolai szoci\u00e1lis seg\u00edt\u0151<\/td><\/tr><tr><td><img loading=\"lazy\" decoding=\"async\" width=\"200\" height=\"246\" class=\"wp-image-11336\" style=\"\" src=\"http:\/\/www.eklg.hu\/wp-content\/uploads\/2025\/07\/dl.jpg\" alt=\"\"><\/td><td><strong>D\u00e1nku L\u00f3r\u00e1nt<\/strong><br>rendszergazda, adatv\u00e9delmi tisztvisel\u0151<br><a rel=\"noreferrer noopener\" href=\"mailto:dankulorant@eklg.hu\" target=\"_blank\">dankulorant@eklg.hu<\/a><br>+36 20 824 6179<\/td><\/tr><tr><td><img loading=\"lazy\" decoding=\"async\" width=\"200\" height=\"300\" class=\"wp-image-10692\" src=\"http:\/\/www.eklg.hu\/wp-content\/uploads\/2025\/03\/HZQL0011.jpg\" alt=\"\"><\/td><td><strong>Moln\u00e1r P\u00e9ter Zolt\u00e1n<\/strong><br>labor\u00e1ns<\/td><\/tr><tr><td><\/td><td><strong>R\u00e1cz S\u00e1ndorn\u00e9<\/strong><br>k\u00f6nyvt\u00e1rseg\u00edt\u0151 rm.<\/td><\/tr><tr><td><strong>Gazdas\u00e1gi irodai <strong>munkat\u00e1rsak<\/strong>:<\/strong><\/td><td><\/td><\/tr><tr><td><img loading=\"lazy\" decoding=\"async\" width=\"200\" height=\"253\" class=\"wp-image-11338\" style=\"width: 200px;\" src=\"http:\/\/www.eklg.hu\/wp-content\/uploads\/2025\/07\/sza.jpg\" alt=\"\"><\/td><td><strong>Szalai Attila<\/strong><br>gazdas\u00e1gi igazgat\u00f3helyettes<\/td><\/tr><tr><td><img loading=\"lazy\" decoding=\"async\" width=\"200\" height=\"254\" class=\"wp-image-11339\" style=\"\" src=\"http:\/\/www.eklg.hu\/wp-content\/uploads\/2025\/07\/vve.jpg\" alt=\"\"><\/td><td><strong>Vir\u00e1gn\u00e9 Vajda Erzs\u00e9bet Piroska<\/strong><br>gazdas\u00e1gi el\u0151ad\u00f3<\/td><\/tr><tr><td><img loading=\"lazy\" decoding=\"async\" width=\"200\" height=\"250\" class=\"wp-image-11340\" style=\"\" src=\"http:\/\/www.eklg.hu\/wp-content\/uploads\/2025\/07\/btma.jpg\" alt=\"\"><\/td><td><strong>B\u00e9resn\u00e9 Tak\u00e1cs Melinda \u00c1gnes<\/strong><br>gazdas\u00e1gi el\u0151ad\u00f3<\/td><\/tr><tr><td><\/td><td><\/td><\/tr><tr><td><strong>Technikai munkat\u00e1rsak:<\/strong><\/td><td><\/td><\/tr><tr><td><\/td><td><strong>Incze P\u00e1ln\u00e9<\/strong> port\u00e1s<br><strong>Ferencz Zolt\u00e1n<\/strong> karbantart\u00f3<br><strong>Horv\u00e1th Izabella<\/strong> takar\u00edt\u00f3<br><strong>F\u00e1bi\u00e1n Erzs\u00e9bet<\/strong> takar\u00edt\u00f3<br><strong>G\u00e1l Ilona<\/strong> takar\u00edt\u00f3<br><strong>Nam\u00e9nyi Andr\u00e1s J\u00e1nosn\u00e9<\/strong> takar\u00edt\u00f3<br><strong>Tak\u00e1cs Erzs\u00e9bet T\u00fcnde<\/strong> takar\u00edt\u00f3<\/td><\/tr><tr><td><\/td><td><\/td><\/tr><\/tbody><\/table><\/figure>\n","protected":false},"excerpt":{"rendered":"<p>Vezet\u0151s\u00e9g: Rub\u00f3czki B\u00e9laMEGB\u00cdZOTT IGAZGAT\u00d3angol, digit\u00e1lis kult\u00fara, testnevel\u00e9s Homor\u00f3di Antaln\u00e9NEVEL\u00c9SI IGAZGAT\u00d3HELYETTES, magyar nyelv \u00e9s irodalom, k\u00f6nyvt\u00e1r Mil\u00e9n\u00e9 Varga Andrea JuliannaOKTAT\u00c1SI IGAZGAT\u00d3HELYETTES,francia &hellip; <\/p>\n","protected":false},"author":1,"featured_media":0,"parent":2,"menu_order":0,"comment_status":"closed","ping_status":"closed","template":"","meta":{"ngg_post_thumbnail":0,"footnotes":""},"class_list":["post-4713","page","type-page","status-publish","hentry"],"_links":{"self":[{"href":"http:\/\/www.eklg.hu\/index.php\/wp-json\/wp\/v2\/pages\/4713","targetHints":{"allow":["GET"]}}],"collection":[{"href":"http:\/\/www.eklg.hu\/index.php\/wp-json\/wp\/v2\/pages"}],"about":[{"href":"http:\/\/www.eklg.hu\/index.php\/wp-json\/wp\/v2\/types\/page"}],"author":[{"embeddable":true,"href":"http:\/\/www.eklg.hu\/index.php\/wp-json\/wp\/v2\/users\/1"}],"replies":[{"embeddable":true,"href":"http:\/\/www.eklg.hu\/index.php\/wp-json\/wp\/v2\/comments?post=4713"}],"version-history":[{"count":70,"href":"http:\/\/www.eklg.hu\/index.php\/wp-json\/wp\/v2\/pages\/4713\/revisions"}],"predecessor-version":[{"id":11537,"href":"http:\/\/www.eklg.hu\/index.php\/wp-json\/wp\/v2\/pages\/4713\/revisions\/11537"}],"up":[{"embeddable":true,"href":"http:\/\/www.eklg.hu\/index.php\/wp-json\/wp\/v2\/pages\/2"}],"wp:attachment":[{"href":"http:\/\/www.eklg.hu\/index.php\/wp-json\/wp\/v2\/media?parent=4713"}],"curies":[{"name":"wp","href":"https:\/\/api.w.org\/{rel}","templated":true}]}}