{"id":4597,"date":"2019-11-26T09:47:18","date_gmt":"2019-11-26T08:47:18","guid":{"rendered":"http:\/\/www.eklg.hu\/?page_id=4597"},"modified":"2019-11-26T12:10:49","modified_gmt":"2019-11-26T11:10:49","slug":"erasmus","status":"publish","type":"page","link":"http:\/\/www.eklg.hu\/index.php\/erasmus\/","title":{"rendered":"Erasmus+"},"content":{"rendered":"<p><a href=\"http:\/\/www.eklg.hu\/index.php\/category\/schools-joining-up-for-communities-of-peace-iskolak-a-bekeert\/\">Schools joining up for Communities of Peace \u2013 Iskol\u00e1k a b\u00e9k\u00e9\u00e9rt | Sz\u00fcl\u0151 oldal: Erasmus+<\/a><\/p>\n<p><a href=\"http:\/\/www.eklg.hu\/index.php\/category\/lernen-mit-spas-unterrichten-mit-modernen-lernmethoden-tanulni-szorakozva-tanitas-modern-tanulasi-modszerekkel\/\">Lernen mit Spa\u00df- Unterrichten mit modernen Lernmethoden- Tanulni sz\u00f3rakozva- Tan\u00edt\u00e1s modern tanul\u00e1si m\u00f3dszerekkel<\/a><\/p>\n","protected":false},"excerpt":{"rendered":"<p>Schools joining up for Communities of Peace \u2013 Iskol\u00e1k a b\u00e9k\u00e9\u00e9rt | Sz\u00fcl\u0151 oldal: Erasmus+ Lernen mit Spa\u00df- Unterrichten mit &hellip; <\/p>\n","protected":false},"author":1,"featured_media":0,"parent":0,"menu_order":0,"comment_status":"closed","ping_status":"closed","template":"","meta":{"ngg_post_thumbnail":0,"footnotes":""},"class_list":["post-4597","page","type-page","status-publish","hentry"],"_links":{"self":[{"href":"http:\/\/www.eklg.hu\/index.php\/wp-json\/wp\/v2\/pages\/4597","targetHints":{"allow":["GET"]}}],"collection":[{"href":"http:\/\/www.eklg.hu\/index.php\/wp-json\/wp\/v2\/pages"}],"about":[{"href":"http:\/\/www.eklg.hu\/index.php\/wp-json\/wp\/v2\/types\/page"}],"author":[{"embeddable":true,"href":"http:\/\/www.eklg.hu\/index.php\/wp-json\/wp\/v2\/users\/1"}],"replies":[{"embeddable":true,"href":"http:\/\/www.eklg.hu\/index.php\/wp-json\/wp\/v2\/comments?post=4597"}],"version-history":[{"count":5,"href":"http:\/\/www.eklg.hu\/index.php\/wp-json\/wp\/v2\/pages\/4597\/revisions"}],"predecessor-version":[{"id":4619,"href":"http:\/\/www.eklg.hu\/index.php\/wp-json\/wp\/v2\/pages\/4597\/revisions\/4619"}],"wp:attachment":[{"href":"http:\/\/www.eklg.hu\/index.php\/wp-json\/wp\/v2\/media?parent=4597"}],"curies":[{"name":"wp","href":"https:\/\/api.w.org\/{rel}","templated":true}]}}