{"id":4250,"date":"2019-03-26T09:55:48","date_gmt":"2019-03-26T08:55:48","guid":{"rendered":"http:\/\/www.eklg.hu\/?page_id=4250"},"modified":"2019-03-26T09:55:48","modified_gmt":"2019-03-26T08:55:48","slug":"adatvedelmi-tajekoztato-az-erettsegi-vizsgara-jelentkezo-szemely-adatainak-kezeleserol","status":"publish","type":"page","link":"http:\/\/www.eklg.hu\/index.php\/adatvedelmi-tajekoztato-az-erettsegi-vizsgara-jelentkezo-szemely-adatainak-kezeleserol\/","title":{"rendered":"Adatv\u00e9delmi t\u00e1j\u00e9koztat\u00f3 az \u00e9retts\u00e9gi vizsg\u00e1ra jelentkez\u0151 szem\u00e9ly adatainak kezel\u00e9s\u00e9r\u0151l"},"content":{"rendered":"<p>Tisztelt jelentkez\u0151, t\u00e1j\u00e9koztatjuk, hogy az \u00e9retts\u00e9gi vizsg\u00e1ra t\u00f6rt\u00e9n\u0151 jelentkez\u00e9s sor\u00e1n a<br \/>\nszem\u00e9lyes adatok kezel\u00e9s\u00e9re az \u00e1ltal\u00e1nos adatv\u00e9delmi rendeletben (Az Eur\u00f3pai Parlament \u00e9s a<br \/>\nTan\u00e1cs 2016\/679 Rendelete, a tov\u00e1bbiakban: GDPR) az inform\u00e1ci\u00f3s \u00f6nrendelkez\u00e9si jogr\u00f3l \u00e9s<br \/>\naz inform\u00e1ci\u00f3szabads\u00e1gr\u00f3l sz\u00f3l\u00f3 2011. \u00e9vi CXII. t\u00f6rv\u00e9nyben, az oktat\u00e1si nyilv\u00e1ntart\u00e1sr\u00f3l sz\u00f3l\u00f3<br \/>\n2018. \u00e9vi LXXXIX. t\u00f6rv\u00e9nyben (a tov\u00e1bbiakban: Onytv.), valamint az \u00e9retts\u00e9gi vizsga<br \/>\nvizsgaszab\u00e1lyzat\u00e1nak kiad\u00e1s\u00e1r\u00f3l sz\u00f3l\u00f3 100\/1997. (VI. 13.) Korm. rendeletben (a tov\u00e1bbiakban:<br \/>\nVizsgaszab\u00e1lyzat) meghat\u00e1rozott rendelkez\u00e9sek alapj\u00e1n ker\u00fcl sor. Az adatkezel\u00e9s jogalapja a<br \/>\nGDPR 6. cikk (1) bekezd\u00e9s c) \u00e9s e) pontja alapj\u00e1n az adatkezel\u0151re vonatkoz\u00f3 jogi k\u00f6telezetts\u00e9g<br \/>\nteljes\u00edt\u00e9se, az Oktat\u00e1si Hivatal k\u00f6z\u00e9rdek\u0171 feladatainak ell\u00e1t\u00e1sa. A jelentkez\u00e9si lapon szerepl\u0151<br \/>\nszem\u00e9lyes adatok, valamint a jelentkez\u00e9s sor\u00e1n megadott tov\u00e1bbi k\u00fcl\u00f6nleges adatok kezel\u00e9se,<br \/>\n\u00e9s a kor\u00e1bbi vizsgaeredm\u00e9nyeinek megtekint\u00e9se az \u00e9retts\u00e9gi vizsga jogszer\u0171 lebonyol\u00edt\u00e1sa<br \/>\nc\u00e9lj\u00e1b\u00f3l sz\u00fcks\u00e9ges. A fenti adatokat kiz\u00e1r\u00f3lag az Oktat\u00e1si Hivatalban, a vizsgaszervez\u0151<br \/>\nkorm\u00e1nyhivatalban, \u00e9s a vizsgaszervez\u0151 int\u00e9zm\u00e9nyben az \u00e9retts\u00e9gi vizsg\u00e1k szervez\u00e9s\u00e9\u00e9rt<br \/>\nfelel\u0151s szem\u00e9lyek ismerhetik meg. Adatait A k\u00e9tszint\u0171 \u00e9retts\u00e9gi vizsga adminisztr\u00e1ci\u00f3s<br \/>\nrendszer\u00e9ben kezelj\u00fck az \u00e9retts\u00e9gi vizsga megszervez\u00e9se \u00e9s lebonyol\u00edt\u00e1sa \u00e9rdek\u00e9ben az Onytv.<br \/>\n7. \u00a7 (11) bekezd\u00e9se \u00e9s 1. mell\u00e9klet IV. pontja alapj\u00e1n, az adott vizsgaid\u0151szakot k\u00f6vet\u0151 tan\u00e9v<br \/>\nv\u00e9g\u00e9ig. Szem\u00e9lyes adatait, \u00e9retts\u00e9gi vizsg\u00e1inak eredm\u00e9nyeit, z\u00e1rad\u00e9kait \u00e9s mentess\u00e9geit az<br \/>\nOnytv. 1. mell\u00e9klet V. pontja, valamint a nemzeti k\u00f6znevel\u00e9sr\u0151l sz\u00f3l\u00f3 2011. \u00e9vi CXC. t\u00f6rv\u00e9ny<br \/>\n57. \u00a7 (7) bekezd\u00e9se alapj\u00e1n az Oktat\u00e1si Hivatal tov\u00e1bb kezeli az \u00c9retts\u00e9gi bizony\u00edtv\u00e1nyokr\u00f3l,<br \/>\ntan\u00fas\u00edtv\u00e1nyokr\u00f3l \u00e9s t\u00f6rzslapkivonatokr\u00f3l vezetett k\u00f6zponti \u00e9retts\u00e9gi nyilv\u00e1ntart\u00e1sban.<br \/>\nT\u00e1j\u00e9koztatjuk tov\u00e1bb\u00e1 arr\u00f3l, hogy a szem\u00e9lyes adatok kezel\u00e9se vonatkoz\u00e1s\u00e1ban az \u00e9rintettet<br \/>\nmegillet\u0151 jogokr\u00f3l (adatokhoz val\u00f3 hozz\u00e1f\u00e9r\u00e9s joga, helyesb\u00edt\u00e9s, adatkezel\u00e9s korl\u00e1toz\u00e1sa,<\/p>\n<p>tiltakoz\u00e1shoz val\u00f3 jog) a GDPR 15., 16., 18. \u00e9s 21. cikke, jogorvoslati lehet\u0151s\u00e9geir\u0151l (NAIH-<br \/>\nhoz, b\u00edr\u00f3s\u00e1ghoz fordul\u00e1s joga) a GDPR 77. cikke \u00e9s 79. cikke rendelkezik.\u201d<\/p>\n","protected":false},"excerpt":{"rendered":"<p>Tisztelt jelentkez\u0151, t\u00e1j\u00e9koztatjuk, hogy az \u00e9retts\u00e9gi vizsg\u00e1ra t\u00f6rt\u00e9n\u0151 jelentkez\u00e9s sor\u00e1n a szem\u00e9lyes adatok kezel\u00e9s\u00e9re az \u00e1ltal\u00e1nos adatv\u00e9delmi rendeletben (Az Eur\u00f3pai &hellip; <\/p>\n","protected":false},"author":1,"featured_media":0,"parent":0,"menu_order":0,"comment_status":"closed","ping_status":"closed","template":"","meta":{"ngg_post_thumbnail":0,"footnotes":""},"class_list":["post-4250","page","type-page","status-publish","hentry"],"_links":{"self":[{"href":"http:\/\/www.eklg.hu\/index.php\/wp-json\/wp\/v2\/pages\/4250","targetHints":{"allow":["GET"]}}],"collection":[{"href":"http:\/\/www.eklg.hu\/index.php\/wp-json\/wp\/v2\/pages"}],"about":[{"href":"http:\/\/www.eklg.hu\/index.php\/wp-json\/wp\/v2\/types\/page"}],"author":[{"embeddable":true,"href":"http:\/\/www.eklg.hu\/index.php\/wp-json\/wp\/v2\/users\/1"}],"replies":[{"embeddable":true,"href":"http:\/\/www.eklg.hu\/index.php\/wp-json\/wp\/v2\/comments?post=4250"}],"version-history":[{"count":1,"href":"http:\/\/www.eklg.hu\/index.php\/wp-json\/wp\/v2\/pages\/4250\/revisions"}],"predecessor-version":[{"id":4251,"href":"http:\/\/www.eklg.hu\/index.php\/wp-json\/wp\/v2\/pages\/4250\/revisions\/4251"}],"wp:attachment":[{"href":"http:\/\/www.eklg.hu\/index.php\/wp-json\/wp\/v2\/media?parent=4250"}],"curies":[{"name":"wp","href":"https:\/\/api.w.org\/{rel}","templated":true}]}}