{"id":3916,"date":"2017-12-20T10:10:49","date_gmt":"2017-12-20T10:10:49","guid":{"rendered":"http:\/\/www.eklg.hu\/?page_id=3916"},"modified":"2017-12-20T10:10:49","modified_gmt":"2017-12-20T10:10:49","slug":"az-ur-erkezese","status":"publish","type":"page","link":"http:\/\/www.eklg.hu\/index.php\/tehetsegpont\/20162017-2\/az-ur-erkezese\/","title":{"rendered":"\u201eAz \u00dar \u00e9rkez\u00e9se\u201d"},"content":{"rendered":"<p><img loading=\"lazy\" decoding=\"async\" class=\"aligncenter size-medium wp-image-3917\" src=\"http:\/\/www.eklg.hu\/wp-content\/uploads\/2017\/12\/urerkezese1-300x212.jpg\" alt=\"\" width=\"300\" height=\"212\" srcset=\"http:\/\/www.eklg.hu\/wp-content\/uploads\/2017\/12\/urerkezese1-300x212.jpg 300w, http:\/\/www.eklg.hu\/wp-content\/uploads\/2017\/12\/urerkezese1-768x543.jpg 768w, http:\/\/www.eklg.hu\/wp-content\/uploads\/2017\/12\/urerkezese1-150x106.jpg 150w, http:\/\/www.eklg.hu\/wp-content\/uploads\/2017\/12\/urerkezese1.jpg 873w\" sizes=\"auto, (max-width: 300px) 100vw, 300px\" \/><\/p>\n<p><img loading=\"lazy\" decoding=\"async\" class=\"aligncenter size-medium wp-image-3918\" src=\"http:\/\/www.eklg.hu\/wp-content\/uploads\/2017\/12\/urerkezese2-300x213.jpg\" alt=\"\" width=\"300\" height=\"213\" srcset=\"http:\/\/www.eklg.hu\/wp-content\/uploads\/2017\/12\/urerkezese2-300x213.jpg 300w, http:\/\/www.eklg.hu\/wp-content\/uploads\/2017\/12\/urerkezese2-768x544.jpg 768w, http:\/\/www.eklg.hu\/wp-content\/uploads\/2017\/12\/urerkezese2-150x106.jpg 150w, http:\/\/www.eklg.hu\/wp-content\/uploads\/2017\/12\/urerkezese2.jpg 871w\" sizes=\"auto, (max-width: 300px) 100vw, 300px\" \/><\/p>\n","protected":false},"excerpt":{"rendered":"","protected":false},"author":1,"featured_media":0,"parent":2661,"menu_order":0,"comment_status":"closed","ping_status":"closed","template":"","meta":{"ngg_post_thumbnail":0,"footnotes":""},"class_list":["post-3916","page","type-page","status-publish","hentry"],"_links":{"self":[{"href":"http:\/\/www.eklg.hu\/index.php\/wp-json\/wp\/v2\/pages\/3916","targetHints":{"allow":["GET"]}}],"collection":[{"href":"http:\/\/www.eklg.hu\/index.php\/wp-json\/wp\/v2\/pages"}],"about":[{"href":"http:\/\/www.eklg.hu\/index.php\/wp-json\/wp\/v2\/types\/page"}],"author":[{"embeddable":true,"href":"http:\/\/www.eklg.hu\/index.php\/wp-json\/wp\/v2\/users\/1"}],"replies":[{"embeddable":true,"href":"http:\/\/www.eklg.hu\/index.php\/wp-json\/wp\/v2\/comments?post=3916"}],"version-history":[{"count":1,"href":"http:\/\/www.eklg.hu\/index.php\/wp-json\/wp\/v2\/pages\/3916\/revisions"}],"predecessor-version":[{"id":3919,"href":"http:\/\/www.eklg.hu\/index.php\/wp-json\/wp\/v2\/pages\/3916\/revisions\/3919"}],"up":[{"embeddable":true,"href":"http:\/\/www.eklg.hu\/index.php\/wp-json\/wp\/v2\/pages\/2661"}],"wp:attachment":[{"href":"http:\/\/www.eklg.hu\/index.php\/wp-json\/wp\/v2\/media?parent=3916"}],"curies":[{"name":"wp","href":"https:\/\/api.w.org\/{rel}","templated":true}]}}