{"id":3910,"date":"2017-12-20T10:05:18","date_gmt":"2017-12-20T10:05:18","guid":{"rendered":"http:\/\/www.eklg.hu\/?page_id=3910"},"modified":"2017-12-20T10:05:18","modified_gmt":"2017-12-20T10:05:18","slug":"utak-szivek-peldakepek","status":"publish","type":"page","link":"http:\/\/www.eklg.hu\/index.php\/tehetsegpont\/20162017-2\/utak-szivek-peldakepek\/","title":{"rendered":"UTAK \u2013 SZ\u00cdVEK &#8211; P\u00c9LDAK\u00c9PEK"},"content":{"rendered":"<p style=\"text-align: left;\">A Tehets\u00e9gek Magyarorsz\u00e1ga (EFOP-3-2-1-15-2016-00001) kiemelt projekt \u00e1ltal megval\u00f3s\u00edtott \u201eCsoportos tehets\u00e9gseg\u00edt\u0151\u201d, tehets\u00e9ggondoz\u00f3 p\u00e1ly\u00e1zatunk ismereteket \u00e9s \u00e9lm\u00e9nyeket k\u00edn\u00e1lt tanul\u00f3inknak.<\/p>\n<p style=\"text-align: left;\">\u00a0A program alc\u00edm\u00e9nek az \u201eUtak, sz\u00edvek, p\u00e9ldak\u00e9pek\u201d elnevez\u00e9st v\u00e1lasztottuk, ugyanis a foglalkoz\u00e1sok sor\u00e1n a tanul\u00f3k 6 olyan p\u00e9ldak\u00e9ppel tal\u00e1lkoztak, akik hum\u00e1n ter\u00fcleten tehets\u00e9ges szakemberek, szakm\u00e1jukban kiemelked\u0151 teljes\u00edtm\u00e9nyt ny\u00fajtanak, \u00edgy olyan p\u00e1lyaorient\u00e1ci\u00f3s lehet\u0151s\u00e9gek t\u00e1rultak a di\u00e1kok el\u00e9, amelyek bizonyos p\u00e1ly\u00e1k \u00fajdons\u00e1gai mellett, a gyermekkori \u00e1lmok megval\u00f3sul\u00e1s\u00e1nak lehet\u0151s\u00e9geit, neh\u00e9zs\u00e9geit is bemutatt\u00e1k a di\u00e1kok sz\u00e1m\u00e1ra.<\/p>\n<p><strong>A 6 p\u00e9ldak\u00e9pk\u00e9nt v\u00e1lasztott szakm\u00e1j\u00e1ban kiemelked\u0151 el\u0151ad\u00f3:<\/strong><\/p>\n<ul>\n<li>B\u00e9res Tam\u00e1s &#8211; \u00edr\u00f3<\/li>\n<li>habil. Minya K\u00e1roly \u2013 nyelv\u00e9sz, Magyar Nyelv\u00e9szeti Int\u00e9zeti Tansz\u00e9k, int\u00e9zetigazgat\u00f3<\/li>\n<li>D\u00e9r-Rutkai Vivien \u2013 telev\u00edz\u00f3s m\u0171sorvezet\u0151, K\u00f6lcsey TV<\/li>\n<li>Ga\u00e1l Tam\u00e1s \u2013 m\u0171sorvezet\u0151, Retr\u00f3 R\u00e1di\u00f3<\/li>\n<li>Nagyidai Gerg\u0151 \u2013 sz\u00ednm\u0171v\u00e9sz, M\u00f3ricz Zsigmond Sz\u00ednh\u00e1z<\/li>\n<li>Mikita Eszter \u2013 \u00fajs\u00e1g\u00edr\u00f3, telev\u00edzi\u00f3s szerkeszt\u0151 NYTV<\/li>\n<\/ul>\n<p>A program sor\u00e1n nagy szerencs\u00e9nk volt, mert a tervezett 5 p\u00e9ldak\u00e9p helyett 6 szakemberrel tudtunk egy\u00fcttm\u0171k\u00f6dni, illetve siker\u00fclt felvenn\u00fcnk a kapcsolatot Czank Szilvia filmproducerrel, aki nem k\u00eds\u00e9rte v\u00e9gig a programot, azonban el\u0151ad\u00f3k\u00e9nt v\u00e1llalta a bekapcsol\u00f3d\u00e1st, \u00edgy a di\u00e1koknak lehet\u0151s\u00e9g\u00fck volt ez a foglalkoz\u00e1st is megismerni \u00e9s a producer egy dokumentumfilmj\u00e9t is k\u00f6z\u00f6sen megtekinteni \u00e9s vele szem\u00e9lyes besz\u00e9lget\u00e9st folytatni.<\/p>\n<p>A program nagyon sz\u00ednes \u00e9s sokoldal\u00fa volt. A program bejelent\u00e9se \u00e9s az alakul\u00f3 \u00fcl\u00e9s megtart\u00e1sa ut\u00e1n, a programba bevonni k\u00edv\u00e1nt 20 tanul\u00f3 mellett t\u00f6megesen jelentkeztek a di\u00e1kok a programba. \u00cdgy a program v\u00e9g\u00fcl 38 bevont tanul\u00f3val indult el. Minden tanul\u00f3 \u00e9s\/vagy t\u00f6rv\u00e9nyes k\u00e9pvisel\u0151 t\u00e1j\u00e9koztat\u00e1st kapott a programban val\u00f3 r\u00e9szv\u00e9telr\u0151l, az adatszolg\u00e1ltat\u00e1si k\u00f6telezetts\u00e9gr\u0151l \u00e9s a fot\u00f3dokument\u00e1ci\u00f3n val\u00f3 szerepl\u00e9sr\u0151l. Ezt a programban r\u00e9sztvev\u0151k elfogadt\u00e1k, k\u00f6telezetts\u00e9geiknek eleget tettek.<\/p>\n<p>A programot k\u00e9t t\u00edpus\u00fa foglalkoz\u00e1s jellemezte: Az egyik a \u201eklasszikus\u201d iskolai szakk\u00f6ri forma volt, mely t\u00e9m\u00e1j\u00e1ban mindig igazodott az m\u00e1sik, iskol\u00e1n k\u00edv\u00fcli \u201el\u00e1togat\u00e1sok\u201d t\u00e9m\u00e1j\u00e1hoz, foglalkozott a soron k\u00f6vetkez\u0151 p\u00e9ldak\u00e9p munk\u00e1j\u00e1nak megismer\u00e9s\u00e9vel.<\/p>\n<p>A program a forr\u00e1selemz\u00e9s k\u00e9rd\u00e9sk\u00f6r\u00e9vel ind\u00edtott, mivel elfogadta megh\u00edv\u00e1sunkat Czank Szilvia filmproducer. \u0150t nem soroltuk az \u00e1lland\u00f3 p\u00e9ldak\u00e9pek k\u00f6z\u00e9, mivel csak egyszeri tal\u00e1lkoz\u00e1sr\u00f3l lehetett sz\u00f3 k\u00f6zte \u00e9s a di\u00e1kok k\u00f6z\u00f6tt, azonban lelkesed\u00e9se lehet\u0151v\u00e9 tette, hogy a nem szakk\u00f6ri tev\u00e9kenys\u00e9gekbe bevont tanul\u00f3k is csatlakozhassanak a foglalkoz\u00e1shoz, ami egy el\u0151ad\u00e1sb\u00f3l, majd egy film k\u00f6z\u00f6s megtekint\u00e9s\u00e9b\u0151l \u00e1llt. Ezt k\u00f6vet\u0151en sok\u00e1ig vend\u00e9g\u00fcnk maradt \u00e9s a szakk\u00f6r\u00f6s di\u00e1kokkal besz\u00e9lgetett.<\/p>\n<p>Ez a foglalkoz\u00e1st m\u00e1r megel\u0151zte egy tartalmi el\u0151k\u00e9sz\u00edt\u00e9s, teh\u00e1t az els\u0151 alkalomt\u00f3l siker\u00fclt k\u00f6vetni a kital\u00e1lt szakk\u00f6ri el\u0151k\u00e9sz\u00edt\u00e9s + tal\u00e1lkoz\u00f3 form\u00e1t. Rendhagy\u00f3 volt azonban, hogy ez a k\u00e9t foglalkoz\u00e1s megel\u0151zte a nagy k\u00f6z\u00f6s tal\u00e1lkoz\u00f3t.<\/p>\n<p>Ezt k\u00f6vette egy igaz\u00e1n remek t\u00e9ma. A sz\u00f6veg\u00e9rt\u00e9s fejleszt\u00e9sben a forr\u00e1selemz\u00e9sek kapcs\u00e1n a mozg\u00f3k\u00e9pi sz\u00f6veg\u00e9rt\u00e9st felv\u00e1ltotta a kreat\u00edv \u00e9rtelmez\u00e9s k\u00e9rd\u00e9sk\u00f6re. M\u00e1t\u00e9 Zolt\u00e1n tan\u00e1r \u00far vezet\u00e9s\u00e9vel a fiatalok magyar sl\u00e1gerek \u00e9s sl\u00e1gerford\u00edt\u00e1sok sz\u00f6vegeit elemezt\u00e9k \u00e9s kicsit bele\u00e1st\u00e1k magukat a szintaktika k\u00e9rd\u00e9sk\u00f6r\u00e9be. Az el\u0151ad\u00f3 m\u0171v\u00e9szetben megjelen\u0151 dennotat\u00edv \u00e9s konnotat\u00edv jelent\u00e9si form\u00e1kat vizsg\u00e1lt\u00e1k, majd ehhez kapcsol\u00f3d\u00f3, jelent\u00e9stanilag meghat\u00e1rozott pr\u00f3basz\u00f6vegeket hoztak l\u00e9tre.<\/p>\n<p>A program di\u00e1kok sz\u00e1m\u00e1ra legnagyobb \u00f6r\u00f6mmel v\u00e1rt programpontja, a p\u00e9ldak\u00e9p tal\u00e1lkoz\u00f3 volt. Nagyon nagy \u00f6r\u00f6m volt sz\u00e1momra \u00e9s a di\u00e1kok sz\u00e1m\u00e1ra is, hogy ezen az alkalmon minden kiv\u00e1lasztott p\u00e9ldak\u00e9p jelen volt. Ebbe a programba is nagyon sok olyan di\u00e1kot siker\u00fclt bevonni, akik nem r\u00e9szesei a szakk\u00f6ri form\u00e1nak. Nekik is volt lehet\u0151s\u00e9g\u00fck a p\u00e9ldak\u00e9pek el\u0151ad\u00e1sait meghallgatni, besz\u00e9lgetni vel\u00fck. A d\u00e9lut\u00e1n m\u00e1sodik fel\u00e9ben azonban csak a p\u00e9ldak\u00e9pek \u00e9s a szakk\u00f6r\u00f6s di\u00e1kok t\u00f6lt\u00f6tt\u00e9k egy\u00fctt az id\u0151t, ismerkedtek, besz\u00e9lgettek. Nagyon j\u00f3 hangulat\u00fa \u00e9s \u00e9p\u00edt\u0151 jelleg\u0171 volt a tal\u00e1lkoz\u00f3. Sok k\u00e9rd\u00e9s mer\u00fclt fel az ihlet \u2013 p\u00e9nzkeres\u00e9s k\u00f6r\u00e9b\u0151l, a n\u0151k helyzet\u00e9r\u0151l a m\u0171v\u00e9szetben \u00e9s a m\u00e9di\u00e1ban, a sz\u00edn\u00e9szmesters\u00e9g \u00e9s a val\u00f3 \u00e9let hat\u00e1rvonal\u00e1r\u00f3l, a tudom\u00e1ny n\u00e9pszer\u0171s\u00edt\u00e9s\u00e9r\u0151l. Kedves pillanata volta besz\u00e9lget\u00e9snek, mikor a magyarok EB szerepl\u00e9s\u00e9r\u0151l kapott k\u00f6rk\u00e9rd\u00e9sben is siker\u00fclt megegyezni a jelenl\u00e9v\u0151knek. Az els\u0151 tal\u00e1lkoz\u00e1skor alakultak ki m\u00e9lyebb k\u00f6t\u0151d\u00e9sek a p\u00e9ldak\u00e9pekkel, amelyek a k\u00e9s\u0151bbi l\u00e1togat\u00e1sok sor\u00e1n m\u00e9g jobban elm\u00e9ly\u00fcltek \u00e9s a program v\u00e9g\u00e9re kibontakozni l\u00e1tszik t\u00f6bb esetben is a mester-tan\u00edtv\u00e1ny viszony.<\/p>\n<p>M\u00e1rciusban l\u00e1togattunk el Mikita Eszter p\u00e9ldak\u00e9p\u00fcnkh\u00f6z, aki a V\u00e1rosk\u00e9p KHT munkat\u00e1rsa, \u00fajs\u00e1g\u00edr\u00f3, h\u00edrszerkeszt\u0151, h\u00edrad\u00f3 felel\u0151s szerkeszt\u0151. \u00d6r\u00f6mmel fogadott minket \u00e9s v\u00e9gigvezetett a szerkeszt\u0151s\u00e9geken, megmutatta \u00e9s elmagyar\u00e1zta, hogy \u00e1ll \u00f6ssze a hetilap az \u00fcres v\u00e1zt\u00f3l a k\u00e9sz nyomdak\u00e9pes imprimat\u00far\u00e1ig. Bemutatta a Ny\u00edregyh\u00e1zi Telev\u00edzi\u00f3 szerkeszt\u0151s\u00e9g\u00e9t, a szerkeszt\u0151 munkat\u00e1rsakat, a technikai szakembereket. Megmutatta hogyan zajlik a h\u00edrad\u00f3 felv\u00e9tele, a di\u00e1kok kipr\u00f3b\u00e1lhatt\u00e1k a h\u00edrad\u00f3s d\u00edszletet, a s\u00fag\u00f3g\u00e9pet, \u00e9s v\u00e9gigk\u00f6vethett\u00e9k hogyan ker\u00fcl a nyers felv\u00e9tel a v\u00e1g\u00f3g\u00e9pbe, hogyan szerkesztik hozz\u00e1 a hangot, \u00e9s hogyan lesz ad\u00e1s k\u00e9sz, majd megn\u00e9zhett\u00e9k mindezt ad\u00e1sban is a fiatalok. Eszter nagy megtiszteltet\u00e9snek tarja, hogy r\u00e9szt vehetett a programban, emberk\u00e9nt \u00e9s anyak\u00e9nt is nagy felel\u0151ss\u00e9gnek \u00e9rezte, hogy ennek a ter\u00fcletnek minden oldal\u00e1t re\u00e1lisan mutassa be a fiataloknak. Fontosnak tartotta hangs\u00falyozni, hogy a hum\u00e1n ter\u00fcleten tehets\u00e9ges fiatalok nagyon j\u00f3l fognak tudni teljes\u00edteni, ha az \u00fajs\u00e1g\u00edr\u00e1s, szerkeszt\u00e9s vil\u00e1g\u00e1ban helyezkednek el, mert nem csak a szakmais\u00e1g, a j\u00f3 fogalmaz\u00e1si k\u00e9szs\u00e9g, hanem a hum\u00e1n tehets\u00e9gekre jellemz\u0151 \u00e9rz\u00e9keny lelkis\u00e9g, szoci\u00e1lis fog\u00e9konys\u00e1g is fontos a di\u00e1kok sz\u00e1m\u00e1ra.<\/p>\n<p>R\u00f6gt\u00f6n ezt k\u00f6vette egy mindannyiunk sz\u00e1m\u00e1ra igaz\u00e1n izgalmas l\u00e1togat\u00e1s. Szerencs\u00e9s egybees\u00e9s volt, hogy Dr. Habil Minya K\u00e1roly nyelv\u00e9sz megh\u00edvta mag\u00e1hoz Dr. Bal\u00e1zs G\u00e9za nyelv\u00e9sz professzort, \u00e9s k\u00f6z\u00f6sen egy fergeteges interakt\u00edv nyelvm\u0171vel\u00e9si el\u0151ad\u00e1st tartottak a programba bevont di\u00e1koknak. Ez \u00f6nmag\u00e1ban is jelzi milyen fontosnak \u00e9rezte a tan\u00e1r \u00far azt, hogy a mai k\u00f6z\u00e9piskol\u00e1sok k\u00f6z\u00f6tt is vannak olyanok, akik komolyan \u00e9rdekl\u0151dnek a nyelvm\u0171vel\u00e9s, helyes\u00edr\u00e1s, nyelvt\u00f6rt\u00e9net ir\u00e1nt. Az el\u0151ad\u00e1s el\u0151tt \u00e9s ut\u00e1n a tanul\u00f3k az iskolai foglalkoz\u00e1sokon r\u00e9szletesen megismerkedtek a nyelvm\u0171vel\u0151 \u00e9let\u00fatj\u00e1val \u00e9s Kettesnyelv\u00fcnk c\u00edm\u0171, Bal\u00e1zs G\u00e9z\u00e1val k\u00f6z\u00f6s k\u00f6tet\u00fck\u00f6n kereszt\u00fcl a mai magyar nyelvm\u0171vel\u00e9s humoros, elgondolkodtat\u00f3 k\u00e9rd\u00e9seivel. Az el\u0151ad\u00e1s ut\u00e1n a tanul\u00f3k a Ny\u00edregyh\u00e1zi Egyetemen is megl\u00e1togatt\u00e1k Dr. Minya K\u00e1rolyt, ahol arr\u00f3l mes\u00e9lt nekik milyen az \u00e9let a campuson, \u00e9s a nyelv\u00e9szi tudom\u00e1nyos munk\u00e1ja mellett az egyetemi tan\u00e1ri munk\u00e1j\u00e1r\u00f3l is mes\u00e9lt, valamint bemutatta a Ny\u00edregyh\u00e1zi Egyetem Tehets\u00e9gpontja \u00e1ltal koordin\u00e1lt tehets\u00e9ggondoz\u00f3 lehet\u0151s\u00e9geket, k\u00f6z\u00e9piskol\u00e1sok sz\u00e1m\u00e1ra sz\u00f3l\u00f3 szakmai versenyeket.<\/p>\n<p>K\u00f6vetkez\u0151 alkalommal a Ny\u00edregyh\u00e1zi Egyetemen B\u00e9res Tam\u00e1s \u00edr\u00f3 v\u00e1rta tehets\u00e9ges di\u00e1kjainkat Megismerkedtek a Jelenkor Antol\u00f3gi\u00e1val \u00e9s a Cs\u00fccsk\u00f6k c\u00edm\u0171 k\u00f6tet darabjaival, ami annyira megihlette a di\u00e1kokat, hogy a z\u00e1r\u00f3 g\u00e1l\u00e1n n\u00e9gy tanul\u00f3 k\u00f6z\u00f6sen ebb\u0151l adott el\u0151 r\u00e9szleteket.<\/p>\n<p>A Ny\u00edregyh\u00e1zi Egyetem tehets\u00e9gpontj\u00e1val val\u00f3 egy\u00fcttm\u0171k\u00f6d\u00e9s k\u00e9t l\u00e1togat\u00e1s alkalm\u00e1val is l\u00e9trej\u00f6tt. Az els\u0151 alkalommal a campust, a m\u00e1sodik alkalommal a k\u00f6nyvt\u00e1rat tekintett\u00e9k meg a tanul\u00f3k, \u00e9s el\u0151ad\u00e1st hallhattak a tehets\u00e9ggondoz\u00e1s lehet\u0151s\u00e9geir\u0151l.<\/p>\n<p>A M\u00f3ricz Zsigmond Sz\u00ednh\u00e1zban Nagyidai Gerg\u0151 sz\u00ednm\u0171v\u00e9sz fogadta a tehets\u00e9gcsoportot. Gerg\u0151 nagyon \u00f6r\u00fclt a fiatalokkal val\u00f3 k\u00f6z\u00f6s munk\u00e1nak. Maga is meglep\u0151d\u00f6tt, hogy milyen gyorsan megtal\u00e1lta a hangot ezzel a koroszt\u00e1llyal. Nagyon v\u00e1rta ezt a d\u00e9lut\u00e1nt, mert tudta, hogy a legt\u00f6bb gyerek ezt az izgalmas, kulissz\u00e1k m\u00f6g\u00e9 betekint\u00e9st enged\u0151 egy\u00fcttl\u00e9tet v\u00e1rja a legjobban. A felfedez\u0151 \u00fat sor\u00e1n a gyerekek megn\u00e9zhett\u00e9k a szab\u00e1szatot, a jelmez-, \u00e9s kell\u00e9kt\u00e1rakat, a d\u00edszletez\u0151t, bej\u00e1rhatt\u00e1k a zsin\u00f3rpadl\u00e1sokat, a sz\u00ednpad m\u00f6g\u00f6tti el\u0151k\u00e9sz\u00edt\u0151 \u00e9s v\u00e1rakoz\u00f3 helyis\u00e9geket, a hang \u00e9s vil\u00e1g\u00edt\u00e1s st\u00fadi\u00f3kat. Kipr\u00f3b\u00e1lhatt\u00e1k a sz\u00ednpadi el\u0151ad\u00e1s val\u00f3s\u00e1g\u00e1t a sz\u00ednh\u00e1zban. Nagyon v\u00e1ratlan \u00e9s felkavar\u00f3 \u00e9rz\u00e9s volt mindenki sz\u00e1m\u00e1ra l\u00e1tni milyen k\u00f6zel a k\u00f6z\u00f6ns\u00e9g, mennyire l\u00e1tni mit k\u00f6zvet\u00edt a n\u00e9z\u0151k arca, viselked\u00e9se. A nagyon hossz\u00fa \u00e9s f\u00e1raszt\u00f3 barangol\u00e1s ut\u00e1n st\u00edlusosan a sz\u00edn\u00e9szb\u00fcf\u00e9ben pihent meg a csoport \u00e9s besz\u00e9lgett\u00fcnk Gerg\u0151vel \u00e9s a bet\u00e9ved\u0151 sz\u00ednm\u0171v\u00e9szekkel, dolgoz\u00f3kkal. Nagyon sz\u00e9p d\u00e9lut\u00e1n \u00e9s este volt, a sz\u00ednpadon fel\u00e1ll\u00edtott Hell\u00f3 Dolly d\u00edszleteinek bej\u00e1r\u00e1sa ut\u00e1n nagyon izgalmas volt, a tehets\u00e9gcsoport t\u00f6bb tagj\u00e1nak is az el\u0151ad\u00e1s megtekint\u00e9se. A k\u00f6z\u00f6s munka hozad\u00e9ka, hogy egy ny\u00e1ri id\u0151szakban megrendezett sz\u00ednj\u00e1tsz\u00f3t\u00e1borba Gerg\u0151 megh\u00edvta az \u00e9rdekl\u0151d\u0151ket, \u00edgy ott a programt\u00f3l f\u00fcggetlen\u00fcl tudj\u00e1k folytatni a k\u00f6z\u00f6s munk\u00e1t. K\u00f6z\u00f6sen \u00fcnnepelt a csoport, mikor a sz\u00ednm\u0171v\u00e9sz p\u00e9ldak\u00e9p megkapta a program lez\u00e1r\u00e1s\u00e1nak m\u00e1snapj\u00e1n a M\u00f3ricz-d\u00edjat \u00e9s a Lip\u00f3t-d\u00edjat, sz\u00ednm\u0171v\u00e9szi teljes\u00edtm\u00e9ny\u00e9\u00e9rt \u00e9s k\u00fcl\u00f6nleges elhivatotts\u00e1g\u00e1\u00e9rt, mivel \u00a0\u00fajz\u00e9landi nyelven kellett megsz\u00f3lalnia az egyik darabban, melynek pr\u00f3bafolyamat\u00e1t is bemutatta a di\u00e1koknak. A csoport egy\u00fctt gratul\u00e1lt neki, \u00edgy ez a kapocs is nagyon er\u0151sre fon\u00f3dott.<\/p>\n<p>Majd a csoport a Retr\u00f3 R\u00e1di\u00f3ba l\u00e1togatott Ga\u00e1l Tam\u00e1s p\u00e9ldak\u00e9p\u00fcnkh\u00f6z. Tam\u00e1s is nagyon \u00f6r\u00fclt a lehet\u0151s\u00e9gnek, \u00e9s annak is hogy \u00e9let\u00e9nek abban a szakasz\u00e1ban lehetett a di\u00e1kokkal, mikor m\u00e1sk\u00e9pp kezdte szeml\u00e9lni a gyerekek sors\u00e1t, mert \u0151 maga, a l\u00e1togat\u00e1s idej\u00e9n m\u00e1r szinte kiz\u00e1r\u00f3lag az apas\u00e1g k\u00e9rd\u00e9s\u00e9vel tudott foglalkozni, hiszen utols\u00f3 h\u00f3napban l\u00e9v\u0151 v\u00e1rand\u00f3s feles\u00e9g\u00e9vel els\u0151 gyermek\u00fck \u00e9rkez\u00e9s\u00e9t v\u00e1rt\u00e1k. Ez meghat\u00e1rozta a di\u00e1kokkal k\u00f6z\u00f6s munk\u00e1t, mert a r\u00e1di\u00f3s feladatokr\u00f3l Tam\u00e1s, a sz\u00fcl\u0151k megfelel\u0151 hozz\u00e1\u00e1ll\u00e1s\u00e1r\u00f3l a di\u00e1kok fogalmaztak meg sarkalatos gondolatokat. Term\u00e9szetesen a szakmais\u00e1g nem szenvedhetett csorb\u00e1t, a gyerekek kipr\u00f3b\u00e1lhatt\u00e1k a st\u00fadi\u00f3z\u00e1st, a h\u00edrolvas\u00e1st, visszahallgathatt\u00e1k hangjukat a r\u00e1di\u00f3 h\u00edrblokkj\u00e1nak gumizen\u00e9j\u00e9vel. A l\u00e1togat\u00e1s annyira mag\u00e1val ragadta a di\u00e1kok egy r\u00e9sz\u00e9t, hogy a g\u00e1l\u00e1ra kisfilmet k\u00e9sz\u00edtettek a r\u00e1di\u00f3s \u00e9letr\u0151l.<\/p>\n<p>A program utols\u00f3 eleme a projektz\u00e1r\u00f3 Tehets\u00e9gg\u00e1la volt. Ennek alapkoncepci\u00f3ja azt volt, hogy a di\u00e1kok teljesen \u00f6n\u00e1ll\u00f3an a megismert ter\u00fcletek seg\u00edts\u00e9g\u00e9vel \u00e1ll\u00edtsanak \u00f6ssze egy g\u00e1l\u00e1t, ahol bemutatj\u00e1k a programban l\u00e9trehozott alkot\u00e1saikat, vagy azokat a k\u00e9pess\u00e9geiket, tud\u00e1sukat, amit fejlesztett a tehets\u00e9gprogram. Tanuls\u00e1gos volt sz\u00e1mukra ez is, hiszen az el\u0151ad\u00f3i sz\u00e1nd\u00e9k k\u00fcl\u00f6nb\u00f6z\u0151s\u00e9ge, a sok sz\u00f6veg monotonit\u00e1sa megijesztette \u0151ket. \u00dcgyes gondolatk\u00e9nt belef\u0171zt\u00e9k a zenei tehets\u00e9g megjelen\u00edt\u00e9s\u00e9t a g\u00e1l\u00e1ba, \u00edgy azok a tanul\u00f3k, akik hangszeren j\u00e1tszanak, vagy sz\u00e9pen \u00e9nekelnek jelentkezhettek ilyen produkci\u00f3kkal is, valamint enged\u00e9lyezt\u00e9k maguk k\u00f6z\u00f6tt, hogy akik fot\u00f3kat k\u00e9sz\u00edtettek a helysz\u00edneken vagy kisfilmet k\u00e9sz\u00edtettek valamelyik l\u00e1togat\u00e1sr\u00f3l, azok v\u00e1llalhatt\u00e1k ennek bemutat\u00e1s\u00e1t is.<\/p>\n<p>K\u00e9t di\u00e1k, M\u00e1tyus Levente (11.\u00e9vf.) \u00e9s Herczku M\u00e1t\u00e9 (7.\u00e9vf.) v\u00e1llalta a m\u0171sorvezet\u0151 szerep\u00e9t. K\u00e9t di\u00e1k kisfilmmel, kett\u0151 fot\u00f3kkal k\u00e9sz\u00fclt, 4 hangszeres produkci\u00f3t mutattak be a di\u00e1kok, a t\u00f6bbiek pedig nagyon izgalmas saj\u00e1t alkot\u00e1sok felolvas\u00e1s\u00e1val, vagy versek, pr\u00f3za interpret\u00e1l\u00e1s\u00e1val mutatkoztak be. M\u00e9g angol nyelven is hangzott el szavalat. Megsz\u00f3laltatt\u00e1k a di\u00e1kok dr. Minya K\u00e1roly \u00e9s B\u00e9res Tam\u00e1s m\u0171veit is, de l\u00e1thattak az \u00e9rdekl\u0151d\u0151k sz\u00edndarab r\u00e9szleteket is. A m\u0171sort egy kicsit szem\u00e9lyess\u00e9 tett Markos-N\u00e1das katonapar\u00f3dia z\u00e1rta, fergeteges hangulatot teremtve a teremben.<\/p>\n<p>Nagyon j\u00f3 \u00e9rz\u00e9s volt saj\u00e1t k\u00f6ltem\u00e9nyeket, novell\u00e1kat, t\u00e1rsadalomkritik\u00e1kat hallgatni, \u00e9s az is remek volt, hogy milyen komolyan vett\u00e9k a gyerekek a saj\u00e1t bemutatkoz\u00e1sukat. Hangzott el Istenes vers, de Lackfi J\u00e1nos kort\u00e1rs k\u00f6ltem\u00e9nye is.<\/p>\n<p>A z\u00e1r\u00f3g\u00e1l\u00e1n a p\u00e9ldak\u00e9pek is tisztelet\u00fcket tett\u00e9k. Mikita Eszter \u00fajs\u00e1g\u00edr\u00f3 megnyit\u00f3j\u00e1ban azt hangs\u00falyozta, milyen j\u00f3, hogy vannak olyan gyerekek, akik felismerik, hogy van tehets\u00e9g\u00fck valamiben \u00e9s van el\u00e9g szorgalmuk tenni az\u00e9rt, hogy megtal\u00e1lj\u00e1k melyik ter\u00fcleten szeretn\u00e9nek ezzel kezdeni valamit. Azt is elmondta, hogy meghat\u00f3 \u00e9s megtisztel\u0151 hogy a di\u00e1kok mindezt a saj\u00e1t szabadidej\u00fckb\u0151l teszik, \u00e9s nagyon komolyan veszik, hogy ell\u00e1togassanak a p\u00e9ldak\u00e9pekhez, hogy felk\u00e9sz\u00fclten \u00e9rkeznek \u00e9s tudjanak k\u00e9rdezni, \u0151szint\u00e9n \u00e9rdekl\u0151dni egy-egy ter\u00fclet ir\u00e1nt. Mindenkit k\u00e9rt, hogy a j\u00f6v\u0151ben is tegyen \u00edgy \u00e9s felaj\u00e1nlotta, hogy azokat, akik az \u0151 ter\u00fclete ir\u00e1nt \u00e9rdekl\u0151dnek sz\u00edvesen fogad a szerkeszt\u0151s\u00e9gben. Felaj\u00e1nl\u00e1shoz minden p\u00e9ldak\u00e9p csatlakozott.<\/p>\n<p>A g\u00e1la z\u00e1r\u00e1sak\u00e9nt Nagyidai Gerg\u0151 sz\u00ednm\u0171v\u00e9sz fogalmazta meg gondolatait. Kiemelte a di\u00e1kok soksz\u00edn\u0171s\u00e9g\u00e9t, elhivatotts\u00e1g\u00e1t, \u00e9s azt, hogy sok el\u0151ad\u00e1son \u00e1tsz\u0171r\u0151d\u00f6tt a gyerekek szem\u00e9lyis\u00e9ge, ami minden el\u0151ad\u00f3n\u00e1l nagyon fontos. \u00d6r\u00f6mmel vett r\u00e9szt a programban, \u00e9s nagyon sokat adott neki, hogy a gyerekek ilyen \u0151szint\u00e9n \u00e9rdekl\u0151dtek a munk\u00e1ja \u00e9s szem\u00e9lye ir\u00e1nt. Elmondta a gyerekeknek, hogy ennyi id\u0151s kor\u00e1ban nagyon j\u00f3 lett volna, ha ilyen tudatosan l\u00e1tja, hogy \u0151 miben j\u00f3, \u00e9s ha \u0151t is \u00edgy seg\u00edtett\u00e9k volna, hogy tehets\u00e9ge fejl\u0151dj\u00f6n, kialakulhasson.<\/p>\n<p><strong>A program tov\u00e1bb\u00e9l\u00e9se:<\/strong><\/p>\n<p>P\u00e9ldak\u00e9peink sz\u00edvesen mentor\u00e1lj\u00e1k tov\u00e1bb a tehets\u00e9geket. Megh\u00edvott vend\u00e9geink, p\u00e9ldak\u00e9peink tartj\u00e1k a kapcsolatot mentor\u00e1ltjaikkal.<\/p>\n<p>A TIT Jur\u00e1nyi Centrum Anyanyelvi Szakoszt\u00e1lya \u00e9s a Ny\u00edregyh\u00e1zi Egyetem Nyelv\u00e9szeti Int\u00e9zete megh\u00edvta a di\u00e1kokat t\u00f6bb nyelv\u00e9szeti el\u0151ad\u00e1sra, j\u00f6v\u0151 \u00e9vi versenyre, valamint fogadj\u00e1k azokat a tanul\u00f3kat ingyenes emelt szint\u0171 felk\u00e9sz\u00edt\u0151re, akik a program r\u00e9szesei voltak.<\/p>\n<p>Nagyidai Gerg\u0151 megh\u00edvta egy sz\u00ednj\u00e1tsz\u00f3 t\u00e1borba azokat az \u00e9rdekl\u0151d\u0151 di\u00e1kokat, akik sz\u00edvesen t\u00f6ltenek vele \u00e9s m\u00e1s sz\u00edn\u00e9sztan\u00e1rokkal n\u00e9h\u00e1ny napot a ny\u00e1ron, illetve az \u0151 vezet\u00e9s\u00e9vel j\u00f6v\u0151 \u00e9vt\u0151l indul\u00f3 sz\u00ednj\u00e1tsz\u00f3 tanod\u00e1ba is v\u00e1rja a di\u00e1kokat.<\/p>\n<p>Az \u00f6n\u00e1ll\u00f3an elk\u00e9sz\u00fclt alkot\u00e1sokat megjelentetj\u00fck a gimn\u00e1zium lapj\u00e1ban, a Kossuth-di\u00e1kban, illetve szeretn\u00e9nk elhelyezni on-line fel\u00fcleteken is tehets\u00e9ges di\u00e1kjaink alkot\u00e1sait.<\/p>\n<p>K.SZ.ZS.<\/p>\n<p>&nbsp;<\/p>\n<p>&nbsp;<\/p>\n<p>&nbsp;<\/p>\n","protected":false},"excerpt":{"rendered":"<p>A Tehets\u00e9gek Magyarorsz\u00e1ga (EFOP-3-2-1-15-2016-00001) kiemelt projekt \u00e1ltal megval\u00f3s\u00edtott \u201eCsoportos tehets\u00e9gseg\u00edt\u0151\u201d, tehets\u00e9ggondoz\u00f3 p\u00e1ly\u00e1zatunk ismereteket \u00e9s \u00e9lm\u00e9nyeket k\u00edn\u00e1lt tanul\u00f3inknak. \u00a0A program alc\u00edm\u00e9nek &hellip; <\/p>\n","protected":false},"author":1,"featured_media":0,"parent":2661,"menu_order":0,"comment_status":"closed","ping_status":"closed","template":"","meta":{"ngg_post_thumbnail":0,"footnotes":""},"class_list":["post-3910","page","type-page","status-publish","hentry"],"_links":{"self":[{"href":"http:\/\/www.eklg.hu\/index.php\/wp-json\/wp\/v2\/pages\/3910","targetHints":{"allow":["GET"]}}],"collection":[{"href":"http:\/\/www.eklg.hu\/index.php\/wp-json\/wp\/v2\/pages"}],"about":[{"href":"http:\/\/www.eklg.hu\/index.php\/wp-json\/wp\/v2\/types\/page"}],"author":[{"embeddable":true,"href":"http:\/\/www.eklg.hu\/index.php\/wp-json\/wp\/v2\/users\/1"}],"replies":[{"embeddable":true,"href":"http:\/\/www.eklg.hu\/index.php\/wp-json\/wp\/v2\/comments?post=3910"}],"version-history":[{"count":1,"href":"http:\/\/www.eklg.hu\/index.php\/wp-json\/wp\/v2\/pages\/3910\/revisions"}],"predecessor-version":[{"id":3911,"href":"http:\/\/www.eklg.hu\/index.php\/wp-json\/wp\/v2\/pages\/3910\/revisions\/3911"}],"up":[{"embeddable":true,"href":"http:\/\/www.eklg.hu\/index.php\/wp-json\/wp\/v2\/pages\/2661"}],"wp:attachment":[{"href":"http:\/\/www.eklg.hu\/index.php\/wp-json\/wp\/v2\/media?parent=3910"}],"curies":[{"name":"wp","href":"https:\/\/api.w.org\/{rel}","templated":true}]}}