{"id":2667,"date":"2016-10-07T13:55:46","date_gmt":"2016-10-07T11:55:46","guid":{"rendered":"http:\/\/www.eklg.hu\/?page_id=2667"},"modified":"2017-12-20T10:00:27","modified_gmt":"2017-12-20T10:00:27","slug":"201415-2","status":"publish","type":"page","link":"http:\/\/www.eklg.hu\/index.php\/tehetsegpont\/201415-2\/","title":{"rendered":"2014\/2015"},"content":{"rendered":"<p><strong>Friss h\u00edrek, felh\u00edv\u00e1sok, p\u00e1ly\u00e1zatok<\/strong><\/p>\n<p>Levelez\u0151s verseny (region\u00e1lis verseny)<\/p>\n<p><strong>Tehets\u00e9ggondoz\u00e1s (tehets\u00e9gazonos\u00edt\u00e1s\/tehets\u00e9gfejleszt\u00e9s):<\/strong><\/p>\n<p>-szakk\u00f6r\u00f6k : fazekas, t\u0171zzom\u00e1nc szakk\u00f6r, P\u00e9chy Blanka anyanyelvi k\u00f6r, nyelvvizsga el\u0151k\u00e9sz\u00edt\u0151 szakk\u00f6r\u00f6k (angol-n\u00e9met-francia-olasz-orosz nyelvb\u0151l), biol\u00f3gia szakk\u00f6r, sz\u00e9p magyar besz\u00e9d szakk\u00f6r, programoz\u00e1s szakk\u00f6r, sz\u00ednj\u00e1tsz\u00f3 k\u00f6r, rajz szakk\u00f6r, f\u00f6ldrajz szakk\u00f6r; sportk\u00f6r\u00f6k: falm\u00e1sz\u00e1s, labdar\u00fag\u00e1s, \u00fasz\u00e1s, t\u00e1nc szakk\u00f6r<\/p>\n<p>-orient\u00e1ci\u00f3s \u00f3r\u00e1k: fizika, m\u00e9dia, m\u00e9dia-informatika, angol, francia, n\u00e9met, olasz<\/p>\n<p>-fakult\u00e1ci\u00f3: matematika, magyar, t\u00f6rt\u00e9nelem, hittan (evang\u00e9likus, r\u00f3mai katolikus), angol, n\u00e9met, francia, olasz, biol\u00f3gia, k\u00e9mia, fizika, testnevel\u00e9s, f\u00f6ldrajz, informatika, m\u00e9dia<\/p>\n<p>-egy\u00e9ni foglalkoz\u00e1sok (egyeztet\u00e9s alapj\u00e1n)<\/p>\n<p>-versenyek: szakt\u00e1rgyi, m\u0171velts\u00e9gi, k\u00e9pz\u0151m\u0171v\u00e9szeti, sport stb.<\/p>\n<p><strong>Kiemelt versenyek<\/strong>:<\/p>\n<p>Szalay S\u00e1ndor orsz\u00e1gos \u00f6kumenikus fizika eml\u00e9kverseny<\/p>\n<p>Kossuthos levelez\u0151s verseny (region\u00e1lis verseny)<\/p>\n<p>\u201eAz \u00dar \u00e9rkez\u00e9se\u201d orsz\u00e1gos \u00f6kumenikus szaval\u00f3verseny<\/p>\n<p>Nyolcoszt\u00e1lyos gimn\u00e1ziumok region\u00e1lis versenye<\/p>\n","protected":false},"excerpt":{"rendered":"<p>Friss h\u00edrek, felh\u00edv\u00e1sok, p\u00e1ly\u00e1zatok Levelez\u0151s verseny (region\u00e1lis verseny) Tehets\u00e9ggondoz\u00e1s (tehets\u00e9gazonos\u00edt\u00e1s\/tehets\u00e9gfejleszt\u00e9s): -szakk\u00f6r\u00f6k : fazekas, t\u0171zzom\u00e1nc szakk\u00f6r, P\u00e9chy Blanka anyanyelvi k\u00f6r, nyelvvizsga &hellip; <\/p>\n","protected":false},"author":1,"featured_media":0,"parent":1521,"menu_order":0,"comment_status":"closed","ping_status":"closed","template":"","meta":{"ngg_post_thumbnail":0,"footnotes":""},"class_list":["post-2667","page","type-page","status-publish","hentry"],"_links":{"self":[{"href":"http:\/\/www.eklg.hu\/index.php\/wp-json\/wp\/v2\/pages\/2667","targetHints":{"allow":["GET"]}}],"collection":[{"href":"http:\/\/www.eklg.hu\/index.php\/wp-json\/wp\/v2\/pages"}],"about":[{"href":"http:\/\/www.eklg.hu\/index.php\/wp-json\/wp\/v2\/types\/page"}],"author":[{"embeddable":true,"href":"http:\/\/www.eklg.hu\/index.php\/wp-json\/wp\/v2\/users\/1"}],"replies":[{"embeddable":true,"href":"http:\/\/www.eklg.hu\/index.php\/wp-json\/wp\/v2\/comments?post=2667"}],"version-history":[{"count":2,"href":"http:\/\/www.eklg.hu\/index.php\/wp-json\/wp\/v2\/pages\/2667\/revisions"}],"predecessor-version":[{"id":3908,"href":"http:\/\/www.eklg.hu\/index.php\/wp-json\/wp\/v2\/pages\/2667\/revisions\/3908"}],"up":[{"embeddable":true,"href":"http:\/\/www.eklg.hu\/index.php\/wp-json\/wp\/v2\/pages\/1521"}],"wp:attachment":[{"href":"http:\/\/www.eklg.hu\/index.php\/wp-json\/wp\/v2\/media?parent=2667"}],"curies":[{"name":"wp","href":"https:\/\/api.w.org\/{rel}","templated":true}]}}