{"id":2538,"date":"2015-09-29T14:05:01","date_gmt":"2015-09-29T12:05:01","guid":{"rendered":"http:\/\/www.eklg.hu\/?page_id=2538"},"modified":"2018-11-22T10:30:34","modified_gmt":"2018-11-22T09:30:34","slug":"levelezos-verseny-201819","status":"publish","type":"page","link":"http:\/\/www.eklg.hu\/index.php\/levelezos-verseny-201819\/","title":{"rendered":"Levelez\u0151s verseny 2018\/19"},"content":{"rendered":"<div>\u00a0Az els\u0151 fordul\u00f3 <strong>feladatai<\/strong> let\u00f6lthet\u0151ek az al\u00e1bbi linkekre val\u00f3 kattint\u00e1ssal:<\/div>\n<ul>\n<li><a href=\"http:\/\/www.eklg.hu\/dokumentumok\/2018_levelezos\/angol7_teszt_1.pdf\">angol 7<\/a><\/li>\n<li><a href=\"http:\/\/www.eklg.hu\/dokumentumok\/2018_levelezos\/angol8_teszt_1.pdf\">angol 8<\/a><\/li>\n<li><a href=\"http:\/\/www.eklg.hu\/dokumentumok\/2018_levelezos\/biolgia7_teszt_1.pdf\">bil\u00f3gia 7<\/a><\/li>\n<li><a href=\"http:\/\/www.eklg.hu\/dokumentumok\/2018_levelezos\/biologia8_teszt_1.pdf\">biol\u00f3gia 8<\/a><\/li>\n<li><a href=\"http:\/\/www.eklg.hu\/dokumentumok\/2018_levelezos\/fizika7_teszt_1.pdf\">fizika 7<\/a><\/li>\n<li><a href=\"http:\/\/www.eklg.hu\/dokumentumok\/2018_levelezos\/fizika8_teszt_1.pdf\">fizika 8<\/a><\/li>\n<li><a href=\"http:\/\/www.eklg.hu\/dokumentumok\/2018_levelezos\/foldrajz8_teszt_1.pdf\">f\u00f6ldrajz 8<\/a><\/li>\n<li><a href=\"http:\/\/www.eklg.hu\/dokumentumok\/2018_levelezos\/info8_teszt_1.pdf\">informatika 8<\/a><\/li>\n<li><a href=\"http:\/\/www.eklg.hu\/dokumentumok\/2018_levelezos\/magyar78_teszt_1.pdf\">magyar 7-8<\/a><\/li>\n<li><a href=\"http:\/\/www.eklg.hu\/dokumentumok\/2018_levelezos\/matek78_teszt_1.pdf\">matematika 7-8<\/a><\/li>\n<li><a href=\"http:\/\/www.eklg.hu\/dokumentumok\/2018_levelezos\/nemet7_teszt_1.pdf\">n\u00e9met 7<\/a><\/li>\n<li><a href=\"http:\/\/www.eklg.hu\/dokumentumok\/2018_levelezos\/nemet8_teszt_1.pdf\">n\u00e9met 8<\/a><\/li>\n<li><a href=\"http:\/\/www.eklg.hu\/dokumentumok\/2018_levelezos\/tortenelem8_teszt_1.pdf\">t\u00f6rt\u00e9nelem\u00a08<\/a><\/li>\n<li><a href=\"http:\/\/www.eklg.hu\/dokumentumok\/2018_levelezos\/versenyfelhivas_2018.pdf\">Versenyki\u00edr\u00e1s<\/a><\/li>\n<\/ul>\n<div>Az els\u0151 fordul\u00f3 <strong>megold\u00e1sai<\/strong> let\u00f6lthet\u0151ek az al\u00e1bbi linkekre val\u00f3 kattint\u00e1ssal:<\/div>\n<ul>\n<li><a href=\"http:\/\/www.eklg.hu\/dokumentumok\/2018_levelezos\/angol7_megoldo_1.pdf\">angol 7<\/a><\/li>\n<li><a href=\"http:\/\/www.eklg.hu\/dokumentumok\/2018_levelezos\/angol8_megoldo_1.pdf\">angol 8<\/a><\/li>\n<li><a href=\"http:\/\/www.eklg.hu\/dokumentumok\/2018_levelezos\/biolgia7_megoldo_1.pdf\">bil\u00f3gia 7<\/a><\/li>\n<li><a href=\"http:\/\/www.eklg.hu\/dokumentumok\/2018_levelezos\/biologia8_megoldo_1.pdf\">biol\u00f3gia 8<\/a><\/li>\n<li><a href=\"http:\/\/www.eklg.hu\/dokumentumok\/2018_levelezos\/fizika7_megoldo_1.pdf\">fizika 7<\/a><\/li>\n<li><a href=\"http:\/\/www.eklg.hu\/dokumentumok\/2018_levelezos\/fizika8_megoldo_1.pdf\">fizika 8<\/a><\/li>\n<li><a href=\"http:\/\/www.eklg.hu\/dokumentumok\/2018_levelezos\/foldrajz8_megoldo_1.pdf\">f\u00f6ldrajz 8<\/a><\/li>\n<li><a href=\"http:\/\/www.eklg.hu\/dokumentumok\/2018_levelezos\/info8_megoldo_1.pdf\">informatika 8<\/a><\/li>\n<li><a href=\"http:\/\/www.eklg.hu\/dokumentumok\/2018_levelezos\/magyar78_megoldo_1.pdf\">magyar 7-8<\/a><\/li>\n<li><a href=\"http:\/\/www.eklg.hu\/dokumentumok\/2018_levelezos\/matek78_megoldo_1.pdf\">matematika 7-8<\/a><\/li>\n<li><a href=\"http:\/\/www.eklg.hu\/dokumentumok\/2018_levelezos\/nemet7_megoldo_1.pdf\">n\u00e9met 7<\/a><\/li>\n<li><a href=\"http:\/\/www.eklg.hu\/dokumentumok\/2018_levelezos\/nemet8_megoldo_1.pdf\">n\u00e9met 8<\/a><\/li>\n<li><a href=\"http:\/\/www.eklg.hu\/dokumentumok\/2018_levelezos\/tortenelem8_megoldo_1.pdf\">t\u00f6rt\u00e9nelem\u00a08<\/a><\/li>\n<\/ul>\n<p><!--\n\n\n<div>A m\u00e1sodik fordul\u00f3 <strong>feladatai<\/strong> let\u00f6lthet\u0151ek az al\u00e1bbi linkekre val\u00f3 kattint\u00e1ssal:<\/div>\n\n\n\n\n<ul>\n \t\n\n<li><a href=\"http:\/\/www.eklg.hu\/dokumentumok\/2015_levelezos\/angol_7_2ford.pdf\">angol 7<\/a><\/li>\n\n\n \t\n\n<li><a href=\"http:\/\/www.eklg.hu\/dokumentumok\/2015_levelezos\/angol_8_2ford.pdf\">angol 8<\/a><\/li>\n\n\n \t\n\n<li><a href=\"http:\/\/www.eklg.hu\/dokumentumok\/2015_levelezos\/biologia_7_2ford.pdf\">bil\u00f3gia 7<\/a><\/li>\n\n\n \t\n\n<li><a href=\"http:\/\/www.eklg.hu\/dokumentumok\/2015_levelezos\/biol\u00f3gia_8_2ford.pdf\">biol\u00f3gia 8<\/a><\/li>\n\n\n \t\n\n<li><a href=\"http:\/\/www.eklg.hu\/dokumentumok\/2015_levelezos\/fizika_7_2ford.pdf\">fizika 7<\/a><\/li>\n\n\n \t\n\n<li><a href=\"http:\/\/www.eklg.hu\/dokumentumok\/2015_levelezos\/fizika_8_2ford.pdf\">fizika 8<\/a><\/li>\n\n\n \t\n\n<li><a href=\"http:\/\/www.eklg.hu\/dokumentumok\/2015_levelezos\/foldrajz_8_2ford.pdf\">f\u00f6ldrajz 8<\/a><\/li>\n\n\n \t\n\n<li><a href=\"http:\/\/www.eklg.hu\/dokumentumok\/2015_levelezos\/informatika_8_2ford.pdf\">informatika 8<\/a><\/li>\n\n\n \t\n\n<li><a href=\"http:\/\/www.eklg.hu\/dokumentumok\/2015_levelezos\/magyar_4_2ford.pdf\">magyar 4<\/a><\/li>\n\n\n \t\n\n<li><a href=\"http:\/\/www.eklg.hu\/dokumentumok\/2015_levelezos\/magyar78_2ford.pdf\">magyar 7-8<\/a><\/li>\n\n\n \t\n\n<li><a href=\"http:\/\/www.eklg.hu\/dokumentumok\/2015_levelezos\/matematika_4_2ford.pdf\">matematika 4<\/a><\/li>\n\n\n \t\n\n<li><a href=\"http:\/\/www.eklg.hu\/dokumentumok\/2015_levelezos\/matematika_78_2ford.pdf\">matematika 7-8<\/a><\/li>\n\n\n \t\n\n<li><a href=\"http:\/\/www.eklg.hu\/dokumentumok\/2015_levelezos\/nemet_7_2ford.pdf\">n\u00e9met 7<\/a><\/li>\n\n\n \t\n\n<li><a href=\"http:\/\/www.eklg.hu\/dokumentumok\/2015_levelezos\/nemet_8_2ford.pdf\">n\u00e9met 8<\/a><\/li>\n\n\n \t\n\n<li><a href=\"http:\/\/www.eklg.hu\/dokumentumok\/2015_levelezos\/rajz_4_2ford.pdf\">rajz 4<\/a><\/li>\n\n\n \t\n\n<li><a href=\"http:\/\/www.eklg.hu\/dokumentumok\/2015_levelezos\/termeszetismeret_4_2ford.pdf\">term\u00e9szetismeret 4<\/a><\/li>\n\n\n \t\n\n<li><a href=\"http:\/\/www.eklg.hu\/dokumentumok\/2015_levelezos\/tortenelem_7_2ford.pdf\">t\u00f6rt\u00e9nelem 7<\/a><\/li>\n\n\n<\/ul>\n\n\n\n\n<div>A m\u00e1sodik fordul\u00f3 <strong>megold\u00e1sai<\/strong> let\u00f6lthet\u0151ek az al\u00e1bbi linkekre val\u00f3 kattint\u00e1ssal:<\/div>\n\n\n\n\n<ul>\n \t\n\n<li><a href=\"http:\/\/www.eklg.hu\/dokumentumok\/2015_levelezos\/angol_7_2fordm.pdf\">angol 7<\/a><\/li>\n\n\n \t\n\n<li><a href=\"http:\/\/www.eklg.hu\/dokumentumok\/2015_levelezos\/angol_8_2fordm.pdf\">angol 8<\/a><\/li>\n\n\n \t\n\n<li><a href=\"http:\/\/www.eklg.hu\/dokumentumok\/2015_levelezos\/biologia_7_2fordm.pdf\">bil\u00f3gia 7<\/a><\/li>\n\n\n \t\n\n<li><a href=\"http:\/\/www.eklg.hu\/dokumentumok\/2015_levelezos\/biol\u00f3gia_8_2fordm.pdf\">biol\u00f3gia 8<\/a><\/li>\n\n\n \t\n\n<li><a href=\"http:\/\/www.eklg.hu\/dokumentumok\/2015_levelezos\/fizika_7_2fordm.pdf\">fizika 7<\/a><\/li>\n\n\n \t\n\n<li><a href=\"http:\/\/www.eklg.hu\/dokumentumok\/2015_levelezos\/fizika_8_2fordm.pdf\">fizika 8<\/a><\/li>\n\n\n \t\n\n<li><a href=\"http:\/\/www.eklg.hu\/dokumentumok\/2015_levelezos\/foldrajz_8_2fordm.pdf\">f\u00f6ldrajz 8<\/a><\/li>\n\n\n \t\n\n<li><a href=\"http:\/\/www.eklg.hu\/dokumentumok\/2015_levelezos\/informatika_8_2fordm.pdf\">informatika 8<\/a><\/li>\n\n\n \t\n\n<li><a href=\"http:\/\/www.eklg.hu\/dokumentumok\/2015_levelezos\/magyar_4_2fordm.pdf\">magyar 4<\/a><\/li>\n\n\n \t\n\n<li><a href=\"http:\/\/www.eklg.hu\/dokumentumok\/2015_levelezos\/magyar78_2fordm.pdf\">magyar 7-8<\/a><\/li>\n\n\n \t\n\n<li><a href=\"http:\/\/www.eklg.hu\/dokumentumok\/2015_levelezos\/matematika_4_2fordm.pdf\">matematika 4<\/a><\/li>\n\n\n \t\n\n<li><a href=\"http:\/\/www.eklg.hu\/dokumentumok\/2015_levelezos\/matematika_78_2fordm.pdf\">matematika 7-8<\/a><\/li>\n\n\n \t\n\n<li><a href=\"http:\/\/www.eklg.hu\/dokumentumok\/2015_levelezos\/nemet_7_2fordm.pdf\">n\u00e9met 7<\/a><\/li>\n\n\n \t\n\n<li><a href=\"http:\/\/www.eklg.hu\/dokumentumok\/2015_levelezos\/nemet_8_2fordm.pdf\">n\u00e9met 8<\/a><\/li>\n\n\n \t\n\n<li><a href=\"http:\/\/www.eklg.hu\/dokumentumok\/2015_levelezos\/termeszetismeret_4_2fordm.pdf\">term\u00e9szetismeret 4<\/a><\/li>\n\n\n \t\n\n<li><a href=\"http:\/\/www.eklg.hu\/dokumentumok\/2015_levelezos\/tortenelem_7_2fordm.pdf\">t\u00f6rt\u00e9nelem 7<\/a><\/li>\n\n\n<\/ul>\n\n\n<a href=\"http:\/\/www.eklg.hu\/dokumentumok\/2015_levelezos\/dontosoklistaja.pdf\">A d\u00f6nt\u0151re beh\u00edvottak list\u00e1ja let\u00f6lthet\u0151 itt\u00bb<\/a>\n\n\n<div>A m\u00e1sodik fordul\u00f3 <strong>feladatai<\/strong> let\u00f6lthet\u0151ek az al\u00e1bbi linkekre val\u00f3 kattint\u00e1ssal:<\/div>\n\n\n\n\n<ul>\n \t\n\n<li><a href=\"http:\/\/www.eklg.hu\/dokumentumok\/2015_levelezos\/angol_7_3ford.pdf\">angol 7<\/a><\/li>\n\n\n \t\n\n<li><a href=\"http:\/\/www.eklg.hu\/dokumentumok\/2015_levelezos\/angol_8_3ford.pdf\">angol 8<\/a><\/li>\n\n\n \t\n\n<li><a href=\"http:\/\/www.eklg.hu\/dokumentumok\/2015_levelezos\/biologia_7_3ford.pdf\">bil\u00f3gia 7<\/a><\/li>\n\n\n \t\n\n<li><a href=\"http:\/\/www.eklg.hu\/dokumentumok\/2015_levelezos\/biol\u00f3gia_8_3ford.pdf\">biol\u00f3gia 8<\/a><\/li>\n\n\n \t\n\n<li><a href=\"http:\/\/www.eklg.hu\/dokumentumok\/2015_levelezos\/fizika_7_3ford.pdf\">fizika 7<\/a><\/li>\n\n\n \t\n\n<li><a href=\"http:\/\/www.eklg.hu\/dokumentumok\/2015_levelezos\/fizika_8_3ford.pdf\">fizika 8<\/a><\/li>\n\n\n \t\n\n<li><a href=\"http:\/\/www.eklg.hu\/dokumentumok\/2015_levelezos\/foldrajz_8_3ford.pdf\">f\u00f6ldrajz 8<\/a><\/li>\n\n\n \t\n\n<li><a href=\"http:\/\/www.eklg.hu\/dokumentumok\/2015_levelezos\/informatika_8_3ford.pdf\">informatika 8<\/a><\/li>\n\n\n \t\n\n<li><a href=\"http:\/\/www.eklg.hu\/dokumentumok\/2015_levelezos\/magyar_4_3ford.pdf\">magyar 4<\/a><\/li>\n\n\n \t\n\n<li><a href=\"http:\/\/www.eklg.hu\/dokumentumok\/2015_levelezos\/magyar78_3ford.pdf\">magyar 7-8<\/a><\/li>\n\n\n \t\n\n<li><a href=\"http:\/\/www.eklg.hu\/dokumentumok\/2015_levelezos\/matematika_4_3ford.pdf\">matematika 4<\/a><\/li>\n\n\n \t\n\n<li><a href=\"http:\/\/www.eklg.hu\/dokumentumok\/2015_levelezos\/matematika_78_3ford.pdf\">matematika 7-8<\/a><\/li>\n\n\n \t\n\n<li><a href=\"http:\/\/www.eklg.hu\/dokumentumok\/2015_levelezos\/nemet_7_3ford.pdf\">n\u00e9met 7<\/a><\/li>\n\n\n \t\n\n<li><a href=\"http:\/\/www.eklg.hu\/dokumentumok\/2015_levelezos\/nemet_8_3ford.pdf\">n\u00e9met 8<\/a><\/li>\n\n\n \t\n\n<li><a href=\"http:\/\/www.eklg.hu\/dokumentumok\/2015_levelezos\/rajz_4_3ford.pdf\">rajz 4<\/a><\/li>\n\n\n \t\n\n<li><a href=\"http:\/\/www.eklg.hu\/dokumentumok\/2015_levelezos\/termeszetismeret_4_3ford.pdf\">term\u00e9szetismeret 4<\/a><\/li>\n\n\n \t\n\n<li><a href=\"http:\/\/www.eklg.hu\/dokumentumok\/2015_levelezos\/tortenelem_7_3ford.pdf\">t\u00f6rt\u00e9nelem 7<\/a><\/li>\n\n\n<\/ul>\n\n\n\n\n<div>A m\u00e1sodik fordul\u00f3 <strong>megold\u00e1sai<\/strong> let\u00f6lthet\u0151ek az al\u00e1bbi linkekre val\u00f3 kattint\u00e1ssal:<\/div>\n\n\n\n\n<ul>\n \t\n\n<li><a href=\"http:\/\/www.eklg.hu\/dokumentumok\/2015_levelezos\/angol_7_3fordm.pdf\">angol 7<\/a><\/li>\n\n\n \t\n\n<li><a href=\"http:\/\/www.eklg.hu\/dokumentumok\/2015_levelezos\/angol_8_3fordm.pdf\">angol 8<\/a><\/li>\n\n\n \t\n\n<li><a href=\"http:\/\/www.eklg.hu\/dokumentumok\/2015_levelezos\/biologia_7_3fordm.pdf\">bil\u00f3gia 7<\/a><\/li>\n\n\n \t\n\n<li><a href=\"http:\/\/www.eklg.hu\/dokumentumok\/2015_levelezos\/biol\u00f3gia_8_3fordm.pdf\">biol\u00f3gia 8<\/a><\/li>\n\n\n \t\n\n<li><a href=\"http:\/\/www.eklg.hu\/dokumentumok\/2015_levelezos\/fizika_7_3fordm.pdf\">fizika 7<\/a><\/li>\n\n\n \t\n\n<li><a href=\"http:\/\/www.eklg.hu\/dokumentumok\/2015_levelezos\/fizika_8_3fordm.pdf\">fizika 8<\/a><\/li>\n\n\n \t\n\n<li><a href=\"http:\/\/www.eklg.hu\/dokumentumok\/2015_levelezos\/foldrajz_8_3fordm.pdf\">f\u00f6ldrajz 8<\/a><\/li>\n\n\n \t\n\n<li><a href=\"http:\/\/www.eklg.hu\/dokumentumok\/2015_levelezos\/magyar_4_3fordm.pdf\">magyar 4<\/a><\/li>\n\n\n \t\n\n<li><a href=\"http:\/\/www.eklg.hu\/dokumentumok\/2015_levelezos\/magyar78_3fordm.pdf\">magyar 7-8<\/a><\/li>\n\n\n \t\n\n<li><a href=\"http:\/\/www.eklg.hu\/dokumentumok\/2015_levelezos\/matematika_4_3fordm.pdf\">matematika 4<\/a><\/li>\n\n\n \t\n\n<li><a href=\"http:\/\/www.eklg.hu\/dokumentumok\/2015_levelezos\/matematika_78_3fordm.pdf\">matematika 7-8<\/a><\/li>\n\n\n \t\n\n<li><a href=\"http:\/\/www.eklg.hu\/dokumentumok\/2015_levelezos\/nemet_7_3fordm.pdf\">n\u00e9met 7<\/a><\/li>\n\n\n \t\n\n<li><a href=\"http:\/\/www.eklg.hu\/dokumentumok\/2015_levelezos\/nemet_8_3fordm.pdf\">n\u00e9met 8<\/a><\/li>\n\n\n \t\n\n<li><a href=\"http:\/\/www.eklg.hu\/dokumentumok\/2015_levelezos\/termeszetismeret_4_3fordm.pdf\">term\u00e9szetismeret 4<\/a><\/li>\n\n\n \t\n\n<li><a href=\"http:\/\/www.eklg.hu\/dokumentumok\/2015_levelezos\/tortenelem_7_3fordm.pdf\">t\u00f6rt\u00e9nelem 7<\/a><\/li>\n\n\n<\/ul>\n\n\n<a href=\"http:\/\/www.eklg.hu\/dokumentumok\/2015_levelezos\/helyezettek.pdf\">A helyezettek list\u00e1ja let\u00f6lthet\u0151 itt\u00bb<\/a> --><\/p>\n","protected":false},"excerpt":{"rendered":"<p>\u00a0Az els\u0151 fordul\u00f3 feladatai let\u00f6lthet\u0151ek az al\u00e1bbi linkekre val\u00f3 kattint\u00e1ssal: angol 7 angol 8 bil\u00f3gia 7 biol\u00f3gia 8 fizika 7 &hellip; <\/p>\n","protected":false},"author":1,"featured_media":0,"parent":0,"menu_order":0,"comment_status":"closed","ping_status":"closed","template":"","meta":{"ngg_post_thumbnail":0,"footnotes":""},"class_list":["post-2538","page","type-page","status-publish","hentry"],"_links":{"self":[{"href":"http:\/\/www.eklg.hu\/index.php\/wp-json\/wp\/v2\/pages\/2538","targetHints":{"allow":["GET"]}}],"collection":[{"href":"http:\/\/www.eklg.hu\/index.php\/wp-json\/wp\/v2\/pages"}],"about":[{"href":"http:\/\/www.eklg.hu\/index.php\/wp-json\/wp\/v2\/types\/page"}],"author":[{"embeddable":true,"href":"http:\/\/www.eklg.hu\/index.php\/wp-json\/wp\/v2\/users\/1"}],"replies":[{"embeddable":true,"href":"http:\/\/www.eklg.hu\/index.php\/wp-json\/wp\/v2\/comments?post=2538"}],"version-history":[{"count":27,"href":"http:\/\/www.eklg.hu\/index.php\/wp-json\/wp\/v2\/pages\/2538\/revisions"}],"predecessor-version":[{"id":4185,"href":"http:\/\/www.eklg.hu\/index.php\/wp-json\/wp\/v2\/pages\/2538\/revisions\/4185"}],"wp:attachment":[{"href":"http:\/\/www.eklg.hu\/index.php\/wp-json\/wp\/v2\/media?parent=2538"}],"curies":[{"name":"wp","href":"https:\/\/api.w.org\/{rel}","templated":true}]}}