{"id":2,"date":"2009-03-31T09:31:33","date_gmt":"2009-03-31T07:31:33","guid":{"rendered":"http:\/\/www.eklg.hu\/wp\/?page_id=2"},"modified":"2021-10-15T13:37:35","modified_gmt":"2021-10-15T11:37:35","slug":"magunkrol","status":"publish","type":"page","link":"http:\/\/www.eklg.hu\/index.php\/magunkrol\/","title":{"rendered":"Iskol\u00e1nkr\u00f3l"},"content":{"rendered":"<ul>\n<li><a href=\"http:\/\/www.eklg.hu\/index.php\/magunkrol\/alapdokumentumok\/\">Alapdokumentumok<\/a><\/li>\n<li><a href=\"http:\/\/www.eklg.hu\/index.php\/magunkrol\/hasznos-tudnivalok\/\"><span style=\"color: revert; font-size: revert; font-weight: revert;\">Hasznos tudnival\u00f3k<\/span><\/a><\/li>\n<li><a href=\"http:\/\/www.eklg.hu\/index.php\/magunkrol\/iskolank-nevadoja\/\">Iskol\u00e1nk n\u00e9vad\u00f3ja<\/a><\/li>\n<li><a href=\"http:\/\/www.eklg.hu\/index.php\/magunkrol\/iskolank-tortenete\/\">Iskol\u00e1nk t\u00f6rt\u00e9nete<\/a><\/li>\n<li><a href=\"http:\/\/www.eklg.hu\/index.php\/magunkrol\/kulonos-kozzeteteli-lista\/\">K\u00fcl\u00f6n\u00f6s k\u00f6zz\u00e9t\u00e9teli lista<\/a><\/li>\n<li><a href=\"http:\/\/www.eklg.hu\/index.php\/magunkrol\/tanaraink\/\">Dolgoz\u00f3ink<\/a><\/li>\n<li><a href=\"http:\/\/www.eklg.hu\/index.php\/tehetsegpont\/\">Tehets\u00e9gpont<\/a><\/li>\n<li><a href=\"http:\/\/www.eklg.hu\/index.php\/felvetelizoknek\/oregdiakjaink\/\">\u00d6regdi\u00e1kok<\/a><\/li>\n<\/ul>\n\n\n<p><\/p>\n","protected":false},"excerpt":{"rendered":"<p>Alapdokumentumok Hasznos tudnival\u00f3k Iskol\u00e1nk n\u00e9vad\u00f3ja Iskol\u00e1nk t\u00f6rt\u00e9nete K\u00fcl\u00f6n\u00f6s k\u00f6zz\u00e9t\u00e9teli lista Dolgoz\u00f3ink Tehets\u00e9gpont \u00d6regdi\u00e1kok<\/p>\n","protected":false},"author":5,"featured_media":0,"parent":0,"menu_order":5,"comment_status":"closed","ping_status":"closed","template":"","meta":{"ngg_post_thumbnail":0,"footnotes":""},"class_list":["post-2","page","type-page","status-publish","hentry"],"_links":{"self":[{"href":"http:\/\/www.eklg.hu\/index.php\/wp-json\/wp\/v2\/pages\/2","targetHints":{"allow":["GET"]}}],"collection":[{"href":"http:\/\/www.eklg.hu\/index.php\/wp-json\/wp\/v2\/pages"}],"about":[{"href":"http:\/\/www.eklg.hu\/index.php\/wp-json\/wp\/v2\/types\/page"}],"author":[{"embeddable":true,"href":"http:\/\/www.eklg.hu\/index.php\/wp-json\/wp\/v2\/users\/5"}],"replies":[{"embeddable":true,"href":"http:\/\/www.eklg.hu\/index.php\/wp-json\/wp\/v2\/comments?post=2"}],"version-history":[{"count":26,"href":"http:\/\/www.eklg.hu\/index.php\/wp-json\/wp\/v2\/pages\/2\/revisions"}],"predecessor-version":[{"id":5658,"href":"http:\/\/www.eklg.hu\/index.php\/wp-json\/wp\/v2\/pages\/2\/revisions\/5658"}],"wp:attachment":[{"href":"http:\/\/www.eklg.hu\/index.php\/wp-json\/wp\/v2\/media?parent=2"}],"curies":[{"name":"wp","href":"https:\/\/api.w.org\/{rel}","templated":true}]}}