{"id":1521,"date":"2012-02-15T10:36:28","date_gmt":"2012-02-15T08:36:28","guid":{"rendered":"http:\/\/www.eklg.hu\/?page_id=1521"},"modified":"2017-12-20T09:53:06","modified_gmt":"2017-12-20T09:53:06","slug":"tehetsegpont","status":"publish","type":"page","link":"http:\/\/www.eklg.hu\/index.php\/tehetsegpont\/","title":{"rendered":"Tehets\u00e9gpont"},"content":{"rendered":"<p>&nbsp;<\/p>\n<p style=\"text-align: center;\"><strong>NY\u00cdREGYH\u00c1ZI EVANG\u00c9LIKUS KOSSUTH LAJOS GIMN\u00c1ZIUM<br \/>\n<\/strong><strong>AKKREDIT\u00c1LT KIV\u00c1L\u00d3 TEHETS\u00c9GPONT<br \/>\n<\/strong><strong>T\u00e9rs\u00e9gi hat\u00f3k\u00f6r<\/strong><\/p>\n<p><img loading=\"lazy\" decoding=\"async\" class=\"aligncenter size-full wp-image-3896\" src=\"http:\/\/www.eklg.hu\/wp-content\/uploads\/2017\/12\/tehetsegpont1.jpg\" alt=\"\" width=\"343\" height=\"343\" srcset=\"http:\/\/www.eklg.hu\/wp-content\/uploads\/2017\/12\/tehetsegpont1.jpg 343w, http:\/\/www.eklg.hu\/wp-content\/uploads\/2017\/12\/tehetsegpont1-150x150.jpg 150w, http:\/\/www.eklg.hu\/wp-content\/uploads\/2017\/12\/tehetsegpont1-300x300.jpg 300w\" sizes=\"auto, (max-width: 343px) 100vw, 343px\" \/><\/p>\n<p style=\"text-align: center;\">2016. okt\u00f3ber 01-t\u0151l<\/p>\n<p style=\"text-align: center;\">Alap\u00edtva:<br \/>\n2011. m\u00e1jus 26-\u00e1n<\/p>\n<p style=\"text-align: center;\">A Magyar Tehets\u00e9gseg\u00edt\u0151 Szervezetek Sz\u00f6vets\u00e9ge honlapj\u00e1n:<\/p>\n<p style=\"text-align: center;\"><a href=\"http:\/\/tehetseg.hu\/tehetsegpont\/tp-120-002-438\"><strong>http:\/\/tehetseg.hu\/tehetsegpont\/tp-120-002-438<\/strong><\/a><\/p>\n<p style=\"text-align: center;\"><img loading=\"lazy\" decoding=\"async\" class=\"aligncenter size-full wp-image-3898\" src=\"http:\/\/www.eklg.hu\/wp-content\/uploads\/2017\/12\/tehetsegpont2.jpg\" alt=\"\" width=\"607\" height=\"835\" srcset=\"http:\/\/www.eklg.hu\/wp-content\/uploads\/2017\/12\/tehetsegpont2.jpg 607w, http:\/\/www.eklg.hu\/wp-content\/uploads\/2017\/12\/tehetsegpont2-218x300.jpg 218w, http:\/\/www.eklg.hu\/wp-content\/uploads\/2017\/12\/tehetsegpont2-109x150.jpg 109w\" sizes=\"auto, (max-width: 607px) 100vw, 607px\" \/><\/p>\n<p style=\"text-align: center;\"><strong>Tehets\u00e9gpont adatai:<\/strong><\/p>\n<p style=\"text-align: center;\"><span style=\"text-decoration: underline;\">Tehets\u00e9gpont neve:<\/span> Ny\u00edregyh\u00e1zi Evang\u00e9likus Kossuth Lajos Gimn\u00e1zium Tehets\u00e9gpontja<\/p>\n<p style=\"text-align: center;\"><span style=\"text-decoration: underline;\">Sz\u00e9khelye:<\/span> 4400 Ny\u00edregyh\u00e1za, Szent Istv\u00e1n u. 17-19.<\/p>\n<p style=\"text-align: center;\"><span style=\"text-decoration: underline;\">Felel\u0151s vezet\u0151:<\/span> Tar J\u00e1nosn\u00e9 igazgat\u00f3<\/p>\n<p style=\"text-align: center;\"><span style=\"text-decoration: underline;\">Szakmai vezet\u0151:<\/span> Kecskem\u00e9tin\u00e9 Szilv\u00e1si Zsuzsanna<\/p>\n<p style=\"text-align: center;\"><span style=\"text-decoration: underline;\">Operat\u00edv koordin\u00e1tor:<\/span> Pint\u00e9n\u00e9 Kosina Judit<\/p>\n","protected":false},"excerpt":{"rendered":"<p>&nbsp; NY\u00cdREGYH\u00c1ZI EVANG\u00c9LIKUS KOSSUTH LAJOS GIMN\u00c1ZIUM AKKREDIT\u00c1LT KIV\u00c1L\u00d3 TEHETS\u00c9GPONT T\u00e9rs\u00e9gi hat\u00f3k\u00f6r 2016. okt\u00f3ber 01-t\u0151l Alap\u00edtva: 2011. m\u00e1jus 26-\u00e1n A Magyar &hellip; <\/p>\n","protected":false},"author":1,"featured_media":0,"parent":0,"menu_order":0,"comment_status":"closed","ping_status":"closed","template":"","meta":{"ngg_post_thumbnail":0,"footnotes":""},"class_list":["post-1521","page","type-page","status-publish","hentry"],"_links":{"self":[{"href":"http:\/\/www.eklg.hu\/index.php\/wp-json\/wp\/v2\/pages\/1521","targetHints":{"allow":["GET"]}}],"collection":[{"href":"http:\/\/www.eklg.hu\/index.php\/wp-json\/wp\/v2\/pages"}],"about":[{"href":"http:\/\/www.eklg.hu\/index.php\/wp-json\/wp\/v2\/types\/page"}],"author":[{"embeddable":true,"href":"http:\/\/www.eklg.hu\/index.php\/wp-json\/wp\/v2\/users\/1"}],"replies":[{"embeddable":true,"href":"http:\/\/www.eklg.hu\/index.php\/wp-json\/wp\/v2\/comments?post=1521"}],"version-history":[{"count":11,"href":"http:\/\/www.eklg.hu\/index.php\/wp-json\/wp\/v2\/pages\/1521\/revisions"}],"predecessor-version":[{"id":3899,"href":"http:\/\/www.eklg.hu\/index.php\/wp-json\/wp\/v2\/pages\/1521\/revisions\/3899"}],"wp:attachment":[{"href":"http:\/\/www.eklg.hu\/index.php\/wp-json\/wp\/v2\/media?parent=1521"}],"curies":[{"name":"wp","href":"https:\/\/api.w.org\/{rel}","templated":true}]}}