{"id":10438,"date":"2025-02-17T08:52:17","date_gmt":"2025-02-17T07:52:17","guid":{"rendered":"http:\/\/www.eklg.hu\/?page_id=10438"},"modified":"2025-02-17T08:52:18","modified_gmt":"2025-02-17T07:52:18","slug":"osztalytalalkozok-arai","status":"publish","type":"page","link":"http:\/\/www.eklg.hu\/index.php\/magunkrol\/hasznos-tudnivalok\/osztalytalalkozok-arai\/","title":{"rendered":"Oszt\u00e1lytal\u00e1lkoz\u00f3k \u00e1rai"},"content":{"rendered":"\n<p>A termek\u00e9rt csak h\u00e9tv\u00e9g\u00e9n kell fizetni minden terem\u00e9rt 2 \u00f3r\u00e1nk\u00e9nt 10.000 forintot.<\/p>\n\n\n\n<p>H\u00e9tk\u00f6znap a termek ingyenesek.<\/p>\n","protected":false},"excerpt":{"rendered":"<p>A termek\u00e9rt csak h\u00e9tv\u00e9g\u00e9n kell fizetni minden terem\u00e9rt 2 \u00f3r\u00e1nk\u00e9nt 10.000 forintot. H\u00e9tk\u00f6znap a termek ingyenesek.<\/p>\n","protected":false},"author":1,"featured_media":0,"parent":57,"menu_order":0,"comment_status":"closed","ping_status":"closed","template":"","meta":{"ngg_post_thumbnail":0,"footnotes":""},"class_list":["post-10438","page","type-page","status-publish","hentry"],"_links":{"self":[{"href":"http:\/\/www.eklg.hu\/index.php\/wp-json\/wp\/v2\/pages\/10438","targetHints":{"allow":["GET"]}}],"collection":[{"href":"http:\/\/www.eklg.hu\/index.php\/wp-json\/wp\/v2\/pages"}],"about":[{"href":"http:\/\/www.eklg.hu\/index.php\/wp-json\/wp\/v2\/types\/page"}],"author":[{"embeddable":true,"href":"http:\/\/www.eklg.hu\/index.php\/wp-json\/wp\/v2\/users\/1"}],"replies":[{"embeddable":true,"href":"http:\/\/www.eklg.hu\/index.php\/wp-json\/wp\/v2\/comments?post=10438"}],"version-history":[{"count":1,"href":"http:\/\/www.eklg.hu\/index.php\/wp-json\/wp\/v2\/pages\/10438\/revisions"}],"predecessor-version":[{"id":10439,"href":"http:\/\/www.eklg.hu\/index.php\/wp-json\/wp\/v2\/pages\/10438\/revisions\/10439"}],"up":[{"embeddable":true,"href":"http:\/\/www.eklg.hu\/index.php\/wp-json\/wp\/v2\/pages\/57"}],"wp:attachment":[{"href":"http:\/\/www.eklg.hu\/index.php\/wp-json\/wp\/v2\/media?parent=10438"}],"curies":[{"name":"wp","href":"https:\/\/api.w.org\/{rel}","templated":true}]}}