{"id":10217,"date":"2025-01-08T12:56:38","date_gmt":"2025-01-08T11:56:38","guid":{"rendered":"http:\/\/www.eklg.hu\/?page_id=10217"},"modified":"2025-09-15T09:19:51","modified_gmt":"2025-09-15T07:19:51","slug":"tajekoztatas-az-irasbeli-felveteli-vizsgarol","status":"publish","type":"page","link":"http:\/\/www.eklg.hu\/index.php\/tajekoztatas-az-irasbeli-felveteli-vizsgarol\/","title":{"rendered":"T\u00e1j\u00e9koztat\u00e1s az \u00edr\u00e1sbeli felv\u00e9teli vizsg\u00e1r\u00f3l"},"content":{"rendered":"\n<h3 class=\"wp-block-heading\"><strong>A k\u00f6zponti \u00edr\u00e1sbeli felv\u00e9teli vizsg\u00e1k lebonyol\u00edt\u00e1sa<\/strong>\u00a0<strong>a Ny\u00edregyh\u00e1zi Evang\u00e9likus Kossuth Lajos Gimn\u00e1ziumban<\/strong><\/h3>\n\n\n\n<p><strong>Kedves Felv\u00e9teliz\u0151k!<\/strong><\/p>\n\n\n\n<p>Az al\u00e1bbiakban t\u00e1j\u00e9koztat\u00e1st ny\u00fajtunk a k\u00f6zponti felv\u00e9teli vizsg\u00e1val kapcsolatos legfontosabb tudnival\u00f3kr\u00f3l.<\/p>\n\n\n\n<ol class=\"wp-block-list\">\n<li>A k\u00f6zponti \u00edr\u00e1sbeli felv\u00e9teli vizsga id\u0151pontja:\u00a0<strong>2026. janu\u00e1r 24. (szombat) 10.00.<\/strong><\/li>\n\n\n\n<li>A felv\u00e9teliz\u0151k a f\u0151bej\u00e1raton kereszt\u00fcl \u00e9rkeznek az iskol\u00e1ba 9.40-ig.<\/li>\n\n\n\n<li>Hozz\u00e1tartoz\u00f3k a felv\u00e9teli ideje alatt nem tart\u00f3zkodhatnak az iskol\u00e1ban.<\/li>\n\n\n\n<li>A folyos\u00f3kon seg\u00edt\u0151 di\u00e1kok ir\u00e1ny\u00edtj\u00e1k a felv\u00e9teliz\u0151ket.<\/li>\n\n\n\n<li>A felv\u00e9teliz\u0151k azonos\u00edt\u00e1sa t\u00f6rt\u00e9nhet szem\u00e9lyi igazolv\u00e1ny vagy di\u00e1kigazolv\u00e1ny alapj\u00e1n. A beh\u00edv\u00f3 levelet a di\u00e1kok hozz\u00e1k magukkal, de nem szedj\u00fck be a tanul\u00f3kt\u00f3l.<\/li>\n\n\n\n<li>A felv\u00e9teliz\u0151k a mobiltelefonjaikat a tanteremben az arra kijel\u00f6lt helyre helyezik.<\/li>\n\n\n\n<li><strong>Az \u00edr\u00e1sbeli k\u00e9t r\u00e9szb\u0151l \u00e1ll:<\/strong><\/li>\n<\/ol>\n\n\n\n<p><strong>magyar<\/strong>: 10.00 \u2013 10.45 (t\u00f6bbletid\u0151 eset\u00e9n: 10.00 \u2013 10.59-ig)<br><strong>matematika<\/strong>: 11.00 \u2013 11.45 (t\u00f6bbletid\u0151 eset\u00e9n: 11.14 \u2013 12.13)<\/p>\n\n\n\n<p>A magyar nyelvi feladatlapok kit\u00f6lt\u00e9s\u00e9hez seg\u00e9deszk\u00f6z nem haszn\u00e1lhat\u00f3. A matematika feladatlapok kit\u00f6lt\u00e9s\u00e9hez rajzeszk\u00f6z\u00f6k\u00f6n k\u00edv\u00fcl (vonalz\u00f3, k\u00f6rz\u0151, sz\u00f6gm\u00e9r\u0151) m\u00e1s seg\u00e9deszk\u00f6z (pl.: sz\u00e1mol\u00f3g\u00e9p) nem haszn\u00e1lhat\u00f3.<\/p>\n\n\n\n<p>A k\u00fcl\u00f6nleges b\u00e1n\u00e1sm\u00f3dot ig\u00e9nyl\u0151 tanul\u00f3k sz\u00e1m\u00e1ra biztos\u00edtjuk a pedag\u00f3giai szakszolg\u00e1lat \u00e1ltal javasolt, igazgat\u00f3i hat\u00e1rozatban foglalt kedvezm\u00e9nyeket.<\/p>\n\n\n\n<h4 class=\"wp-block-heading\"><strong>Fontosabb id\u0151pontok<\/strong><\/h4>\n\n\n\n<p><strong>Megtekint\u00e9s:<\/strong><\/p>\n\n\n\n<p>2026. janu\u00e1r 30. (p\u00e9ntek) 8.00 \u2013 16.00 \u2013 a Ny\u00edregyh\u00e1zi Evang\u00e9likus Kossuth Lajos Gimn\u00e1zium 5-\u00f6s term\u00e9ben.<br>A megtekint\u00e9s sor\u00e1n a vizsg\u00e1z\u00f3 \u00e9s\/vagy sz\u00fcl\u0151je a ki\u00e9rt\u00e9kelt dolgozatokr\u00f3l elektronikus \u00faton m\u00e1solatot k\u00e9sz\u00edthet.<br>A vizsg\u00e1z\u00f3 \u00e9szrev\u00e9teleit a megtekint\u00e9st k\u00f6vet\u0151 els\u0151 munkanap v\u00e9g\u00e9ig, 2026. febru\u00e1r 03. (h\u00e9tf\u0151) 16.00 \u00f3r\u00e1ig \u00edr\u00e1sban adhatja le.<\/p>\n\n\n\n<p><strong>P\u00f3tl\u00f3 \u00edr\u00e1sbeli felv\u00e9teli vizsga:<\/strong><\/p>\n\n\n\n<p>2026. febru\u00e1r 03. (h\u00e9tf\u0151) 14.00<br>P\u00f3tl\u00f3 \u00edr\u00e1sbeli vizsg\u00e1k azok sz\u00e1m\u00e1ra szervezhet\u0151k, akik a janu\u00e1r 24-i vizsg\u00e1n alapos ok miatt nem tudtak r\u00e9szt venni \u00e9s ezt az iskola igazgat\u00f3j\u00e1n\u00e1l \u00edr\u00e1sban igazolj\u00e1k 2026. janu\u00e1r 24. (szombat) 10.00 \u00f3r\u00e1ig.<\/p>\n\n\n\n<p><strong>A tanul\u00f3k \u00e9rtes\u00edt\u00e9se a k\u00f6zponti \u00edr\u00e1sbeli vizsga eredm\u00e9ny\u00e9r\u0151l:<\/strong><\/p>\n\n\n\n<p>2026. febru\u00e1r 13-ig<\/p>\n\n\n\n<p><strong>Sz\u00f3beli felv\u00e9teli vizsga<\/strong>: 2026.03. 02 \u2013 03. 19.<\/p>\n\n\n\n<p>A sz\u00f3beli felv\u00e9teli vizsg\u00e1ra nem k\u00fcld\u00fcnk k\u00fcl\u00f6n beh\u00edv\u00f3t. A sz\u00f3beliz\u0151k beoszt\u00e1s\u00e1t febru\u00e1r 24-t\u0151l lehet megtekinteni az iskola honlapj\u00e1n.<br>Minden felv\u00e9teliz\u0151 di\u00e1knak sok sikert k\u00edv\u00e1nunk!<\/p>\n\n\n\n<p>Ny\u00edregyh\u00e1za, 2026. szeptember 15.<\/p>\n","protected":false},"excerpt":{"rendered":"<p>A k\u00f6zponti \u00edr\u00e1sbeli felv\u00e9teli vizsg\u00e1k lebonyol\u00edt\u00e1sa\u00a0a Ny\u00edregyh\u00e1zi Evang\u00e9likus Kossuth Lajos Gimn\u00e1ziumban Kedves Felv\u00e9teliz\u0151k! Az al\u00e1bbiakban t\u00e1j\u00e9koztat\u00e1st ny\u00fajtunk a k\u00f6zponti felv\u00e9teli &hellip; <\/p>\n","protected":false},"author":1,"featured_media":0,"parent":0,"menu_order":0,"comment_status":"closed","ping_status":"closed","template":"","meta":{"ngg_post_thumbnail":0,"footnotes":""},"class_list":["post-10217","page","type-page","status-publish","hentry"],"_links":{"self":[{"href":"http:\/\/www.eklg.hu\/index.php\/wp-json\/wp\/v2\/pages\/10217","targetHints":{"allow":["GET"]}}],"collection":[{"href":"http:\/\/www.eklg.hu\/index.php\/wp-json\/wp\/v2\/pages"}],"about":[{"href":"http:\/\/www.eklg.hu\/index.php\/wp-json\/wp\/v2\/types\/page"}],"author":[{"embeddable":true,"href":"http:\/\/www.eklg.hu\/index.php\/wp-json\/wp\/v2\/users\/1"}],"replies":[{"embeddable":true,"href":"http:\/\/www.eklg.hu\/index.php\/wp-json\/wp\/v2\/comments?post=10217"}],"version-history":[{"count":2,"href":"http:\/\/www.eklg.hu\/index.php\/wp-json\/wp\/v2\/pages\/10217\/revisions"}],"predecessor-version":[{"id":11652,"href":"http:\/\/www.eklg.hu\/index.php\/wp-json\/wp\/v2\/pages\/10217\/revisions\/11652"}],"wp:attachment":[{"href":"http:\/\/www.eklg.hu\/index.php\/wp-json\/wp\/v2\/media?parent=10217"}],"curies":[{"name":"wp","href":"https:\/\/api.w.org\/{rel}","templated":true}]}}