{"id":1018,"date":"2011-02-14T13:05:21","date_gmt":"2011-02-14T11:05:21","guid":{"rendered":"http:\/\/www.eklg.hu\/"},"modified":"2011-03-30T08:57:21","modified_gmt":"2011-03-30T06:57:21","slug":"nyolcosztalyos-versenyfeladatok","status":"publish","type":"page","link":"http:\/\/www.eklg.hu\/index.php\/nyolcosztalyos-versenyfeladatok\/","title":{"rendered":"Nyolcoszt\u00e1lyos versenyfeladatok"},"content":{"rendered":"<p>Angol:<\/p>\n<ul>\n<li><a href=\"http:\/\/www.eklg.hu\/dokumentumok\/2010_8oszt_verseny\/angol\/english_competition_level1.doc\">ENGLISH COMPETITION 2010 (multiple+READING) (level 1).doc<\/a><\/li>\n<li><a href=\"http:\/\/www.eklg.hu\/dokumentumok\/2010_8oszt_verseny\/angol\/english_competition_level2.doc\">ENGLISH COMPETITION (multiple+reading) (level 2).doc<\/a><\/li>\n<li><a href=\"http:\/\/www.eklg.hu\/dokumentumok\/2010_8oszt_verseny\/angol\/english_competition_level3.doc\">ENGLISH COMPETITION 2010 (multiple+reading) level 3.doc<\/a><\/li>\n<\/ul>\n<p><a href=\"http:\/\/www.eklg.hu\/dokumentumok\/2010_8oszt_verseny\/bibliaismeret\/versenyfeladatok.doc\">Bibliaismereti vet\u00e9lked\u0151<\/a><\/p>\n<p>Biol\u00f3gia<\/p>\n<ul>\n<li><a href=\"http:\/\/www.eklg.hu\/dokumentumok\/2010_8oszt_verseny\/biologia\/7-8.doc\">7 \u00e9s 8.oszt\u00e1ly.doc<\/a><\/li>\n<li><a href=\"http:\/\/www.eklg.hu\/dokumentumok\/2010_8oszt_verseny\/biologia\/9-10.doc\">9-10 \u00e9vf.doc<\/a><\/li>\n<li><a href=\"http:\/\/www.eklg.hu\/dokumentumok\/2010_8oszt_verseny\/biologia\/11-12.doc\">Versenyfeladatsor 11.12.doc<\/a><\/li>\n<\/ul>\n<p>Fizika<\/p>\n<p><a href=\"http:\/\/www.eklg.hu\/dokumentumok\/2010_8oszt_verseny\/fizika\/7fizika.doc\">7. oszt\u00e1lyos fizika.doc<\/a><\/p>\n<p>F\u00f6ldrajz<\/p>\n<ul>\n<li><a href=\"http:\/\/www.eklg.hu\/dokumentumok\/2010_8oszt_verseny\/foldrajz\/7.doc\">7. \u00e9vfolyam<\/a><\/li>\n<li><a href=\"http:\/\/www.eklg.hu\/dokumentumok\/2010_8oszt_verseny\/foldrajz\/9.doc\">9. \u00e9vfolyam<\/a><\/li>\n<li><a href=\"http:\/\/www.eklg.hu\/dokumentumok\/2010_8oszt_verseny\/foldrajz\/10.doc\">10. \u00e9vfolyam<\/a><\/li>\n<\/ul>\n<p><a href=\"http:\/\/www.eklg.hu\/dokumentumok\/2010_8oszt_verseny\/helyesiras\/helyesiras.zip\">Helyes\u00edr\u00e1s<\/a><\/p>\n<p>Informatika<\/p>\n<ul>\n<li><a href=\"http:\/\/www.eklg.hu\/dokumentumok\/2010_8oszt_verseny\/informatika\/feladat.zip\">feladat<\/a><\/li>\n<li><a href=\"http:\/\/www.eklg.hu\/dokumentumok\/2010_8oszt_verseny\/informatika\/forr\u00e1s.zip\">forr\u00e1s<\/a><\/li>\n<li><a href=\"http:\/\/www.eklg.hu\/dokumentumok\/2010_8oszt_verseny\/informatika\/teszt.zip\">teszt<\/a><\/li>\n<li><a href=\"http:\/\/www.eklg.hu\/dokumentumok\/2010_8oszt_verseny\/informatika\/verseny2.zip\">verseny 2<\/a><\/li>\n<\/ul>\n<p><a href=\"http:\/\/www.eklg.hu\/dokumentumok\/2010_8oszt_verseny\/kemia.zip\">K\u00e9mia<\/a><\/p>\n<p><a href=\"http:\/\/www.eklg.hu\/dokumentumok\/2010_8oszt_verseny\/matematika.zip\">Matematika<\/a><\/p>\n<p><a href=\"http:\/\/www.eklg.hu\/dokumentumok\/2010_8oszt_verseny\/muveltsegi_vetelkedo.zip\">M\u0171velts\u00e9gi vet\u00e9lked\u0151<\/a><\/p>\n<p><a href=\"http:\/\/www.eklg.hu\/dokumentumok\/2010_8oszt_verseny\/nemet.zip\">N\u00e9met<\/a><\/p>\n<p><a href=\"http:\/\/www.eklg.hu\/dokumentumok\/2010_8oszt_verseny\/szovegertes.zip\">Sz\u00f6veg\u00e9rt\u00e9s<\/a><\/p>\n<p><a href=\"http:\/\/www.eklg.hu\/dokumentumok\/2010_8oszt_verseny\/tortenelem.zip\">T\u00f6rt\u00e9nelem<\/a><\/p>\n","protected":false},"excerpt":{"rendered":"<p>Angol: ENGLISH COMPETITION 2010 (multiple+READING) (level 1).doc ENGLISH COMPETITION (multiple+reading) (level 2).doc ENGLISH COMPETITION 2010 (multiple+reading) level 3.doc Bibliaismereti vet\u00e9lked\u0151 &hellip; <\/p>\n","protected":false},"author":41,"featured_media":0,"parent":0,"menu_order":0,"comment_status":"open","ping_status":"open","template":"","meta":{"ngg_post_thumbnail":0,"footnotes":""},"class_list":["post-1018","page","type-page","status-publish","hentry"],"_links":{"self":[{"href":"http:\/\/www.eklg.hu\/index.php\/wp-json\/wp\/v2\/pages\/1018","targetHints":{"allow":["GET"]}}],"collection":[{"href":"http:\/\/www.eklg.hu\/index.php\/wp-json\/wp\/v2\/pages"}],"about":[{"href":"http:\/\/www.eklg.hu\/index.php\/wp-json\/wp\/v2\/types\/page"}],"author":[{"embeddable":true,"href":"http:\/\/www.eklg.hu\/index.php\/wp-json\/wp\/v2\/users\/41"}],"replies":[{"embeddable":true,"href":"http:\/\/www.eklg.hu\/index.php\/wp-json\/wp\/v2\/comments?post=1018"}],"version-history":[{"count":4,"href":"http:\/\/www.eklg.hu\/index.php\/wp-json\/wp\/v2\/pages\/1018\/revisions"}],"predecessor-version":[{"id":1112,"href":"http:\/\/www.eklg.hu\/index.php\/wp-json\/wp\/v2\/pages\/1018\/revisions\/1112"}],"wp:attachment":[{"href":"http:\/\/www.eklg.hu\/index.php\/wp-json\/wp\/v2\/media?parent=1018"}],"curies":[{"name":"wp","href":"https:\/\/api.w.org\/{rel}","templated":true}]}}